{"id":8,"date":"2026-02-01T20:31:24","date_gmt":"2026-02-01T19:31:24","guid":{"rendered":"https:\/\/etstoubal.com\/index.php\/panier\/"},"modified":"2026-04-13T23:40:51","modified_gmt":"2026-04-13T21:40:51","slug":"panier","status":"publish","type":"page","link":"https:\/\/etstoubal.com\/index.php\/panier\/","title":{"rendered":"Panier"},"content":{"rendered":"\n<div data-block-name=\"woocommerce\/cart\" class=\"wp-block-woocommerce-cart alignwide is-loading\">\n<div data-block-name=\"woocommerce\/filled-cart-block\" class=\"wp-block-woocommerce-filled-cart-block\">\n<div data-block-name=\"woocommerce\/cart-items-block\" class=\"wp-block-woocommerce-cart-items-block\">\n<div data-block-name=\"woocommerce\/cart-line-items-block\" class=\"wp-block-woocommerce-cart-line-items-block\"><\/div>\n\n\n<\/div>\n\n\n\n\n<div data-block-name=\"woocommerce\/cart-totals-block\" class=\"wp-block-woocommerce-cart-totals-block\">\n<div data-block-name=\"woocommerce\/cart-order-summary-block\" class=\"wp-block-woocommerce-cart-order-summary-block\">\n<div data-block-name=\"woocommerce\/cart-order-summary-heading-block\" class=\"wp-block-woocommerce-cart-order-summary-heading-block\"><\/div><div data-block-name=\"woocommerce\/cart-order-summary-coupon-form-block\" class=\"wp-block-woocommerce-cart-order-summary-coupon-form-block\"><\/div><div data-block-name=\"woocommerce\/cart-order-summary-totals-block\" class=\"wp-block-woocommerce-cart-order-summary-totals-block\">\n<div data-block-name=\"woocommerce\/cart-order-summary-subtotal-block\" class=\"wp-block-woocommerce-cart-order-summary-subtotal-block\"><\/div>\n<div data-block-name=\"woocommerce\/cart-order-summary-discount-block\" class=\"wp-block-woocommerce-cart-order-summary-discount-block\"><\/div>\n<div data-block-name=\"woocommerce\/cart-order-summary-fee-block\" class=\"wp-block-woocommerce-cart-order-summary-fee-block\"><\/div>\n<div data-block-name=\"woocommerce\/cart-order-summary-shipping-block\" class=\"wp-block-woocommerce-cart-order-summary-shipping-block\"><\/div>\n<div data-block-name=\"woocommerce\/cart-order-summary-taxes-block\" class=\"wp-block-woocommerce-cart-order-summary-taxes-block\"><\/div><\/div>\n<\/div>\n\n\n\n<div data-block-name=\"woocommerce\/cart-express-payment-block\" class=\"wp-block-woocommerce-cart-express-payment-block\"><\/div>\n\n\n\n<div data-block-name=\"woocommerce\/proceed-to-checkout-block\" class=\"wp-block-woocommerce-proceed-to-checkout-block\"><\/div>\n\n\n\n<div data-block-name=\"woocommerce\/cart-accepted-payment-methods-block\" class=\"wp-block-woocommerce-cart-accepted-payment-methods-block\"><\/div>\n<\/div>\n<\/div>\n\n\n\n<div data-block-name=\"woocommerce\/empty-cart-block\" class=\"wp-block-woocommerce-empty-cart-block\">\n<h2 class=\"wp-block-heading has-text-align-center with-empty-cart-icon wc-block-cart__empty-cart__title\">Votre panier est actuellement vide\u00a0!<\/h2>\n\n\n\n<hr class=\"wp-block-separator has-alpha-channel-opacity is-style-dots\"\/>\n\n\n\n<h2 class=\"wp-block-heading has-text-align-center\">Nouveau dans la boutique<\/h2>\n\n\n<div data-block-name=\"woocommerce\/product-new\" data-columns=\"4\" data-rows=\"1\" class=\"wc-block-grid wp-block-product-new wp-block-woocommerce-product-new wc-block-product-new has-4-columns\"><ul class=\"wc-block-grid__products\"><li class=\"wc-block-grid__product\">\n\t\t\t\t<a href=\"https:\/\/etstoubal.com\/index.php\/produit\/carte-electronique-de-commande-cristor-modele-922-0160716\/\" class=\"wc-block-grid__product-link\">\n\t\t\t\t\t\n\t\t\t\t\t<div class=\"wc-block-grid__product-image\"><img loading=\"lazy\" decoding=\"async\" width=\"300\" height=\"300\" src=\"https:\/\/etstoubal.com\/wp-content\/uploads\/2026\/05\/IMG20260503110445-300x300.jpg\" class=\"attachment-woocommerce_thumbnail size-woocommerce_thumbnail\" alt=\"Carte \u00c9lectronique de Commande CRISTOR \u2013 Mod\u00e8le 922 0160716\" srcset=\"https:\/\/etstoubal.com\/wp-content\/uploads\/2026\/05\/IMG20260503110445-300x300.jpg 300w, https:\/\/etstoubal.com\/wp-content\/uploads\/2026\/05\/IMG20260503110445-150x150.jpg 150w, https:\/\/etstoubal.com\/wp-content\/uploads\/2026\/05\/IMG20260503110445-512x512.jpg 512w, https:\/\/etstoubal.com\/wp-content\/uploads\/2026\/05\/IMG20260503110445-420x420.jpg 420w, https:\/\/etstoubal.com\/wp-content\/uploads\/2026\/05\/IMG20260503110445-75x75.jpg 75w, https:\/\/etstoubal.com\/wp-content\/uploads\/2026\/05\/IMG20260503110445-100x100.jpg 100w\" sizes=\"auto, (max-width: 300px) 100vw, 300px\" \/><\/div>\n\t\t\t\t\t<div class=\"wc-block-grid__product-title\">Carte \u00c9lectronique de Commande CRISTOR \u2013 Mod\u00e8le 922 0160716<\/div>\n\t\t\t\t<\/a>\n\t\t\t\t<div class=\"wc-block-grid__product-price price\"><span class=\"woocommerce-Price-amount amount\"><span class=\"woocommerce-Price-currencySymbol\">&#x62f;.&#x62c;<\/span>&nbsp;3.300,00<\/span><\/div>\n\t\t\t\t\n\t\t\t\t<div class=\"wp-block-button wc-block-grid__product-add-to-cart\"><a href=\"\/index.php\/wp-json\/wp\/v2\/pages\/8?add-to-cart=907\" aria-label=\"Ajouter au panier\u00a0: &ldquo;Carte \u00c9lectronique de Commande CRISTOR \u2013 Mod\u00e8le 922 0160716&rdquo;\" data-quantity=\"1\" data-product_id=\"907\" data-product_sku=\"\" data-price=\"3300\" rel=\"nofollow\" class=\"wp-block-button__link  add_to_cart_button ajax_add_to_cart\">Ajouter au panier<\/a><\/div>\n\t\t\t<\/li><li class=\"wc-block-grid__product\">\n\t\t\t\t<a href=\"https:\/\/etstoubal.com\/index.php\/produit\/carte-electronique-arcelik-beko-penta-g15_b03-module-de-puissance\/\" class=\"wc-block-grid__product-link\">\n\t\t\t\t\t\n\t\t\t\t\t<div class=\"wc-block-grid__product-image\"><img loading=\"lazy\" decoding=\"async\" width=\"300\" height=\"300\" src=\"https:\/\/etstoubal.com\/wp-content\/uploads\/2026\/05\/IMG20260503105942-300x300.jpg\" class=\"attachment-woocommerce_thumbnail size-woocommerce_thumbnail\" alt=\"Carte \u00c9lectronique Arcelik \/ Beko PENTA G15_B03 \u2013 Module de Puissance\" srcset=\"https:\/\/etstoubal.com\/wp-content\/uploads\/2026\/05\/IMG20260503105942-300x300.jpg 300w, https:\/\/etstoubal.com\/wp-content\/uploads\/2026\/05\/IMG20260503105942-150x150.jpg 150w, https:\/\/etstoubal.com\/wp-content\/uploads\/2026\/05\/IMG20260503105942-512x512.jpg 512w, https:\/\/etstoubal.com\/wp-content\/uploads\/2026\/05\/IMG20260503105942-420x420.jpg 420w, https:\/\/etstoubal.com\/wp-content\/uploads\/2026\/05\/IMG20260503105942-75x75.jpg 75w, https:\/\/etstoubal.com\/wp-content\/uploads\/2026\/05\/IMG20260503105942-100x100.jpg 100w\" sizes=\"auto, (max-width: 300px) 100vw, 300px\" \/><\/div>\n\t\t\t\t\t<div class=\"wc-block-grid__product-title\">Carte \u00c9lectronique Arcelik \/ Beko PENTA G15_B03 \u2013 Module de Puissance<\/div>\n\t\t\t\t<\/a>\n\t\t\t\t<div class=\"wc-block-grid__product-price price\"><span class=\"woocommerce-Price-amount amount\"><span class=\"woocommerce-Price-currencySymbol\">&#x62f;.&#x62c;<\/span>&nbsp;4.100,00<\/span><\/div>\n\t\t\t\t\n\t\t\t\t<div class=\"wp-block-button wc-block-grid__product-add-to-cart\"><a href=\"\/index.php\/wp-json\/wp\/v2\/pages\/8?add-to-cart=900\" aria-label=\"Ajouter au panier\u00a0: &ldquo;Carte \u00c9lectronique Arcelik \/ Beko PENTA G15_B03 \u2013 Module de Puissance&rdquo;\" data-quantity=\"1\" data-product_id=\"900\" data-product_sku=\"\" data-price=\"4100\" rel=\"nofollow\" class=\"wp-block-button__link  add_to_cart_button ajax_add_to_cart\">Ajouter au panier<\/a><\/div>\n\t\t\t<\/li><li class=\"wc-block-grid__product\">\n\t\t\t\t<a href=\"https:\/\/etstoubal.com\/index.php\/produit\/carte-mere-condor\/\" class=\"wc-block-grid__product-link\">\n\t\t\t\t\t\n\t\t\t\t\t<div class=\"wc-block-grid__product-image\"><img loading=\"lazy\" decoding=\"async\" width=\"300\" height=\"300\" src=\"https:\/\/etstoubal.com\/wp-content\/uploads\/2026\/05\/JPEG_20260503_095228_9212090772545314361-300x300.jpg\" class=\"attachment-woocommerce_thumbnail size-woocommerce_thumbnail\" alt=\"Platine d&#039;affichage et de commande Frigo Beko\/condor\/Blomberg\/Grundig     \u2013 Fonctions Fridge\/Freezer\" srcset=\"https:\/\/etstoubal.com\/wp-content\/uploads\/2026\/05\/JPEG_20260503_095228_9212090772545314361-300x300.jpg 300w, https:\/\/etstoubal.com\/wp-content\/uploads\/2026\/05\/JPEG_20260503_095228_9212090772545314361-150x150.jpg 150w, https:\/\/etstoubal.com\/wp-content\/uploads\/2026\/05\/JPEG_20260503_095228_9212090772545314361-512x512.jpg 512w, https:\/\/etstoubal.com\/wp-content\/uploads\/2026\/05\/JPEG_20260503_095228_9212090772545314361-420x420.jpg 420w, https:\/\/etstoubal.com\/wp-content\/uploads\/2026\/05\/JPEG_20260503_095228_9212090772545314361-75x75.jpg 75w, https:\/\/etstoubal.com\/wp-content\/uploads\/2026\/05\/JPEG_20260503_095228_9212090772545314361-100x100.jpg 100w\" sizes=\"auto, (max-width: 300px) 100vw, 300px\" \/><\/div>\n\t\t\t\t\t<div class=\"wc-block-grid__product-title\">Platine d&rsquo;affichage et de commande Frigo Beko\/condor\/Blomberg\/Grundig     \u2013 Fonctions Fridge\/Freezer<\/div>\n\t\t\t\t<\/a>\n\t\t\t\t<div class=\"wc-block-grid__product-price price\"><span class=\"woocommerce-Price-amount amount\"><span class=\"woocommerce-Price-currencySymbol\">&#x62f;.&#x62c;<\/span>&nbsp;2.100,00<\/span><\/div>\n\t\t\t\t\n\t\t\t\t<div class=\"wp-block-button wc-block-grid__product-add-to-cart\"><a href=\"\/index.php\/wp-json\/wp\/v2\/pages\/8?add-to-cart=895\" aria-label=\"Ajouter au panier\u00a0: &ldquo;Platine d&#039;affichage et de commande Frigo Beko\/condor\/Blomberg\/Grundig     \u2013 Fonctions Fridge\/Freezer&rdquo;\" data-quantity=\"1\" data-product_id=\"895\" data-product_sku=\"\" data-price=\"2100\" rel=\"nofollow\" class=\"wp-block-button__link  add_to_cart_button ajax_add_to_cart\">Ajouter au panier<\/a><\/div>\n\t\t\t<\/li><li class=\"wc-block-grid__product\">\n\t\t\t\t<a href=\"https:\/\/etstoubal.com\/index.php\/produit\/carte-mere-refrigerateur-brand-iris-media-condor-hisense-modele-bcd480e-kz-v03\/\" class=\"wc-block-grid__product-link\">\n\t\t\t\t\t\n\t\t\t\t\t<div class=\"wc-block-grid__product-image\"><img loading=\"lazy\" decoding=\"async\" width=\"300\" height=\"300\" src=\"https:\/\/etstoubal.com\/wp-content\/uploads\/2026\/05\/1000010236-300x300.jpg\" class=\"attachment-woocommerce_thumbnail size-woocommerce_thumbnail\" alt=\"Carte M\u00e8re R\u00e9frig\u00e9rateur Brand * IRIS* MIDEA* CONDOR * HISENSE \u2013 Mod\u00e8le BCD480E-KZ-V03\" srcset=\"https:\/\/etstoubal.com\/wp-content\/uploads\/2026\/05\/1000010236-300x300.jpg 300w, https:\/\/etstoubal.com\/wp-content\/uploads\/2026\/05\/1000010236-150x150.jpg 150w, https:\/\/etstoubal.com\/wp-content\/uploads\/2026\/05\/1000010236-512x512.jpg 512w, https:\/\/etstoubal.com\/wp-content\/uploads\/2026\/05\/1000010236-420x420.jpg 420w, https:\/\/etstoubal.com\/wp-content\/uploads\/2026\/05\/1000010236-75x75.jpg 75w, https:\/\/etstoubal.com\/wp-content\/uploads\/2026\/05\/1000010236-100x100.jpg 100w\" sizes=\"auto, (max-width: 300px) 100vw, 300px\" \/><\/div>\n\t\t\t\t\t<div class=\"wc-block-grid__product-title\">Carte M\u00e8re R\u00e9frig\u00e9rateur Brand * IRIS* MIDEA* CONDOR * HISENSE \u2013 Mod\u00e8le BCD480E-KZ-V03<\/div>\n\t\t\t\t<\/a>\n\t\t\t\t<div class=\"wc-block-grid__product-price price\"><span class=\"woocommerce-Price-amount amount\"><span class=\"woocommerce-Price-currencySymbol\">&#x62f;.&#x62c;<\/span>&nbsp;4.100,00<\/span><\/div>\n\t\t\t\t\n\t\t\t\t<div class=\"wp-block-button wc-block-grid__product-add-to-cart\"><a href=\"\/index.php\/wp-json\/wp\/v2\/pages\/8?add-to-cart=890\" aria-label=\"Ajouter au panier\u00a0: &ldquo;Carte M\u00e8re R\u00e9frig\u00e9rateur Brand * IRIS* MIDEA* CONDOR * HISENSE \u2013 Mod\u00e8le BCD480E-KZ-V03&rdquo;\" data-quantity=\"1\" data-product_id=\"890\" data-product_sku=\"\" data-price=\"4100\" rel=\"nofollow\" class=\"wp-block-button__link  add_to_cart_button ajax_add_to_cart\">Ajouter au panier<\/a><\/div>\n\t\t\t<\/li><\/ul><\/div><\/div>\n<\/div>\n","protected":false},"excerpt":{"rendered":"","protected":false},"author":1,"featured_media":0,"parent":0,"menu_order":0,"comment_status":"closed","ping_status":"closed","template":"","meta":{"advanced_seo_description":"","jetpack_seo_html_title":"","jetpack_seo_noindex":false,"footnotes":""},"class_list":["post-8","page","type-page","status-publish","hentry"],"jetpack_sharing_enabled":true,"_links":{"self":[{"href":"https:\/\/etstoubal.com\/index.php\/wp-json\/wp\/v2\/pages\/8","targetHints":{"allow":["GET"]}}],"collection":[{"href":"https:\/\/etstoubal.com\/index.php\/wp-json\/wp\/v2\/pages"}],"about":[{"href":"https:\/\/etstoubal.com\/index.php\/wp-json\/wp\/v2\/types\/page"}],"author":[{"embeddable":true,"href":"https:\/\/etstoubal.com\/index.php\/wp-json\/wp\/v2\/users\/1"}],"replies":[{"embeddable":true,"href":"https:\/\/etstoubal.com\/index.php\/wp-json\/wp\/v2\/comments?post=8"}],"version-history":[{"count":1,"href":"https:\/\/etstoubal.com\/index.php\/wp-json\/wp\/v2\/pages\/8\/revisions"}],"predecessor-version":[{"id":60,"href":"https:\/\/etstoubal.com\/index.php\/wp-json\/wp\/v2\/pages\/8\/revisions\/60"}],"wp:attachment":[{"href":"https:\/\/etstoubal.com\/index.php\/wp-json\/wp\/v2\/media?parent=8"}],"curies":[{"name":"wp","href":"https:\/\/api.w.org\/{rel}","templated":true}]}}