{"id":1067,"date":"2026-05-10T13:41:32","date_gmt":"2026-05-10T11:41:32","guid":{"rendered":"https:\/\/etstoubal.com\/?post_type=product&#038;p=1067"},"modified":"2026-05-13T17:04:37","modified_gmt":"2026-05-13T15:04:37","slug":"gaz-refrigerant-r134a-bouteille-de-820g","status":"publish","type":"product","link":"https:\/\/etstoubal.com\/index.php\/produit\/gaz-refrigerant-r134a-bouteille-de-820g\/","title":{"rendered":"Gaz R\u00e9frig\u00e9rant R134a \u2013 Bouteille de 820g"},"content":{"rendered":"<ul class=\"KsbFXc U6u95\" data-sfc-root=\"c\" data-sfc-cb=\"\" data-complete=\"true\" data-processed=\"true\" data-copy-service-computed-style=\"font-family: &quot;Google Sans&quot;, Arial, sans-serif; font-size: 16px; font-weight: 400; margin: 12px 0px; text-decoration: none; border-bottom: 0px rgb(10, 10, 10);\">\n<li style=\"list-style-type: none;\">\n<ul class=\"KsbFXc U6u95\" data-sfc-root=\"c\" data-sfc-cb=\"\" data-complete=\"true\" data-processed=\"true\" data-copy-service-computed-style=\"font-family: &quot;Google Sans&quot;, Arial, sans-serif; font-size: 16px; font-weight: 400; margin: 12px 0px; text-decoration: none; border-bottom: 0px rgb(10, 10, 10);\">\n<li class=\"Z1qcYe\" data-sfc-cp=\"\" data-sfc-root=\"c\" data-sfc-cb=\"\" data-hveid=\"CAEIBxAA\" data-complete=\"true\" data-sae=\"\" data-copy-service-computed-style=\"font-family: &quot;Google Sans&quot;, Arial, sans-serif; font-size: 16px; font-weight: 400; margin: 0px 0px 8px; text-decoration: none; border-bottom: 0px rgb(10, 10, 10);\"><span class=\"T286Pc\" data-sfc-cp=\"\" data-sfc-root=\"c\" data-sfc-cb=\"\" data-complete=\"true\" data-copy-service-computed-style=\"font-family: &quot;Google Sans&quot;, Arial, sans-serif; font-size: 16px; font-weight: 400; margin: 0px; text-decoration: none; border-bottom: 0px rgb(10, 10, 10);\"><strong class=\"Yjhzub\" data-sfc-root=\"c\" data-sfc-cb=\"\" data-complete=\"true\" data-copy-service-computed-style=\"font-family: &quot;Google Sans&quot;, Arial, sans-serif; font-size: 16px; font-weight: 600; margin: 0px; text-decoration: none; border-bottom: 0px rgb(10, 10, 10);\">Puret\u00e9 Maximale (99.9%)<!--TgQPHd|[]--><\/strong> : Garantit un fonctionnement optimal du compresseur et pr\u00e9vient la formation d&rsquo;acide dans le circuit.<!--TgQPHd|[]--><\/span><!--TgQPHd|[]--><\/li>\n<li class=\"Z1qcYe\" data-sfc-cp=\"\" data-sfc-root=\"c\" data-sfc-cb=\"\" data-hveid=\"CAEIBxAB\" data-complete=\"true\" data-sae=\"\" data-copy-service-computed-style=\"font-family: &quot;Google Sans&quot;, Arial, sans-serif; font-size: 16px; font-weight: 400; margin: 0px 0px 8px; text-decoration: none; border-bottom: 0px rgb(10, 10, 10);\"><span class=\"T286Pc\" data-sfc-cp=\"\" data-sfc-root=\"c\" data-sfc-cb=\"\" data-complete=\"true\" data-copy-service-computed-style=\"font-family: &quot;Google Sans&quot;, Arial, sans-serif; font-size: 16px; font-weight: 400; margin: 0px; text-decoration: none; border-bottom: 0px rgb(10, 10, 10);\"><strong class=\"Yjhzub\" data-sfc-root=\"c\" data-sfc-cb=\"\" data-complete=\"true\" data-copy-service-computed-style=\"font-family: &quot;Google Sans&quot;, Arial, sans-serif; font-size: 16px; font-weight: 600; margin: 0px; text-decoration: none; border-bottom: 0px rgb(10, 10, 10);\">Format Pratique (820g)<!--TgQPHd|[]--><\/strong> : Suffisant pour recharger enti\u00e8rement un r\u00e9frig\u00e9rateur domestique ou faire l&rsquo;appoint sur un v\u00e9hicule.<!--TgQPHd|[]--><\/span><!--TgQPHd|[]--><\/li>\n<li class=\"Z1qcYe\" data-sfc-cp=\"\" data-sfc-root=\"c\" data-sfc-cb=\"\" data-hveid=\"CAEIBxAC\" data-complete=\"true\" data-sae=\"\" data-copy-service-computed-style=\"font-family: &quot;Google Sans&quot;, Arial, sans-serif; font-size: 16px; font-weight: 400; margin: 0px 0px 8px; text-decoration: none; border-bottom: 0px rgb(10, 10, 10);\"><span class=\"T286Pc\" data-sfc-cp=\"\" data-sfc-root=\"c\" data-sfc-cb=\"\" data-complete=\"true\" data-copy-service-computed-style=\"font-family: &quot;Google Sans&quot;, Arial, sans-serif; font-size: 16px; font-weight: 400; margin: 0px; text-decoration: none; border-bottom: 0px rgb(10, 10, 10);\"><strong class=\"Yjhzub\" data-sfc-root=\"c\" data-sfc-cb=\"\" data-complete=\"true\" data-copy-service-computed-style=\"font-family: &quot;Google Sans&quot;, Arial, sans-serif; font-size: 16px; font-weight: 600; margin: 0px; text-decoration: none; border-bottom: 0px rgb(10, 10, 10);\">Polyvalence Totale<!--TgQPHd|[]--><\/strong> : Compatible avec une large gamme d&rsquo;\u00e9quipements : frigos, cong\u00e9lateurs, fontaines d&rsquo;eau et clim auto (R134a).<!--TgQPHd|[]--><\/span><!--TgQPHd|[]--><\/li>\n<li class=\"Z1qcYe\" data-sfc-cp=\"\" data-sfc-root=\"c\" data-sfc-cb=\"\" data-hveid=\"CAEIBxAD\" data-complete=\"true\" data-sae=\"\" data-copy-service-computed-style=\"font-family: &quot;Google Sans&quot;, Arial, sans-serif; font-size: 16px; font-weight: 400; margin: 0px 0px 8px; text-decoration: none; border-bottom: 0px rgb(10, 10, 10);\"><span class=\"T286Pc\" data-sfc-cp=\"\" data-sfc-root=\"c\" data-sfc-cb=\"\" data-complete=\"true\" data-copy-service-computed-style=\"font-family: &quot;Google Sans&quot;, Arial, sans-serif; font-size: 16px; font-weight: 400; margin: 0px; text-decoration: none; border-bottom: 0px rgb(10, 10, 10);\"><strong class=\"Yjhzub\" data-sfc-root=\"c\" data-sfc-cb=\"\" data-complete=\"true\" data-copy-service-computed-style=\"font-family: &quot;Google Sans&quot;, Arial, sans-serif; font-size: 16px; font-weight: 600; margin: 0px; text-decoration: none; border-bottom: 0px rgb(10, 10, 10);\">Haute Stabilit\u00e9<!--TgQPHd|[]--><\/strong> : Gaz non inflammable et non toxique, offrant une s\u00e9curit\u00e9 accrue lors de la manipulation.<!--TgQPHd|[]--><\/span><!--TgQPHd|[]--><\/li>\n<\/ul>\n<\/li>\n<\/ul>\n<p><!--TgQPHd|[]--><\/p>\n<div class=\"Fsg96\" data-sfc-cp=\"\" data-sfc-root=\"c\" data-sfc-cb=\"\" data-complete=\"true\" data-processed=\"true\" data-copy-service-computed-style=\"font-family: &quot;Google Sans&quot;, Arial, sans-serif; font-size: 14px; font-weight: 400; margin: 0px; text-decoration: none; border-bottom: 0px rgb(10, 10, 10);\"><!--TgQPHd|[]--><\/div>\n<div class=\"otQkpb\" role=\"heading\" aria-level=\"3\" data-animation-nesting=\"\" data-sfc-cp=\"\" data-sfc-root=\"c\" data-sfc-cb=\"\" data-complete=\"true\" data-processed=\"true\" data-sae=\"\" data-copy-service-computed-style=\"font-family: &quot;Google Sans&quot;, Arial, sans-serif; font-size: 22px; font-weight: 600; margin: 36px 0px 12px; text-decoration: none; border-bottom: 0px rgb(10, 10, 10);\"><!--TgQPHd|[]--><\/div>\n<ul class=\"KsbFXc U6u95\" data-sfc-root=\"c\" data-sfc-cb=\"\" data-complete=\"true\" data-processed=\"true\" data-copy-service-computed-style=\"font-family: &quot;Google Sans&quot;, Arial, sans-serif; font-size: 16px; font-weight: 400; margin: 12px 0px; text-decoration: none; border-bottom: 0px rgb(10, 10, 10);\">\n<li class=\"Z1qcYe\" data-sfc-cp=\"\" data-sfc-root=\"c\" data-sfc-cb=\"\" data-hveid=\"CAEIChAA\" data-complete=\"true\" data-sae=\"\" data-copy-service-computed-style=\"font-family: &quot;Google Sans&quot;, Arial, sans-serif; font-size: 16px; font-weight: 400; margin: 0px 0px 8px; text-decoration: none; border-bottom: 0px rgb(10, 10, 10);\"><span class=\"T286Pc\" data-sfc-cp=\"\" data-sfc-root=\"c\" data-sfc-cb=\"\" data-complete=\"true\" data-copy-service-computed-style=\"font-family: &quot;Google Sans&quot;, Arial, sans-serif; font-size: 16px; font-weight: 400; margin: 0px; text-decoration: none; border-bottom: 0px rgb(10, 10, 10);\"><strong class=\"Yjhzub\" data-sfc-root=\"c\" data-sfc-cb=\"\" data-complete=\"true\" data-copy-service-computed-style=\"font-family: &quot;Google Sans&quot;, Arial, sans-serif; font-size: 16px; font-weight: 600; margin: 0px; text-decoration: none; border-bottom: 0px rgb(10, 10, 10);\">Type de gaz<!--TgQPHd|[]--><\/strong> : R134a (1,1,1,2-Tetrafluoroethane).<!--TgQPHd|[]--><\/span><!--TgQPHd|[]--><\/li>\n<li class=\"Z1qcYe\" data-sfc-cp=\"\" data-sfc-root=\"c\" data-sfc-cb=\"\" data-hveid=\"CAEIChAB\" data-complete=\"true\" data-sae=\"\" data-copy-service-computed-style=\"font-family: &quot;Google Sans&quot;, Arial, sans-serif; font-size: 16px; font-weight: 400; margin: 0px 0px 8px; text-decoration: none; border-bottom: 0px rgb(10, 10, 10);\"><span class=\"T286Pc\" data-sfc-cp=\"\" data-sfc-root=\"c\" data-sfc-cb=\"\" data-complete=\"true\" data-copy-service-computed-style=\"font-family: &quot;Google Sans&quot;, Arial, sans-serif; font-size: 16px; font-weight: 400; margin: 0px; text-decoration: none; border-bottom: 0px rgb(10, 10, 10);\"><strong class=\"Yjhzub\" data-sfc-root=\"c\" data-sfc-cb=\"\" data-complete=\"true\" data-copy-service-computed-style=\"font-family: &quot;Google Sans&quot;, Arial, sans-serif; font-size: 16px; font-weight: 600; margin: 0px; text-decoration: none; border-bottom: 0px rgb(10, 10, 10);\">Poids Net<!--TgQPHd|[]--><\/strong> : 820g.<!--TgQPHd|[]--><\/span><!--TgQPHd|[]--><\/li>\n<li class=\"Z1qcYe\" data-sfc-cp=\"\" data-sfc-root=\"c\" data-sfc-cb=\"\" data-hveid=\"CAEIChAC\" data-complete=\"true\" data-sae=\"\" data-copy-service-computed-style=\"font-family: &quot;Google Sans&quot;, Arial, sans-serif; font-size: 16px; font-weight: 400; margin: 0px 0px 8px; text-decoration: none; border-bottom: 0px rgb(10, 10, 10);\"><span class=\"T286Pc\" data-sfc-cp=\"\" data-sfc-root=\"c\" data-sfc-cb=\"\" data-complete=\"true\" data-copy-service-computed-style=\"font-family: &quot;Google Sans&quot;, Arial, sans-serif; font-size: 16px; font-weight: 400; margin: 0px; text-decoration: none; border-bottom: 0px rgb(10, 10, 10);\"><strong class=\"Yjhzub\" data-sfc-root=\"c\" data-sfc-cb=\"\" data-complete=\"true\" data-copy-service-computed-style=\"font-family: &quot;Google Sans&quot;, Arial, sans-serif; font-size: 16px; font-weight: 600; margin: 0px; text-decoration: none; border-bottom: 0px rgb(10, 10, 10);\">Puret\u00e9<!--TgQPHd|[]--><\/strong> : \u2265 99.9%.<!--TgQPHd|[]--><\/span><!--TgQPHd|[]--><\/li>\n<li class=\"Z1qcYe\" data-sfc-cp=\"\" data-sfc-root=\"c\" data-sfc-cb=\"\" data-hveid=\"CAEIChAD\" data-complete=\"true\" data-sae=\"\" data-copy-service-computed-style=\"font-family: &quot;Google Sans&quot;, Arial, sans-serif; font-size: 16px; font-weight: 400; margin: 0px 0px 8px; text-decoration: none; border-bottom: 0px rgb(10, 10, 10);\"><span class=\"T286Pc\" data-sfc-cp=\"\" data-sfc-root=\"c\" data-sfc-cb=\"\" data-complete=\"true\" data-copy-service-computed-style=\"font-family: &quot;Google Sans&quot;, Arial, sans-serif; font-size: 16px; font-weight: 400; margin: 0px; text-decoration: none; border-bottom: 0px rgb(10, 10, 10);\"><strong class=\"Yjhzub\" data-sfc-root=\"c\" data-sfc-cb=\"\" data-complete=\"true\" data-copy-service-computed-style=\"font-family: &quot;Google Sans&quot;, Arial, sans-serif; font-size: 16px; font-weight: 600; margin: 0px; text-decoration: none; border-bottom: 0px rgb(10, 10, 10);\">Identification<!--TgQPHd|[]--><\/strong> : CAS NO. 811-97-2 \/ UN 3159.<!--TgQPHd|[]--><\/span><!--TgQPHd|[]--><\/li>\n<li class=\"Z1qcYe\" data-sfc-cp=\"\" data-sfc-root=\"c\" data-sfc-cb=\"\" data-hveid=\"CAEIChAE\" data-complete=\"true\" data-sae=\"\" data-copy-service-computed-style=\"font-family: &quot;Google Sans&quot;, Arial, sans-serif; font-size: 16px; font-weight: 400; margin: 0px 0px 8px; text-decoration: none; border-bottom: 0px rgb(10, 10, 10);\"><span class=\"T286Pc\" data-sfc-cp=\"\" data-sfc-root=\"c\" data-sfc-cb=\"\" data-complete=\"true\" aria-owns=\"action-menu-parent-container\" data-copy-service-computed-style=\"font-family: &quot;Google Sans&quot;, Arial, sans-serif; font-size: 16px; font-weight: 400; margin: 0px; text-decoration: none; border-bottom: 0px rgb(10, 10, 10);\"><strong class=\"Yjhzub\" data-sfc-root=\"c\" data-sfc-cb=\"\" data-complete=\"true\" data-copy-service-computed-style=\"font-family: &quot;Google Sans&quot;, Arial, sans-serif; font-size: 16px; font-weight: 600; margin: 0px; text-decoration: none; border-bottom: 0px rgb(10, 10, 10);\">Classe de gaz<!--TgQPHd|[]--><\/strong> : Gaz non inflammable (\u00c9tiquette verte).<\/span><\/li>\n<\/ul>\n","protected":false},"excerpt":{"rendered":"<p><em><strong>Gaz R\u00e9frig\u00e9rant R134a \u2013 Bouteille de 820g (Puret\u00e9 \u2265 99.9%)<\/strong><\/em><\/p>\n<ul class=\"KsbFXc U6u95\" data-sfc-root=\"c\" data-sfc-cb=\"\" data-complete=\"true\" data-processed=\"true\" data-copy-service-computed-style=\"font-family: &quot;Google Sans&quot;, Arial, sans-serif; font-size: 16px; font-weight: 400; margin: 12px 0px; text-decoration: none; border-bottom: 0px rgb(10, 10, 10);\">\n<li style=\"list-style-type: none;\">\n<ul class=\"KsbFXc U6u95\" data-sfc-root=\"c\" data-sfc-cb=\"\" data-complete=\"true\" data-processed=\"true\" data-copy-service-computed-style=\"font-family: &quot;Google Sans&quot;, Arial, sans-serif; font-size: 16px; font-weight: 400; margin: 12px 0px; text-decoration: none; border-bottom: 0px rgb(10, 10, 10);\">\n<li class=\"Z1qcYe\" data-sfc-cp=\"\" data-sfc-root=\"c\" data-sfc-cb=\"\" data-hveid=\"CAEIBBAB\" data-complete=\"true\" data-sae=\"\" data-copy-service-computed-style=\"font-family: &quot;Google Sans&quot;, Arial, sans-serif; font-size: 16px; font-weight: 400; margin: 0px 0px 8px; text-decoration: none; border-bottom: 0px rgb(10, 10, 10);\"><span class=\"T286Pc\" data-sfc-cp=\"\" data-sfc-root=\"c\" data-sfc-cb=\"\" data-complete=\"true\" data-copy-service-computed-style=\"font-family: &quot;Google Sans&quot;, Arial, sans-serif; font-size: 16px; font-weight: 400; margin: 0px; text-decoration: none; border-bottom: 0px rgb(10, 10, 10);\"><em><strong>Le fluide de haute qualit\u00e9 pour la recharge de vos r\u00e9frig\u00e9rateurs et climatisations automobiles.<\/strong><\/em><!--TgQPHd|[]--><\/span><!--TgQPHd|[]--><\/li>\n<\/ul>\n<\/li>\n<\/ul>\n<p><!--TgQPHd|[]--><\/p>\n<blockquote class=\"lQkWXb\" data-animation-nesting=\"\" data-sfc-root=\"c\" data-sfc-cb=\"\" data-complete=\"true\" data-processed=\"true\" data-sae=\"\" data-copy-service-computed-style=\"font-family: &quot;Google Sans&quot;, Arial, sans-serif; font-size: 14px; font-weight: 400; margin: 36px 40px; text-decoration: none; border-bottom: 0px rgb(10, 10, 10);\">\n<div class=\"n6owBd awi2gc\" data-sfc-cp=\"\" data-sfc-root=\"c\" data-sfc-cb=\"\" data-hveid=\"CAEIDhAB\" data-complete=\"true\" data-copy-service-computed-style=\"font-family: &quot;Google Sans&quot;, Arial, sans-serif; font-size: 16px; font-weight: 400; margin: 0px; text-decoration: none; border-bottom: 0px rgb(10, 10, 10);\"><strong class=\"Yjhzub\" data-sfc-root=\"c\" data-sfc-cb=\"\" data-complete=\"true\" data-copy-service-computed-style=\"font-family: &quot;Google Sans&quot;, Arial, sans-serif; font-size: 16px; font-weight: 600; margin: 0px; text-decoration: none; border-bottom: 0px rgb(10, 10, 10);\">\u00ab\u00a0L&rsquo;astuce technique :<!--TgQPHd|[]--><\/strong> Le R134a est tr\u00e8s sensible \u00e0 l&rsquo;humidit\u00e9. Avant toute recharge, effectuez un tirage au vide rigoureux (minimum 20 min) pour prot\u00e9ger votre circuit. Ce gaz s&rsquo;utilise imp\u00e9rativement avec de l&rsquo;<strong class=\"Yjhzub\" data-sfc-root=\"c\" data-sfc-cb=\"\" data-complete=\"true\" data-copy-service-computed-style=\"font-family: &quot;Google Sans&quot;, Arial, sans-serif; font-size: 16px; font-weight: 600; margin: 0px; text-decoration: none; border-bottom: 0px rgb(10, 10, 10);\">huile PAG<!--TgQPHd|[]--><\/strong> (automobile) ou <strong class=\"Yjhzub\" data-sfc-root=\"c\" data-sfc-cb=\"\" data-complete=\"true\" data-copy-service-computed-style=\"font-family: &quot;Google Sans&quot;, Arial, sans-serif; font-size: 16px; font-weight: 600; margin: 0px; text-decoration: none; border-bottom: 0px rgb(10, 10, 10);\">POE<!--TgQPHd|[]--><\/strong> (domestique).\u00a0\u00bb<!--TgQPHd|[]--><\/div>\n<p><!--TgQPHd|[]--><\/p><\/blockquote>\n<div class=\"Fsg96\" data-sfc-cp=\"\" data-sfc-root=\"c\" data-sfc-cb=\"\" data-complete=\"true\" data-processed=\"true\" data-copy-service-computed-style=\"font-family: &quot;Google Sans&quot;, Arial, sans-serif; font-size: 14px; font-weight: 400; margin: 0px; text-decoration: none; border-bottom: 0px rgb(10, 10, 10);\"><!--TgQPHd|[]--><\/div>\n<hr class=\"j3tEEe\" data-sfc-root=\"c\" data-sfc-pl=\"|[]\" data-sfc-cb=\"\" data-complete=\"true\" data-processed=\"true\" data-sae=\"\" data-copy-service-computed-style=\"font-family: &quot;Google Sans&quot;, Arial, sans-serif; font-size: 14px; font-weight: 400; margin: 44px 0px; text-decoration: none; border-bottom: 0px rgb(128, 128, 128);\" \/>\n<div class=\"Fsg96\" data-sfc-cp=\"\" data-sfc-root=\"c\" data-sfc-cb=\"\" data-complete=\"true\" data-processed=\"true\" data-copy-service-computed-style=\"font-family: &quot;Google Sans&quot;, Arial, sans-serif; font-size: 14px; font-weight: 400; margin: 0px; text-decoration: none; border-bottom: 0px rgb(10, 10, 10);\"><!--TgQPHd|[]--><\/div>\n<div class=\"otQkpb\" role=\"heading\" aria-level=\"3\" data-animation-nesting=\"\" data-sfc-cp=\"\" data-sfc-root=\"c\" data-sfc-cb=\"\" data-complete=\"true\" data-processed=\"true\" data-sae=\"\" aria-owns=\"action-menu-parent-container\" data-copy-service-computed-style=\"font-family: &quot;Google Sans&quot;, Arial, sans-serif; font-size: 22px; font-weight: 600; margin: 36px 0px 12px; text-decoration: none; border-bottom: 0px rgb(10, 10, 10);\"><\/div>\n<div class=\"Fsg96\" data-sfc-cp=\"\" data-sfc-root=\"c\" data-sfc-cb=\"\" data-complete=\"true\" data-processed=\"true\" data-copy-service-computed-style=\"font-family: &quot;Google Sans&quot;, Arial, sans-serif; font-size: 14px; font-weight: 400; margin: 0px; text-decoration: none; border-bottom: 0px rgb(10, 10, 10);\"><!--TgQPHd|[]--><\/div>\n","protected":false},"featured_media":1068,"comment_status":"open","ping_status":"closed","template":"","meta":{"advanced_seo_description":"","jetpack_seo_html_title":"","jetpack_seo_noindex":false},"product_brand":[193],"product_cat":[55],"product_tag":[309,243,310,307,308],"class_list":{"0":"post-1067","1":"product","2":"type-product","3":"status-publish","4":"has-post-thumbnail","6":"product_brand-refrigerant","7":"product_cat-freon-et-gaz","8":"product_tag-bouteille-freon-voiture","9":"product_tag-clim-auto","10":"product_tag-gaz-climatisation-domestique","11":"product_tag-gaz-r134a-820g-prix-algerie","12":"product_tag-recharge-frigo-gaz-r134a","14":"first","15":"instock","16":"taxable","17":"shipping-taxable","18":"purchasable","19":"product-type-simple"},"jetpack_sharing_enabled":true,"_links":{"self":[{"href":"https:\/\/etstoubal.com\/index.php\/wp-json\/wp\/v2\/product\/1067","targetHints":{"allow":["GET"]}}],"collection":[{"href":"https:\/\/etstoubal.com\/index.php\/wp-json\/wp\/v2\/product"}],"about":[{"href":"https:\/\/etstoubal.com\/index.php\/wp-json\/wp\/v2\/types\/product"}],"replies":[{"embeddable":true,"href":"https:\/\/etstoubal.com\/index.php\/wp-json\/wp\/v2\/comments?post=1067"}],"wp:featuredmedia":[{"embeddable":true,"href":"https:\/\/etstoubal.com\/index.php\/wp-json\/wp\/v2\/media\/1068"}],"wp:attachment":[{"href":"https:\/\/etstoubal.com\/index.php\/wp-json\/wp\/v2\/media?parent=1067"}],"wp:term":[{"taxonomy":"product_brand","embeddable":true,"href":"https:\/\/etstoubal.com\/index.php\/wp-json\/wp\/v2\/product_brand?post=1067"},{"taxonomy":"product_cat","embeddable":true,"href":"https:\/\/etstoubal.com\/index.php\/wp-json\/wp\/v2\/product_cat?post=1067"},{"taxonomy":"product_tag","embeddable":true,"href":"https:\/\/etstoubal.com\/index.php\/wp-json\/wp\/v2\/product_tag?post=1067"}],"curies":[{"name":"wp","href":"https:\/\/api.w.org\/{rel}","templated":true}]}}