{"id":437,"date":"2026-04-16T14:43:11","date_gmt":"2026-04-16T12:43:11","guid":{"rendered":"https:\/\/etstoubal.com\/?post_type=product&#038;p=437"},"modified":"2026-04-26T14:39:36","modified_gmt":"2026-04-26T12:39:36","slug":"manodetendeur-azote-professionnel-16bar-test-etancheite-clim-frigo","status":"publish","type":"product","link":"https:\/\/etstoubal.com\/index.php\/produit\/manodetendeur-azote-professionnel-16bar-test-etancheite-clim-frigo\/","title":{"rendered":"\ud83d\ude80Manod\u00e9tendeur Azote Professionnel 16bar \u2013 Test \u00c9tanch\u00e9it\u00e9 Clim\/Frigo"},"content":{"rendered":"<div class=\"AdPoic\" role=\"heading\" aria-level=\"3\" data-animation-nesting=\"\" data-sfc-cp=\"\" data-sfc-root=\"c\" data-sfc-cb=\"\" data-processed=\"true\"><\/div>\n<div class=\"Y3BBE\" data-sfc-cp=\"\" data-sfc-root=\"c\" data-sfc-cb=\"\" data-hveid=\"CPoDEAA\" data-processed=\"true\" aria-owns=\"action-menu-parent-container\"><\/div>\n<div data-sfc-cp=\"\" data-sfc-root=\"c\" data-sfc-cb=\"\" data-hveid=\"CPoDEAA\" data-processed=\"true\" aria-owns=\"action-menu-parent-container\">\n<div class=\"Y3BBE\" data-sfc-cp=\"\" data-sfc-root=\"c\" data-sfc-cb=\"\" data-hveid=\"CP4DEAA\" data-processed=\"true\"><strong class=\"Yjhzub\" data-sfc-root=\"c\" data-sfc-cb=\"\" data-processed=\"true\">Caract\u00e9ristiques techniques :<\/strong><button class=\"rBl3me\" tabindex=\"0\" data-amic=\"true\" data-icl-uuid=\"5e561912-0700-464a-bca2-2c4c66f73c42\" aria-label=\"Afficher les liens associ\u00e9s\" data-wiz-attrbind=\"disabled=NfvZlf_5d7\/C5gNJc;aria-label=NfvZlf_5d7\/bOjMyf;class=NfvZlf_5d7\/UpSNec\" data-ved=\"2ahUKEwiK167LsfKTAxUtNPsDHWxVLHcQye0OegUI_gMQAQ\" data-hveid=\"CP4DEAE\" data-processed=\"true\"><\/button><\/div>\n<ul class=\"KsbFXc U6u95\" data-sfc-root=\"c\" data-sfc-cb=\"\" data-processed=\"true\">\n<li class=\"dF3vjf\" data-sfc-root=\"c\" data-sfc-cb=\"\" data-hveid=\"CIIEEAA\" data-processed=\"true\"><span class=\"T286Pc\" data-sfc-cp=\"\" data-sfc-root=\"c\" data-sfc-cb=\"\" data-processed=\"true\"><strong class=\"Yjhzub\" data-sfc-root=\"c\" data-sfc-cb=\"\" data-processed=\"true\">Double Manom\u00e8tre :<\/strong><\/span>\n<ul class=\"KsbFXc U6u95\" data-sfc-root=\"c\" data-sfc-cb=\"\" data-processed=\"true\">\n<li class=\"dF3vjf\" data-sfc-root=\"c\" data-sfc-cb=\"\" data-hveid=\"CIIEEAE\" data-processed=\"true\"><span class=\"T286Pc\" data-sfc-cp=\"\" data-sfc-root=\"c\" data-sfc-cb=\"\" data-processed=\"true\">Manom\u00e8tre haute pression (gauche) : indique la pression de la bouteille (jusqu&rsquo;\u00e0 400 bar \/ 5800 psi).<\/span><\/li>\n<li class=\"dF3vjf\" data-sfc-root=\"c\" data-sfc-cb=\"\" data-hveid=\"CIIEEAI\" data-processed=\"true\"><span class=\"T286Pc\" data-sfc-cp=\"\" data-sfc-root=\"c\" data-sfc-cb=\"\" data-processed=\"true\" aria-owns=\"action-menu-parent-container\">Manom\u00e8tre basse pression (droite) : indique la pression de service r\u00e9gl\u00e9e (jusqu&rsquo;\u00e0 16 bar \/ 230 psi).<\/span><\/li>\n<li class=\"dF3vjf\" data-sfc-root=\"c\" data-sfc-cb=\"\" data-hveid=\"CIIEEAM\" data-processed=\"true\"><span class=\"T286Pc\" data-sfc-cp=\"\" data-sfc-root=\"c\" data-sfc-cb=\"\" data-processed=\"true\"><strong class=\"Yjhzub\" data-sfc-root=\"c\" data-sfc-cb=\"\" data-processed=\"true\">Protection :<\/strong>\u00a0Cadrans prot\u00e9g\u00e9s par des gaines en caoutchouc anti-choc.<\/span><\/li>\n<li class=\"dF3vjf\" data-sfc-root=\"c\" data-sfc-cb=\"\" data-hveid=\"CIIEEAQ\" data-processed=\"true\"><span class=\"T286Pc\" data-sfc-cp=\"\" data-sfc-root=\"c\" data-sfc-cb=\"\" data-processed=\"true\"><strong class=\"Yjhzub\" data-sfc-root=\"c\" data-sfc-cb=\"\" data-processed=\"true\">Mat\u00e9riau :<\/strong>\u00a0Corps en laiton massif pour une durabilit\u00e9 maximale.<\/span><\/li>\n<li class=\"dF3vjf\" data-sfc-root=\"c\" data-sfc-cb=\"\" data-hveid=\"CIIEEAU\" data-processed=\"true\"><span class=\"T286Pc\" data-sfc-cp=\"\" data-sfc-root=\"c\" data-sfc-cb=\"\" data-processed=\"true\"><strong class=\"Yjhzub\" data-sfc-root=\"c\" data-sfc-cb=\"\" data-processed=\"true\">Connexions :<\/strong>\u00a0Raccord d&rsquo;entr\u00e9e standard pour bouteille d&rsquo;azote et sortie avec raccord cannel\u00e9\/olive.<\/span><\/li>\n<li class=\"dF3vjf\" data-sfc-root=\"c\" data-sfc-cb=\"\" data-hveid=\"CIIEEAY\" data-processed=\"true\"><span class=\"T286Pc\" data-sfc-cp=\"\" data-sfc-root=\"c\" data-sfc-cb=\"\" data-processed=\"true\" aria-owns=\"action-menu-parent-container\"><strong class=\"Yjhzub\" data-sfc-root=\"c\" data-sfc-cb=\"\" data-processed=\"true\">Pr\u00e9cision :<\/strong>\u00a0Grande molette de r\u00e9glage ergonomique pour un ajustement fin de la pression.<\/span><\/li>\n<li data-sfc-root=\"c\" data-sfc-cb=\"\" data-hveid=\"CIIEEAY\" data-processed=\"true\">\n<div class=\"Y3BBE\" data-sfc-cp=\"\" data-sfc-root=\"c\" data-sfc-cb=\"\" data-hveid=\"CIkEEAA\" data-processed=\"true\">\ud83d\udccd Disponible sur\u00a0<strong class=\"Yjhzub\" data-sfc-root=\"c\" data-sfc-cb=\"\" data-processed=\"true\">Boufarik<\/strong>\u00a0et environs. Remise en main propre ou envoi possible.<button class=\"rBl3me\" tabindex=\"0\" data-amic=\"true\" data-icl-uuid=\"cce134e1-bcba-4cfa-aaa0-4ee83e2c054c\" aria-label=\"Afficher les liens associ\u00e9s\" data-wiz-attrbind=\"disabled=NfvZlf_5gz\/C5gNJc;aria-label=NfvZlf_5gz\/bOjMyf;class=NfvZlf_5gz\/UpSNec\" data-ved=\"2ahUKEwiK167LsfKTAxUtNPsDHWxVLHcQye0OegUIiQQQAQ\" data-hveid=\"CIkEEAE\" data-processed=\"true\"><\/button><\/div>\n<div class=\"Fsg96\" data-sfc-cp=\"\" data-sfc-root=\"c\" data-sfc-cb=\"\" data-processed=\"true\"><\/div>\n<hr class=\"j3tEEe\" data-sfc-root=\"c\" data-sfc-pl=\"|[]\" data-sfc-cb=\"\" data-processed=\"true\" \/>\n<div class=\"Fsg96\" data-sfc-cp=\"\" data-sfc-root=\"c\" data-sfc-cb=\"\" data-processed=\"true\"><\/div>\n<\/li>\n<\/ul>\n<\/li>\n<\/ul>\n<\/div>\n","protected":false},"excerpt":{"rendered":"<div class=\"Y3BBE\" data-sfc-cp=\"\" data-sfc-root=\"c\" data-sfc-cb=\"\" data-hveid=\"CPMDEAA\" data-processed=\"true\"><strong class=\"Yjhzub\" data-sfc-root=\"c\" data-sfc-cb=\"\" data-processed=\"true\">Marque :<\/strong>\u00a0Auresgaz<br data-sfc-root=\"c\" data-sfc-pl=\"|[]\" data-sfc-cb=\"\" data-processed=\"true\" \/><strong class=\"Yjhzub\" data-sfc-root=\"c\" data-sfc-cb=\"\" data-processed=\"true\">Usage :<\/strong> Sp\u00e9cialement con\u00e7u pour les tests d&rsquo;\u00e9tanch\u00e9it\u00e9 \u00e0 l&rsquo;azote (N2) et le nettoyage des circuits frigorifiques.<\/div>\n<div class=\"Y3BBE\" data-sfc-cp=\"\" data-sfc-root=\"c\" data-sfc-cb=\"\" data-hveid=\"CPoDEAA\" data-processed=\"true\" aria-owns=\"action-menu-parent-container\">Ce manod\u00e9tendeur robuste permet de r\u00e9guler avec pr\u00e9cision la pression de sortie de vos bouteilles d&rsquo;azote pour des interventions en toute s\u00e9curit\u00e9.<\/div>\n","protected":false},"featured_media":424,"comment_status":"open","ping_status":"closed","template":"","meta":{"advanced_seo_description":"","jetpack_seo_html_title":"","jetpack_seo_noindex":false},"product_brand":[58],"product_cat":[57],"product_tag":[60,67,63,66,64,59,62,65,61],"class_list":{"0":"post-437","1":"product","2":"type-product","3":"status-publish","4":"has-post-thumbnail","6":"product_brand-aures-gaz","7":"product_cat-outils-professionnel","8":"product_tag-auresgaz","9":"product_tag-azote-hydrogene","10":"product_tag-detendeur-azote","11":"product_tag-froid-professionnel","12":"product_tag-hvac","13":"product_tag-manodetendeur-azote","14":"product_tag-outillage-frigoriste","15":"product_tag-recherche-de-fuite","16":"product_tag-test-etancheite-clim","18":"first","19":"instock","20":"taxable","21":"shipping-taxable","22":"purchasable","23":"product-type-simple"},"jetpack_sharing_enabled":true,"_links":{"self":[{"href":"https:\/\/etstoubal.com\/index.php\/wp-json\/wp\/v2\/product\/437","targetHints":{"allow":["GET"]}}],"collection":[{"href":"https:\/\/etstoubal.com\/index.php\/wp-json\/wp\/v2\/product"}],"about":[{"href":"https:\/\/etstoubal.com\/index.php\/wp-json\/wp\/v2\/types\/product"}],"replies":[{"embeddable":true,"href":"https:\/\/etstoubal.com\/index.php\/wp-json\/wp\/v2\/comments?post=437"}],"wp:featuredmedia":[{"embeddable":true,"href":"https:\/\/etstoubal.com\/index.php\/wp-json\/wp\/v2\/media\/424"}],"wp:attachment":[{"href":"https:\/\/etstoubal.com\/index.php\/wp-json\/wp\/v2\/media?parent=437"}],"wp:term":[{"taxonomy":"product_brand","embeddable":true,"href":"https:\/\/etstoubal.com\/index.php\/wp-json\/wp\/v2\/product_brand?post=437"},{"taxonomy":"product_cat","embeddable":true,"href":"https:\/\/etstoubal.com\/index.php\/wp-json\/wp\/v2\/product_cat?post=437"},{"taxonomy":"product_tag","embeddable":true,"href":"https:\/\/etstoubal.com\/index.php\/wp-json\/wp\/v2\/product_tag?post=437"}],"curies":[{"name":"wp","href":"https:\/\/api.w.org\/{rel}","templated":true}]}}