{"id":443,"date":"2026-04-16T15:22:42","date_gmt":"2026-04-16T13:22:42","guid":{"rendered":"https:\/\/etstoubal.com\/?post_type=product&#038;p=443"},"modified":"2026-04-26T14:37:47","modified_gmt":"2026-04-26T12:37:47","slug":"valve-de-charge-rapide-1-4-adaptateur-laiton-special-frigoriste-sav-froid","status":"publish","type":"product","link":"https:\/\/etstoubal.com\/index.php\/produit\/valve-de-charge-rapide-1-4-adaptateur-laiton-special-frigoriste-sav-froid\/","title":{"rendered":"Valve de Charge Rapide 1\/4&Prime; + Adaptateur Laiton \u2013 Sp\u00e9cial Frigoriste &#038; SAV Froid"},"content":{"rendered":"<div class=\"Y3BBE\" data-sfc-cp=\"\" data-sfc-root=\"c\" data-sfc-cb=\"\" data-hveid=\"CNADEAA\" data-processed=\"true\"><strong class=\"Yjhzub\" data-sfc-root=\"c\" data-sfc-cb=\"\" data-processed=\"true\">Points forts :<\/strong><button class=\"rBl3me\" tabindex=\"0\" data-amic=\"true\" data-icl-uuid=\"dd8e9877-afa3-48e9-a869-57dcb1bea96f\" aria-label=\"Afficher les liens associ\u00e9s\" data-wiz-attrbind=\"disabled=NfvZlf_4zy\/C5gNJc;aria-label=NfvZlf_4zy\/bOjMyf;class=NfvZlf_4zy\/UpSNec\" data-ved=\"2ahUKEwiK167LsfKTAxUtNPsDHWxVLHcQye0OegUI0AMQAQ\" data-hveid=\"CNADEAE\" data-processed=\"true\"><\/button><\/div>\n<ul class=\"KsbFXc U6u95\" data-sfc-root=\"c\" data-sfc-cb=\"\" data-processed=\"true\">\n<li class=\"dF3vjf\" data-sfc-root=\"c\" data-sfc-cb=\"\" data-hveid=\"CNIDEAA\" data-processed=\"true\"><span class=\"T286Pc\" data-sfc-cp=\"\" data-sfc-root=\"c\" data-sfc-cb=\"\" data-processed=\"true\"><strong class=\"Yjhzub\" data-sfc-root=\"c\" data-sfc-cb=\"\" data-processed=\"true\">Connexion Instantan\u00e9e :<\/strong>\u00a0Syst\u00e8me \u00e0 billes pour un clipsage rapide sur les tubes ou vannes de charge.<\/span><\/li>\n<li class=\"dF3vjf\" data-sfc-root=\"c\" data-sfc-cb=\"\" data-hveid=\"CNIDEAE\" data-processed=\"true\"><span class=\"T286Pc\" data-sfc-cp=\"\" data-sfc-root=\"c\" data-sfc-cb=\"\" data-processed=\"true\"><strong class=\"Yjhzub\" data-sfc-root=\"c\" data-sfc-cb=\"\" data-processed=\"true\">Z\u00e9ro Perte de Gaz :<\/strong>\u00a0M\u00e9canisme de fermeture interne \u00e9vitant les br\u00fblures et les fuites lors de la manipulation.<\/span><\/li>\n<li class=\"dF3vjf\" data-sfc-root=\"c\" data-sfc-cb=\"\" data-hveid=\"CNIDEAI\" data-processed=\"true\"><span class=\"T286Pc\" data-sfc-cp=\"\" data-sfc-root=\"c\" data-sfc-cb=\"\" data-processed=\"true\"><strong class=\"Yjhzub\" data-sfc-root=\"c\" data-sfc-cb=\"\" data-processed=\"true\">Mat\u00e9riau Premium :<\/strong>\u00a0Corps en laiton massif et \u00e9trier en acier galvanis\u00e9 pour une r\u00e9sistance maximale \u00e0 l&rsquo;usure et \u00e0 la pression.<\/span><\/li>\n<li class=\"dF3vjf\" data-sfc-root=\"c\" data-sfc-cb=\"\" data-hveid=\"CNIDEAM\" data-processed=\"true\"><span class=\"T286Pc\" data-sfc-cp=\"\" data-sfc-root=\"c\" data-sfc-cb=\"\" data-processed=\"true\"><strong class=\"Yjhzub\" data-sfc-root=\"c\" data-sfc-cb=\"\" data-processed=\"true\">Polyvalence :<\/strong>\u00a0Livr\u00e9 avec un\u00a0<strong class=\"Yjhzub\" data-sfc-root=\"c\" data-sfc-cb=\"\" data-processed=\"true\">adaptateur de conversion<\/strong>\u00a0(r\u00e9ducteur hex) pour s&rsquo;adapter \u00e0 tout votre outillage (pompes \u00e0 vide, manifolds, bouteilles).<\/span><span class=\"uJ19be notranslate\" data-sfc-root=\"c\" data-wiz-uids=\"NfvZlf_50y,NfvZlf_50z\" data-sfc-cb=\"\" data-processed=\"true\"><span class=\"vKEkVd\" data-animation-atomic=\"\" data-wiz-attrbind=\"class=NfvZlf_50s\/TKHnVd\" data-processed=\"true\"><span aria-hidden=\"true\" data-processed=\"true\" aria-owns=\"action-menu-parent-container\">\u00a0<\/span><\/span><\/span><\/li>\n<\/ul>\n","protected":false},"excerpt":{"rendered":"<p><strong class=\"Yjhzub\" data-sfc-root=\"c\" data-sfc-cb=\"\" data-processed=\"true\">Usage :<\/strong>\u00a0Indispensable pour le d\u00e9pannage de r\u00e9frig\u00e9rateurs, cong\u00e9lateurs, climatiseurs auto et r\u00e9sidentiels.<\/p>\n","protected":false},"featured_media":444,"comment_status":"open","ping_status":"closed","template":"","meta":{"advanced_seo_description":"","jetpack_seo_html_title":"","jetpack_seo_noindex":false},"product_brand":[78],"product_cat":[57],"product_tag":[89,87,90,92,64,84,62,85,88,91],"class_list":{"0":"post-443","1":"product","2":"type-product","3":"status-publish","4":"has-post-thumbnail","6":"product_brand-eko","7":"product_cat-outils-professionnel","8":"product_tag-adaptateur-laiton","9":"product_tag-alve-de-charge-rapide","10":"product_tag-charge-gaz-clim","11":"product_tag-connecteur-rapide","12":"product_tag-hvac","13":"product_tag-maintenance-froid","14":"product_tag-outillage-frigoriste","15":"product_tag-raccord-1-4-sae","16":"product_tag-raccord-hansen","17":"product_tag-reparation-frigo","19":"first","20":"instock","21":"sale","22":"taxable","23":"shipping-taxable","24":"purchasable","25":"product-type-simple"},"jetpack_sharing_enabled":true,"_links":{"self":[{"href":"https:\/\/etstoubal.com\/index.php\/wp-json\/wp\/v2\/product\/443","targetHints":{"allow":["GET"]}}],"collection":[{"href":"https:\/\/etstoubal.com\/index.php\/wp-json\/wp\/v2\/product"}],"about":[{"href":"https:\/\/etstoubal.com\/index.php\/wp-json\/wp\/v2\/types\/product"}],"replies":[{"embeddable":true,"href":"https:\/\/etstoubal.com\/index.php\/wp-json\/wp\/v2\/comments?post=443"}],"wp:featuredmedia":[{"embeddable":true,"href":"https:\/\/etstoubal.com\/index.php\/wp-json\/wp\/v2\/media\/444"}],"wp:attachment":[{"href":"https:\/\/etstoubal.com\/index.php\/wp-json\/wp\/v2\/media?parent=443"}],"wp:term":[{"taxonomy":"product_brand","embeddable":true,"href":"https:\/\/etstoubal.com\/index.php\/wp-json\/wp\/v2\/product_brand?post=443"},{"taxonomy":"product_cat","embeddable":true,"href":"https:\/\/etstoubal.com\/index.php\/wp-json\/wp\/v2\/product_cat?post=443"},{"taxonomy":"product_tag","embeddable":true,"href":"https:\/\/etstoubal.com\/index.php\/wp-json\/wp\/v2\/product_tag?post=443"}],"curies":[{"name":"wp","href":"https:\/\/api.w.org\/{rel}","templated":true}]}}