{"id":447,"date":"2026-04-16T16:09:07","date_gmt":"2026-04-16T14:09:07","guid":{"rendered":"https:\/\/etstoubal.com\/?post_type=product&#038;p=447"},"modified":"2026-04-26T14:36:44","modified_gmt":"2026-04-26T12:36:44","slug":"pack-chalumeau-haute-performance-bouteille-mapp-pro-brasage-cuivre","status":"publish","type":"product","link":"https:\/\/etstoubal.com\/index.php\/produit\/pack-chalumeau-haute-performance-bouteille-mapp-pro-brasage-cuivre\/","title":{"rendered":"Pack Chalumeau Haute Performance + Bouteille MAPP PRO (Brasage Cuivre)"},"content":{"rendered":"","protected":false},"excerpt":{"rendered":"<p>Vends kit de brasage professionnel complet, id\u00e9al pour les frigoristes, chauffagistes et plombiers. Le gaz MAPP Pro permet d&rsquo;atteindre des temp\u00e9ratures bien plus \u00e9lev\u00e9es qu&rsquo;un simple chalumeau \u00e0 gaz butane\/propane classique.<\/p>\n","protected":false},"featured_media":282,"comment_status":"open","ping_status":"closed","template":"","meta":{"advanced_seo_description":"","jetpack_seo_html_title":"","jetpack_seo_noindex":false},"product_brand":[78],"product_cat":[55,57],"product_tag":[],"class_list":{"0":"post-447","1":"product","2":"type-product","3":"status-publish","4":"has-post-thumbnail","6":"product_brand-eko","7":"product_cat-freon-et-gaz","8":"product_cat-outils-professionnel","10":"first","11":"instock","12":"taxable","13":"shipping-taxable","14":"purchasable","15":"product-type-simple"},"jetpack_sharing_enabled":true,"_links":{"self":[{"href":"https:\/\/etstoubal.com\/index.php\/wp-json\/wp\/v2\/product\/447","targetHints":{"allow":["GET"]}}],"collection":[{"href":"https:\/\/etstoubal.com\/index.php\/wp-json\/wp\/v2\/product"}],"about":[{"href":"https:\/\/etstoubal.com\/index.php\/wp-json\/wp\/v2\/types\/product"}],"replies":[{"embeddable":true,"href":"https:\/\/etstoubal.com\/index.php\/wp-json\/wp\/v2\/comments?post=447"}],"wp:featuredmedia":[{"embeddable":true,"href":"https:\/\/etstoubal.com\/index.php\/wp-json\/wp\/v2\/media\/282"}],"wp:attachment":[{"href":"https:\/\/etstoubal.com\/index.php\/wp-json\/wp\/v2\/media?parent=447"}],"wp:term":[{"taxonomy":"product_brand","embeddable":true,"href":"https:\/\/etstoubal.com\/index.php\/wp-json\/wp\/v2\/product_brand?post=447"},{"taxonomy":"product_cat","embeddable":true,"href":"https:\/\/etstoubal.com\/index.php\/wp-json\/wp\/v2\/product_cat?post=447"},{"taxonomy":"product_tag","embeddable":true,"href":"https:\/\/etstoubal.com\/index.php\/wp-json\/wp\/v2\/product_tag?post=447"}],"curies":[{"name":"wp","href":"https:\/\/api.w.org\/{rel}","templated":true}]}}