{"id":450,"date":"2026-04-16T17:20:57","date_gmt":"2026-04-16T15:20:57","guid":{"rendered":"https:\/\/etstoubal.com\/?post_type=product&#038;p=450"},"modified":"2026-04-26T14:35:59","modified_gmt":"2026-04-26T12:35:59","slug":"injecteur-dhuile-141b-et-traceur-uv-60ml-2-oz-clim-auto-maison","status":"publish","type":"product","link":"https:\/\/etstoubal.com\/index.php\/produit\/injecteur-dhuile-141b-et-traceur-uv-60ml-2-oz-clim-auto-maison\/","title":{"rendered":"Injecteur d&rsquo;Huile \/ 141B et Traceur UV \u2013 60ml (2 oz) \u2013 Clim Auto &#038; Maison"},"content":{"rendered":"","protected":false},"excerpt":{"rendered":"<p>Vends injecteur manuel haute pression pour huile frigorifique (PAG, POE) et gaz de nettoyage (R141B \/ ez flush ) et colorant traceur UV. Compatible avec tous les syst\u00e8mes de climatisation et de r\u00e9frig\u00e9ration.<\/p>\n","protected":false},"featured_media":451,"comment_status":"open","ping_status":"closed","template":"","meta":{"advanced_seo_description":"","jetpack_seo_html_title":"","jetpack_seo_noindex":false},"product_brand":[78],"product_cat":[57],"product_tag":[],"class_list":{"0":"post-450","1":"product","2":"type-product","3":"status-publish","4":"has-post-thumbnail","6":"product_brand-eko","7":"product_cat-outils-professionnel","9":"first","10":"instock","11":"taxable","12":"shipping-taxable","13":"purchasable","14":"product-type-simple"},"jetpack_sharing_enabled":true,"_links":{"self":[{"href":"https:\/\/etstoubal.com\/index.php\/wp-json\/wp\/v2\/product\/450","targetHints":{"allow":["GET"]}}],"collection":[{"href":"https:\/\/etstoubal.com\/index.php\/wp-json\/wp\/v2\/product"}],"about":[{"href":"https:\/\/etstoubal.com\/index.php\/wp-json\/wp\/v2\/types\/product"}],"replies":[{"embeddable":true,"href":"https:\/\/etstoubal.com\/index.php\/wp-json\/wp\/v2\/comments?post=450"}],"wp:featuredmedia":[{"embeddable":true,"href":"https:\/\/etstoubal.com\/index.php\/wp-json\/wp\/v2\/media\/451"}],"wp:attachment":[{"href":"https:\/\/etstoubal.com\/index.php\/wp-json\/wp\/v2\/media?parent=450"}],"wp:term":[{"taxonomy":"product_brand","embeddable":true,"href":"https:\/\/etstoubal.com\/index.php\/wp-json\/wp\/v2\/product_brand?post=450"},{"taxonomy":"product_cat","embeddable":true,"href":"https:\/\/etstoubal.com\/index.php\/wp-json\/wp\/v2\/product_cat?post=450"},{"taxonomy":"product_tag","embeddable":true,"href":"https:\/\/etstoubal.com\/index.php\/wp-json\/wp\/v2\/product_tag?post=450"}],"curies":[{"name":"wp","href":"https:\/\/api.w.org\/{rel}","templated":true}]}}