{"id":535,"date":"2026-04-18T10:27:51","date_gmt":"2026-04-18T08:27:51","guid":{"rendered":"https:\/\/etstoubal.com\/?post_type=product&#038;p=535"},"modified":"2026-04-26T14:32:42","modified_gmt":"2026-04-26T12:32:42","slug":"manifold-value-vmg-1-s-l-manometre-basse-pression-r32-r410a-r407c-r134a","status":"publish","type":"product","link":"https:\/\/etstoubal.com\/index.php\/produit\/manifold-value-vmg-1-s-l-manometre-basse-pression-r32-r410a-r407c-r134a\/","title":{"rendered":"Manifold VALUE VMG-1-S-L \u2013 Manom\u00e8tre Basse Pression (R32\/R410A\/R407C\/R134a)"},"content":{"rendered":"<div class=\"Y3BBE\" data-sfc-cp=\"\" data-sfc-root=\"c\" data-sfc-cb=\"\" data-hveid=\"CB4QAA\" data-processed=\"true\"><strong class=\"Yjhzub\" data-sfc-root=\"c\" data-sfc-cb=\"\">Caract\u00e9ristiques Techniques :<\/strong><button class=\"rBl3me\" tabindex=\"0\" data-amic=\"true\" data-icl-uuid=\"8f2b0ae3-02e0-40ee-9aa4-1329e12610eb\" aria-label=\"Afficher les liens associ\u00e9s\" data-wiz-attrbind=\"disabled=O46qxb_8y\/C5gNJc;aria-label=O46qxb_8y\/bOjMyf;class=O46qxb_8y\/UpSNec\" data-ved=\"2ahUKEwjM86Go8_aTAxXfU6QEHUaPNCIQye0OegQIHhAB\" data-hveid=\"CB4QAQ\"><\/button><\/div>\n<ul class=\"KsbFXc U6u95\" data-sfc-root=\"c\" data-sfc-cb=\"\" data-processed=\"true\">\n<li class=\"dF3vjf\" data-sfc-root=\"c\" data-sfc-cb=\"\" data-hveid=\"CCAQAA\"><span class=\"T286Pc\" data-sfc-cp=\"\" data-sfc-root=\"c\" data-sfc-cb=\"\"><strong class=\"Yjhzub\" data-sfc-root=\"c\" data-sfc-cb=\"\">Compatibilit\u00e9 Gaz :<\/strong>\u00a0R32, R410A, R407C, R134a (\u00c9chelles lisibles sur le cadran).<\/span><\/li>\n<li class=\"dF3vjf\" data-sfc-root=\"c\" data-sfc-cb=\"\" data-hveid=\"CCAQAQ\"><span class=\"T286Pc\" data-sfc-cp=\"\" data-sfc-root=\"c\" data-sfc-cb=\"\"><strong class=\"Yjhzub\" data-sfc-root=\"c\" data-sfc-cb=\"\">Haute Pr\u00e9cision :<\/strong>\u00a0Classe 1.6 avec un diam\u00e8tre de manom\u00e8tre de 68 mm pour une lecture claire.<\/span><\/li>\n<li class=\"dF3vjf\" data-sfc-root=\"c\" data-sfc-cb=\"\" data-hveid=\"CCAQAg\"><span class=\"T286Pc\" data-sfc-cp=\"\" data-sfc-root=\"c\" data-sfc-cb=\"\"><strong class=\"Yjhzub\" data-sfc-root=\"c\" data-sfc-cb=\"\">Conception Robuste :<\/strong>\u00a0Bo\u00eetier de protection en caoutchouc r\u00e9sistant aux chocs et corps en aluminium de haute qualit\u00e9.<\/span><\/li>\n<li class=\"dF3vjf\" data-sfc-root=\"c\" data-sfc-cb=\"\" data-hveid=\"CCAQAw\"><span class=\"T286Pc\" data-sfc-cp=\"\" data-sfc-root=\"c\" data-sfc-cb=\"\" aria-owns=\"action-menu-parent-container\"><strong class=\"Yjhzub\" data-sfc-root=\"c\" data-sfc-cb=\"\">Visibilit\u00e9 :<\/strong>\u00a0\u00c9quip\u00e9 d&rsquo;un\u00a0<strong class=\"Yjhzub\" data-sfc-root=\"c\" data-sfc-cb=\"\">voyant de passage<\/strong>\u00a0liquide pour surveiller le flux de r\u00e9frig\u00e9rant.<\/span><\/li>\n<li data-sfc-root=\"c\" data-sfc-cb=\"\" data-hveid=\"CCAQAw\"><strong class=\"Yjhzub\" data-sfc-root=\"c\" data-sfc-cb=\"\">Raccordement :<\/strong>\u00a02 sorties 1\/4&Prime; SAE.<\/li>\n<\/ul>\n","protected":false},"excerpt":{"rendered":"<p><strong class=\"Yjhzub\" data-sfc-root=\"c\" data-sfc-cb=\"\" aria-owns=\"action-menu-parent-container\">\ud83d\ude80 Manifold VALUE VMG-1-S-L \u2013 Manom\u00e8tre Basse Pression (R32\/R410A\/R407C\/R134a)<\/strong><\/p>\n<p><strong class=\"Yjhzub\" data-sfc-root=\"c\" data-sfc-cb=\"\">Marque :<\/strong>\u00a0VALUE (Mod\u00e8le VMG-1-S-L)<\/p>\n<p>Id\u00e9al pour les professionnels et techniciens en climatisation, ce manifold 1 voie est con\u00e7u pour la mesure de pr\u00e9cision et la maintenance des syst\u00e8mes frigorifiques.<\/p>\n","protected":false},"featured_media":538,"comment_status":"open","ping_status":"closed","template":"","meta":{"advanced_seo_description":"","jetpack_seo_html_title":"","jetpack_seo_noindex":false},"product_brand":[109],"product_cat":[57],"product_tag":[112,115,114,98,111,113,62,116,110],"class_list":{"0":"post-535","1":"product","2":"type-product","3":"status-publish","4":"has-post-thumbnail","6":"product_brand-value","7":"product_cat-outils-professionnel","8":"product_tag-clim-r32","9":"product_tag-frigo","10":"product_tag-froid-commercial","11":"product_tag-maintenance-hvac","12":"product_tag-manifold-basse-pression","13":"product_tag-manometre-r410a","14":"product_tag-outillage-frigoriste","15":"product_tag-recharge-clim","16":"product_tag-value-vmg-1-s-l","18":"first","19":"instock","20":"taxable","21":"shipping-taxable","22":"purchasable","23":"product-type-simple"},"jetpack_sharing_enabled":true,"_links":{"self":[{"href":"https:\/\/etstoubal.com\/index.php\/wp-json\/wp\/v2\/product\/535","targetHints":{"allow":["GET"]}}],"collection":[{"href":"https:\/\/etstoubal.com\/index.php\/wp-json\/wp\/v2\/product"}],"about":[{"href":"https:\/\/etstoubal.com\/index.php\/wp-json\/wp\/v2\/types\/product"}],"replies":[{"embeddable":true,"href":"https:\/\/etstoubal.com\/index.php\/wp-json\/wp\/v2\/comments?post=535"}],"wp:featuredmedia":[{"embeddable":true,"href":"https:\/\/etstoubal.com\/index.php\/wp-json\/wp\/v2\/media\/538"}],"wp:attachment":[{"href":"https:\/\/etstoubal.com\/index.php\/wp-json\/wp\/v2\/media?parent=535"}],"wp:term":[{"taxonomy":"product_brand","embeddable":true,"href":"https:\/\/etstoubal.com\/index.php\/wp-json\/wp\/v2\/product_brand?post=535"},{"taxonomy":"product_cat","embeddable":true,"href":"https:\/\/etstoubal.com\/index.php\/wp-json\/wp\/v2\/product_cat?post=535"},{"taxonomy":"product_tag","embeddable":true,"href":"https:\/\/etstoubal.com\/index.php\/wp-json\/wp\/v2\/product_tag?post=535"}],"curies":[{"name":"wp","href":"https:\/\/api.w.org\/{rel}","templated":true}]}}