{"id":541,"date":"2026-04-18T10:36:06","date_gmt":"2026-04-18T08:36:06","guid":{"rendered":"https:\/\/etstoubal.com\/?post_type=product&#038;p=541"},"modified":"2026-04-26T14:31:54","modified_gmt":"2026-04-26T12:31:54","slug":"manifold-value-vrm1-b-0404-manometre-basse-pression-haute-precision","status":"publish","type":"product","link":"https:\/\/etstoubal.com\/index.php\/produit\/manifold-value-vrm1-b-0404-manometre-basse-pression-haute-precision\/","title":{"rendered":"Manifold VALUE VRM1-B-0404 \u2013 Manom\u00e8tre Basse Pression Haute Pr\u00e9cision\u00a0"},"content":{"rendered":"<div class=\"Y3BBE\" data-sfc-cp=\"\" data-sfc-root=\"c\" data-sfc-cb=\"\" data-hveid=\"CHcQAA\" data-processed=\"true\"><strong class=\"Yjhzub\" data-sfc-root=\"c\" data-sfc-cb=\"\">Caract\u00e9ristiques cl\u00e9s :<\/strong><button class=\"rBl3me\" tabindex=\"0\" data-amic=\"true\" data-icl-uuid=\"58ccd781-a9ff-48aa-96d5-70507a4d3bea\" aria-label=\"Afficher les liens associ\u00e9s\" data-wiz-attrbind=\"disabled=O46qxb_139\/C5gNJc;aria-label=O46qxb_139\/bOjMyf;class=O46qxb_139\/UpSNec\" data-ved=\"2ahUKEwjM86Go8_aTAxXfU6QEHUaPNCIQye0OegQIdxAB\" data-hveid=\"CHcQAQ\"><\/button><\/div>\n<ul class=\"KsbFXc U6u95\" data-sfc-root=\"c\" data-sfc-cb=\"\" data-processed=\"true\">\n<li class=\"dF3vjf\" data-sfc-root=\"c\" data-sfc-cb=\"\" data-hveid=\"CHkQAA\"><span class=\"T286Pc\" data-sfc-cp=\"\" data-sfc-root=\"c\" data-sfc-cb=\"\"><strong class=\"Yjhzub\" data-sfc-root=\"c\" data-sfc-cb=\"\">Pr\u00e9cision Sup\u00e9rieure :<\/strong>\u00a0Classe 1.0 (sup\u00e9rieure aux mod\u00e8les standards class\u00e9s 1.6).<\/span><\/li>\n<li class=\"dF3vjf\" data-sfc-root=\"c\" data-sfc-cb=\"\" data-hveid=\"CHkQAQ\"><span class=\"T286Pc\" data-sfc-cp=\"\" data-sfc-root=\"c\" data-sfc-cb=\"\"><strong class=\"Yjhzub\" data-sfc-root=\"c\" data-sfc-cb=\"\">R\u00e9frig\u00e9rants compatibles :<\/strong>\u00a0R32, R410A, R134a, R22 et R407C.<\/span><\/li>\n<li class=\"dF3vjf\" data-sfc-root=\"c\" data-sfc-cb=\"\" data-hveid=\"CHkQAg\"><span class=\"T286Pc\" data-sfc-cp=\"\" data-sfc-root=\"c\" data-sfc-cb=\"\"><strong class=\"Yjhzub\" data-sfc-root=\"c\" data-sfc-cb=\"\">Design Ultra-Robuste :<\/strong>\u00a0Protection en caoutchouc anti-collision et corps en m\u00e9tal durable.<\/span><\/li>\n<li class=\"dF3vjf\" data-sfc-root=\"c\" data-sfc-cb=\"\" data-hveid=\"CHkQAw\"><span class=\"T286Pc\" data-sfc-cp=\"\" data-sfc-root=\"c\" data-sfc-cb=\"\"><strong class=\"Yjhzub\" data-sfc-root=\"c\" data-sfc-cb=\"\">Plage de mesure :<\/strong>\u00a0-30 inHg \u00e0 550 psi (-1 bar \u00e0 38 bar).<\/span><\/li>\n<li class=\"dF3vjf\" data-sfc-root=\"c\" data-sfc-cb=\"\" data-hveid=\"CHkQBA\"><span class=\"T286Pc\" data-sfc-cp=\"\" data-sfc-root=\"c\" data-sfc-cb=\"\"><strong class=\"Yjhzub\" data-sfc-root=\"c\" data-sfc-cb=\"\">Ergonomie :<\/strong>\u00a0Cadran large de 68 mm pour une lecture facile et crochet de fixation int\u00e9gr\u00e9.<\/span><\/li>\n<li class=\"dF3vjf\" data-sfc-root=\"c\" data-sfc-cb=\"\" data-hveid=\"CHkQBQ\"><span class=\"T286Pc\" data-sfc-cp=\"\" data-sfc-root=\"c\" data-sfc-cb=\"\" aria-owns=\"action-menu-parent-container\"><strong class=\"Yjhzub\" data-sfc-root=\"c\" data-sfc-cb=\"\">Raccordements :<\/strong>\u00a02 sorties standards 1\/4&Prime; SAE.<\/span><\/li>\n<\/ul>\n","protected":false},"excerpt":{"rendered":"<p><strong class=\"Yjhzub\" data-sfc-root=\"c\" data-sfc-cb=\"\" aria-owns=\"action-menu-parent-container\">\ud83d\ude80Manifold VALUE VRM1-B-0404 \u2013 Manom\u00e8tre Basse Pression Haute Pr\u00e9cision\u00a0<\/strong><\/p>\n<p><strong class=\"Yjhzub\" data-sfc-root=\"c\" data-sfc-cb=\"\">Marque :<\/strong>\u00a0VALUE \/ NAVTEK (S\u00e9rie Premium VRM)<br data-sfc-root=\"c\" data-sfc-pl=\"|[]\" data-sfc-cb=\"\" \/><strong class=\"Yjhzub\" data-sfc-root=\"c\" data-sfc-cb=\"\">Mod\u00e8le :<\/strong>\u00a0VRM1-B-0404 (Basse pression \/ Bleu)<\/p>\n<p>Ce manom\u00e8tre analogique professionnel est con\u00e7u pour les techniciens exigeants. Il offre une lecture extr\u00eamement stable gr\u00e2ce \u00e0 son mouvement de haute pr\u00e9cision.<\/p>\n","protected":false},"featured_media":544,"comment_status":"open","ping_status":"closed","template":"","meta":{"advanced_seo_description":"","jetpack_seo_html_title":"","jetpack_seo_noindex":false},"product_brand":[109],"product_cat":[57],"product_tag":[112,66,119,111,118,62,97,75,117],"class_list":{"0":"post-541","1":"product","2":"type-product","3":"status-publish","4":"has-post-thumbnail","6":"product_brand-value","7":"product_cat-outils-professionnel","8":"product_tag-clim-r32","9":"product_tag-froid-professionnel","10":"product_tag-maintenance-climatisation","11":"product_tag-manifold-basse-pression","12":"product_tag-navtek","13":"product_tag-outillage-frigoriste","14":"product_tag-pompe-a-chaleur","15":"product_tag-r410a","16":"product_tag-value-vrm1-b-0404","18":"first","19":"instock","20":"taxable","21":"shipping-taxable","22":"purchasable","23":"product-type-simple"},"jetpack_sharing_enabled":true,"_links":{"self":[{"href":"https:\/\/etstoubal.com\/index.php\/wp-json\/wp\/v2\/product\/541","targetHints":{"allow":["GET"]}}],"collection":[{"href":"https:\/\/etstoubal.com\/index.php\/wp-json\/wp\/v2\/product"}],"about":[{"href":"https:\/\/etstoubal.com\/index.php\/wp-json\/wp\/v2\/types\/product"}],"replies":[{"embeddable":true,"href":"https:\/\/etstoubal.com\/index.php\/wp-json\/wp\/v2\/comments?post=541"}],"wp:featuredmedia":[{"embeddable":true,"href":"https:\/\/etstoubal.com\/index.php\/wp-json\/wp\/v2\/media\/544"}],"wp:attachment":[{"href":"https:\/\/etstoubal.com\/index.php\/wp-json\/wp\/v2\/media?parent=541"}],"wp:term":[{"taxonomy":"product_brand","embeddable":true,"href":"https:\/\/etstoubal.com\/index.php\/wp-json\/wp\/v2\/product_brand?post=541"},{"taxonomy":"product_cat","embeddable":true,"href":"https:\/\/etstoubal.com\/index.php\/wp-json\/wp\/v2\/product_cat?post=541"},{"taxonomy":"product_tag","embeddable":true,"href":"https:\/\/etstoubal.com\/index.php\/wp-json\/wp\/v2\/product_tag?post=541"}],"curies":[{"name":"wp","href":"https:\/\/api.w.org\/{rel}","templated":true}]}}