{"id":550,"date":"2026-04-18T12:05:47","date_gmt":"2026-04-18T10:05:47","guid":{"rendered":"https:\/\/etstoubal.com\/?post_type=product&#038;p=550"},"modified":"2026-04-26T14:31:31","modified_gmt":"2026-04-26T12:31:31","slug":"pistolet-de-rincage-flush-gun-nettoyage-interne-circuits-clim-frigo","status":"publish","type":"product","link":"https:\/\/etstoubal.com\/index.php\/produit\/pistolet-de-rincage-flush-gun-nettoyage-interne-circuits-clim-frigo\/","title":{"rendered":"Pistolet de Rin\u00e7age (Flush Gun) \u2013 Nettoyage Interne Circuits Clim &#038; Frigo"},"content":{"rendered":"","protected":false},"excerpt":{"rendered":"<p>\ud83d\ude80Pistolet de Rin\u00e7age (Flush Gun) \u2013 Nettoyage Interne Circuits Clim &amp; Frigo<\/p>\n<p>Kit de rin\u00e7age professionnel pour le nettoyage complet des canalisations de climatisation et de r\u00e9frig\u00e9ration. Indispensable pour \u00e9liminer les impuret\u00e9s, les r\u00e9sidus d&rsquo;huile br\u00fbl\u00e9e et l&rsquo;humidit\u00e9.<\/p>\n","protected":false},"featured_media":504,"comment_status":"open","ping_status":"closed","template":"","meta":{"advanced_seo_description":"","jetpack_seo_html_title":"","jetpack_seo_noindex":false},"product_brand":[124],"product_cat":[57],"product_tag":[],"class_list":{"0":"post-550","1":"product","2":"type-product","3":"status-publish","4":"has-post-thumbnail","6":"product_brand-errecom","7":"product_cat-outils-professionnel","9":"first","10":"instock","11":"taxable","12":"shipping-taxable","13":"purchasable","14":"product-type-simple"},"jetpack_sharing_enabled":true,"_links":{"self":[{"href":"https:\/\/etstoubal.com\/index.php\/wp-json\/wp\/v2\/product\/550","targetHints":{"allow":["GET"]}}],"collection":[{"href":"https:\/\/etstoubal.com\/index.php\/wp-json\/wp\/v2\/product"}],"about":[{"href":"https:\/\/etstoubal.com\/index.php\/wp-json\/wp\/v2\/types\/product"}],"replies":[{"embeddable":true,"href":"https:\/\/etstoubal.com\/index.php\/wp-json\/wp\/v2\/comments?post=550"}],"wp:featuredmedia":[{"embeddable":true,"href":"https:\/\/etstoubal.com\/index.php\/wp-json\/wp\/v2\/media\/504"}],"wp:attachment":[{"href":"https:\/\/etstoubal.com\/index.php\/wp-json\/wp\/v2\/media?parent=550"}],"wp:term":[{"taxonomy":"product_brand","embeddable":true,"href":"https:\/\/etstoubal.com\/index.php\/wp-json\/wp\/v2\/product_brand?post=550"},{"taxonomy":"product_cat","embeddable":true,"href":"https:\/\/etstoubal.com\/index.php\/wp-json\/wp\/v2\/product_cat?post=550"},{"taxonomy":"product_tag","embeddable":true,"href":"https:\/\/etstoubal.com\/index.php\/wp-json\/wp\/v2\/product_tag?post=550"}],"curies":[{"name":"wp","href":"https:\/\/api.w.org\/{rel}","templated":true}]}}