{"id":559,"date":"2026-04-18T13:07:02","date_gmt":"2026-04-18T11:07:02","guid":{"rendered":"https:\/\/etstoubal.com\/?post_type=product&#038;p=559"},"modified":"2026-04-26T14:30:31","modified_gmt":"2026-04-26T12:30:31","slug":"module-relais-12v-srd-12vdc-sl-c-10a-250v-arduino-domotique-diy","status":"publish","type":"product","link":"https:\/\/etstoubal.com\/index.php\/produit\/module-relais-12v-srd-12vdc-sl-c-10a-250v-arduino-domotique-diy\/","title":{"rendered":"Module Relais 12V SRD-12VDC-SL-C \u2013 10A \/ 250V (Arduino, Domotique, DIY)"},"content":{"rendered":"<div class=\"Y3BBE\" data-sfc-cp=\"\" data-sfc-root=\"c\" data-sfc-cb=\"\" data-hveid=\"COsCEAA\" data-processed=\"true\"><strong class=\"Yjhzub\" data-sfc-root=\"c\" data-sfc-cb=\"\" data-processed=\"true\">Caract\u00e9ristiques Techniques :<\/strong><button class=\"rBl3me\" tabindex=\"0\" data-amic=\"true\" data-icl-uuid=\"d3000d78-22d6-4100-adab-acea6af46e83\" aria-label=\"Afficher les liens associ\u00e9s\" data-wiz-attrbind=\"disabled=UftQmd_409\/C5gNJc;aria-label=UftQmd_409\/bOjMyf;class=UftQmd_409\/UpSNec\" data-ved=\"2ahUKEwiNwbuXiveTAxWy-AIHHY5UI9kQye0OegUI6wIQAQ\" data-hveid=\"COsCEAE\" data-processed=\"true\"><\/button><\/div>\n<ul class=\"KsbFXc U6u95\" data-sfc-root=\"c\" data-sfc-cb=\"\" data-processed=\"true\">\n<li class=\"dF3vjf\" data-sfc-root=\"c\" data-sfc-cb=\"\" data-hveid=\"CPACEAA\" data-processed=\"true\"><span class=\"T286Pc\" data-sfc-cp=\"\" data-sfc-root=\"c\" data-sfc-cb=\"\" data-processed=\"true\"><strong class=\"Yjhzub\" data-sfc-root=\"c\" data-sfc-cb=\"\" data-processed=\"true\">Tension de commande (Bobine) :<\/strong>\u00a012V DC.<\/span><\/li>\n<li class=\"dF3vjf\" data-sfc-root=\"c\" data-sfc-cb=\"\" data-hveid=\"CPACEAE\" data-processed=\"true\"><span class=\"T286Pc\" data-sfc-cp=\"\" data-sfc-root=\"c\" data-sfc-cb=\"\" data-processed=\"true\"><strong class=\"Yjhzub\" data-sfc-root=\"c\" data-sfc-cb=\"\" data-processed=\"true\">Capacit\u00e9 de commutation :<\/strong>\u00a0Jusqu&rsquo;\u00e0\u00a0<strong class=\"Yjhzub\" data-sfc-root=\"c\" data-sfc-cb=\"\" data-processed=\"true\">10A<\/strong>\u00a0sous 250V AC ou 30V DC.<\/span><\/li>\n<li class=\"dF3vjf\" data-sfc-root=\"c\" data-sfc-cb=\"\" data-hveid=\"CPACEAI\" data-processed=\"true\"><span class=\"T286Pc\" data-sfc-cp=\"\" data-sfc-root=\"c\" data-sfc-cb=\"\" data-processed=\"true\"><strong class=\"Yjhzub\" data-sfc-root=\"c\" data-sfc-cb=\"\" data-processed=\"true\">Configuration :<\/strong>\u00a01 contact inverseur (1 NO \/ 1 NC \/ 1 Commun).<\/span><\/li>\n<li class=\"dF3vjf\" data-sfc-root=\"c\" data-sfc-cb=\"\" data-hveid=\"CPACEAM\" data-processed=\"true\"><span class=\"T286Pc\" data-sfc-cp=\"\" data-sfc-root=\"c\" data-sfc-cb=\"\" data-processed=\"true\"><strong class=\"Yjhzub\" data-sfc-root=\"c\" data-sfc-cb=\"\" data-processed=\"true\">Format :<\/strong>\u00a0Montage sur circuit imprim\u00e9 (PCB) ou c\u00e2blage direct.<\/span><\/li>\n<li class=\"dF3vjf\" data-sfc-root=\"c\" data-sfc-cb=\"\" data-hveid=\"CPACEAQ\" data-processed=\"true\"><span class=\"T286Pc\" data-sfc-cp=\"\" data-sfc-root=\"c\" data-sfc-cb=\"\" data-processed=\"true\" aria-owns=\"action-menu-parent-container\"><strong class=\"Yjhzub\" data-sfc-root=\"c\" data-sfc-cb=\"\" data-processed=\"true\">Fiabilit\u00e9 :<\/strong>\u00a0Temps de r\u00e9ponse rapide et longue dur\u00e9e de vie des contacts.<\/span><\/li>\n<\/ul>\n<div class=\"Y3BBE\" data-sfc-cp=\"\" data-sfc-root=\"c\" data-sfc-cb=\"\" data-hveid=\"CPYCEAA\" data-processed=\"true\"><strong class=\"Yjhzub\" data-sfc-root=\"c\" data-sfc-cb=\"\" data-processed=\"true\">Usage courant :<\/strong><button class=\"rBl3me\" tabindex=\"0\" data-amic=\"true\" data-icl-uuid=\"67c58df6-f58f-4019-969a-f5dfcd84d8ee\" aria-label=\"Afficher les liens associ\u00e9s\" data-wiz-attrbind=\"disabled=UftQmd_42a\/C5gNJc;aria-label=UftQmd_42a\/bOjMyf;class=UftQmd_42a\/UpSNec\" data-ved=\"2ahUKEwiNwbuXiveTAxWy-AIHHY5UI9kQye0OegUI9gIQAQ\" data-hveid=\"CPYCEAE\" data-processed=\"true\"><\/button><\/div>\n<ul class=\"KsbFXc U6u95\" data-sfc-root=\"c\" data-sfc-cb=\"\" data-processed=\"true\">\n<li class=\"dF3vjf\" data-sfc-root=\"c\" data-sfc-cb=\"\" data-hveid=\"CIMDEAA\" data-processed=\"true\"><span class=\"T286Pc\" data-sfc-cp=\"\" data-sfc-root=\"c\" data-sfc-cb=\"\" data-processed=\"true\">Projets Arduino \/ ESP32 \/ Raspberry Pi (avec alimentation 12V).<\/span><\/li>\n<li class=\"dF3vjf\" data-sfc-root=\"c\" data-sfc-cb=\"\" data-hveid=\"CIMDEAE\" data-processed=\"true\"><span class=\"T286Pc\" data-sfc-cp=\"\" data-sfc-root=\"c\" data-sfc-cb=\"\" data-processed=\"true\">Domotique (commande d&rsquo;\u00e9clairage ou portail).<\/span><\/li>\n<li class=\"dF3vjf\" data-sfc-root=\"c\" data-sfc-cb=\"\" data-hveid=\"CIMDEAI\" data-processed=\"true\"><span class=\"T286Pc\" data-sfc-cp=\"\" data-sfc-root=\"c\" data-sfc-cb=\"\" data-processed=\"true\">Automatisme industriel l\u00e9ger.<\/span><\/li>\n<li class=\"dF3vjf\" data-sfc-root=\"c\" data-sfc-cb=\"\" data-hveid=\"CIMDEAM\" data-processed=\"true\"><span class=\"T286Pc\" data-sfc-cp=\"\" data-sfc-root=\"c\" data-sfc-cb=\"\" data-processed=\"true\" aria-owns=\"action-menu-parent-container\">R\u00e9paration de cartes \u00e9lectroniques d&rsquo;appareils m\u00e9nagers.<\/span><\/li>\n<\/ul>\n","protected":false},"excerpt":{"rendered":"<p>\ud83d\ude80Module Relais 12V SRD-12VDC-SL-C \u2013 10A \/ 250V (Arduino, Domotique, DIY)<\/p>\n<p>module relais 1 voie haute qualit\u00e9, id\u00e9al pour vos projets \u00e9lectroniques n\u00e9cessitant de commuter des charges importantes (moteurs, lampes, ventilateurs) \u00e0 partir d&rsquo;un microcontr\u00f4leur ou d&rsquo;une alimentation 12V<\/p>\n","protected":false},"featured_media":494,"comment_status":"open","ping_status":"closed","template":"","meta":{"advanced_seo_description":"","jetpack_seo_html_title":"","jetpack_seo_noindex":false},"product_brand":[126],"product_cat":[125,56],"product_tag":[131,134,135,132,130,133,136,127,129,128],"class_list":{"0":"post-559","1":"product","2":"type-product","3":"status-publish","4":"has-post-thumbnail","6":"product_brand-electronique","7":"product_cat-electronique","8":"product_cat-thermoregulateur-et-thermostat","9":"product_tag-arduino","10":"product_tag-composant-electronique","11":"product_tag-diy","12":"product_tag-domotique","13":"product_tag-electronique","14":"product_tag-module-relais","15":"product_tag-raspberry-pi","16":"product_tag-relais-12v","17":"product_tag-songle","18":"product_tag-srd-12vdc-sl-c","20":"first","21":"instock","22":"taxable","23":"shipping-taxable","24":"purchasable","25":"product-type-simple"},"jetpack_sharing_enabled":true,"_links":{"self":[{"href":"https:\/\/etstoubal.com\/index.php\/wp-json\/wp\/v2\/product\/559","targetHints":{"allow":["GET"]}}],"collection":[{"href":"https:\/\/etstoubal.com\/index.php\/wp-json\/wp\/v2\/product"}],"about":[{"href":"https:\/\/etstoubal.com\/index.php\/wp-json\/wp\/v2\/types\/product"}],"replies":[{"embeddable":true,"href":"https:\/\/etstoubal.com\/index.php\/wp-json\/wp\/v2\/comments?post=559"}],"wp:featuredmedia":[{"embeddable":true,"href":"https:\/\/etstoubal.com\/index.php\/wp-json\/wp\/v2\/media\/494"}],"wp:attachment":[{"href":"https:\/\/etstoubal.com\/index.php\/wp-json\/wp\/v2\/media?parent=559"}],"wp:term":[{"taxonomy":"product_brand","embeddable":true,"href":"https:\/\/etstoubal.com\/index.php\/wp-json\/wp\/v2\/product_brand?post=559"},{"taxonomy":"product_cat","embeddable":true,"href":"https:\/\/etstoubal.com\/index.php\/wp-json\/wp\/v2\/product_cat?post=559"},{"taxonomy":"product_tag","embeddable":true,"href":"https:\/\/etstoubal.com\/index.php\/wp-json\/wp\/v2\/product_tag?post=559"}],"curies":[{"name":"wp","href":"https:\/\/api.w.org\/{rel}","templated":true}]}}