{"id":560,"date":"2026-04-18T13:44:35","date_gmt":"2026-04-18T11:44:35","guid":{"rendered":"https:\/\/etstoubal.com\/?post_type=product&#038;p=560"},"modified":"2026-04-26T14:29:45","modified_gmt":"2026-04-26T12:29:45","slug":"kit-de-cintrage-interieur-flexible-4m-1-4-3-8-1-2-5-8-anti-pliure-clim","status":"publish","type":"product","link":"https:\/\/etstoubal.com\/index.php\/produit\/kit-de-cintrage-interieur-flexible-4m-1-4-3-8-1-2-5-8-anti-pliure-clim\/","title":{"rendered":"Kit de Cintrage Int\u00e9rieur Flexible (4m) \u2013 1\/4&Prime; 3\/8&Prime; 1\/2&Prime; 5\/8&Prime; \u2013 Anti-Pliure Clim"},"content":{"rendered":"<div class=\"Y3BBE\" data-sfc-cp=\"\" data-sfc-root=\"c\" data-sfc-cb=\"\" data-hveid=\"COUBEAA\" data-processed=\"true\"><strong class=\"Yjhzub\" data-sfc-root=\"c\" data-sfc-cb=\"\" data-processed=\"true\">Pourquoi choisir le kit plastique (4 m\u00e8tres) ?<\/strong><button class=\"rBl3me\" tabindex=\"0\" data-amic=\"true\" data-icl-uuid=\"9d87f0bc-9077-4fad-8ce9-243af900b72f\" aria-label=\"Afficher les liens associ\u00e9s\" data-wiz-attrbind=\"disabled=UftQmd_2lf\/C5gNJc;aria-label=UftQmd_2lf\/bOjMyf;class=UftQmd_2lf\/UpSNec\" data-ved=\"2ahUKEwiNwbuXiveTAxWy-AIHHY5UI9kQye0OegUI5QEQAQ\" data-hveid=\"COUBEAE\" data-processed=\"true\"><\/button><\/div>\n<ul class=\"KsbFXc U6u95\" data-sfc-root=\"c\" data-sfc-cb=\"\" data-processed=\"true\">\n<li class=\"dF3vjf\" data-sfc-root=\"c\" data-sfc-cb=\"\" data-hveid=\"COkBEAA\" data-processed=\"true\"><span class=\"T286Pc\" data-sfc-cp=\"\" data-sfc-root=\"c\" data-sfc-cb=\"\" data-processed=\"true\"><strong class=\"Yjhzub\" data-sfc-root=\"c\" data-sfc-cb=\"\" data-processed=\"true\">Protection Totale :<\/strong>\u00a0Ne raye pas l&rsquo;int\u00e9rieur du cuivre et n&rsquo;endommage pas les parois.<\/span><\/li>\n<li class=\"dF3vjf\" data-sfc-root=\"c\" data-sfc-cb=\"\" data-hveid=\"COkBEAE\" data-processed=\"true\"><span class=\"T286Pc\" data-sfc-cp=\"\" data-sfc-root=\"c\" data-sfc-cb=\"\" data-processed=\"true\"><strong class=\"Yjhzub\" data-sfc-root=\"c\" data-sfc-cb=\"\" data-processed=\"true\">Longueur 4m :<\/strong>\u00a0Permet de cintrer des tubes de grande longueur, m\u00eame lorsqu&rsquo;ils sont d\u00e9j\u00e0 pass\u00e9s dans des cloisons ou des goulottes.<\/span><\/li>\n<li class=\"dF3vjf\" data-sfc-root=\"c\" data-sfc-cb=\"\" data-hveid=\"COkBEAI\" data-processed=\"true\"><span class=\"T286Pc\" data-sfc-cp=\"\" data-sfc-root=\"c\" data-sfc-cb=\"\" data-processed=\"true\"><strong class=\"Yjhzub\" data-sfc-root=\"c\" data-sfc-cb=\"\" data-processed=\"true\">Extraction Facile :<\/strong>\u00a0Se retire sans aucun effort apr\u00e8s le cintrage, m\u00eame apr\u00e8s plusieurs coudes successifs.<\/span><\/li>\n<li class=\"dF3vjf\" data-sfc-root=\"c\" data-sfc-cb=\"\" data-hveid=\"COkBEAM\" data-processed=\"true\"><span class=\"T286Pc\" data-sfc-cp=\"\" data-sfc-root=\"c\" data-sfc-cb=\"\" data-processed=\"true\"><strong class=\"Yjhzub\" data-sfc-root=\"c\" data-sfc-cb=\"\" data-processed=\"true\">R\u00e9utilisable :<\/strong>\u00a0Mat\u00e9riau durable qui reprend sa forme initiale apr\u00e8s chaque utilisation.<\/span><\/li>\n<li class=\"dF3vjf\" data-sfc-root=\"c\" data-sfc-cb=\"\" data-hveid=\"COkBEAQ\" data-processed=\"true\"><span class=\"T286Pc\" data-sfc-cp=\"\" data-sfc-root=\"c\" data-sfc-cb=\"\" data-processed=\"true\"><strong class=\"Yjhzub\" data-sfc-root=\"c\" data-sfc-cb=\"\" data-processed=\"true\">Gain de Temps :<\/strong>\u00a0Pas besoin de retirer l&rsquo;isolant (armaflex) pour cintrer.<\/span><button class=\"rBl3me\" tabindex=\"0\" data-amic=\"true\" data-icl-uuid=\"594446b1-c977-43df-8cb2-954197b23973\" aria-label=\"Afficher les liens associ\u00e9s\" data-wiz-attrbind=\"disabled=UftQmd_2mv\/C5gNJc;aria-label=UftQmd_2mv\/bOjMyf;class=UftQmd_2mv\/UpSNec\" data-ved=\"2ahUKEwiNwbuXiveTAxWy-AIHHY5UI9kQye0OegUI6QEQBQ\" data-hveid=\"COkBEAU\" data-processed=\"true\"><\/button><\/li>\n<\/ul>\n<div class=\"Y3BBE\" data-sfc-cp=\"\" data-sfc-root=\"c\" data-sfc-cb=\"\" data-hveid=\"CO4BEAA\" data-processed=\"true\"><strong class=\"Yjhzub\" data-sfc-root=\"c\" data-sfc-cb=\"\" data-processed=\"true\">Tailles incluses (le pack complet clim) :<\/strong><button class=\"rBl3me\" tabindex=\"0\" data-amic=\"true\" data-icl-uuid=\"e5bef00b-a960-44e8-8f40-6c99b1945892\" aria-label=\"Afficher les liens associ\u00e9s\" data-wiz-attrbind=\"disabled=UftQmd_2nx\/C5gNJc;aria-label=UftQmd_2nx\/bOjMyf;class=UftQmd_2nx\/UpSNec\" data-ved=\"2ahUKEwiNwbuXiveTAxWy-AIHHY5UI9kQye0OegUI7gEQAQ\" data-hveid=\"CO4BEAE\" data-processed=\"true\"><\/button><\/div>\n<ul class=\"KsbFXc U6u95\" data-sfc-root=\"c\" data-sfc-cb=\"\" data-processed=\"true\">\n<li class=\"dF3vjf\" data-sfc-root=\"c\" data-sfc-cb=\"\" data-hveid=\"CO8BEAA\" data-processed=\"true\"><span class=\"T286Pc\" data-sfc-cp=\"\" data-sfc-root=\"c\" data-sfc-cb=\"\" data-processed=\"true\"><strong class=\"Yjhzub\" data-sfc-root=\"c\" data-sfc-cb=\"\" data-processed=\"true\">Bleu (1\/4&Prime;)<\/strong>\u00a0&#8211; 4 m\u00e8tres<\/span><\/li>\n<li class=\"dF3vjf\" data-sfc-root=\"c\" data-sfc-cb=\"\" data-hveid=\"CO8BEAE\" data-processed=\"true\"><span class=\"T286Pc\" data-sfc-cp=\"\" data-sfc-root=\"c\" data-sfc-cb=\"\" data-processed=\"true\"><strong class=\"Yjhzub\" data-sfc-root=\"c\" data-sfc-cb=\"\" data-processed=\"true\">Vert (3\/8&Prime;)<\/strong>\u00a0&#8211; 4 m\u00e8tres<\/span><\/li>\n<li class=\"dF3vjf\" data-sfc-root=\"c\" data-sfc-cb=\"\" data-hveid=\"CO8BEAI\" data-processed=\"true\"><span class=\"T286Pc\" data-sfc-cp=\"\" data-sfc-root=\"c\" data-sfc-cb=\"\" data-processed=\"true\"><strong class=\"Yjhzub\" data-sfc-root=\"c\" data-sfc-cb=\"\" data-processed=\"true\">Jaune (1\/2&Prime;)<\/strong>\u00a0&#8211; 4 m\u00e8tres<\/span><\/li>\n<li class=\"dF3vjf\" data-sfc-root=\"c\" data-sfc-cb=\"\" data-hveid=\"CO8BEAM\" data-processed=\"true\"><span class=\"T286Pc\" data-sfc-cp=\"\" data-sfc-root=\"c\" data-sfc-cb=\"\" data-processed=\"true\"><strong class=\"Yjhzub\" data-sfc-root=\"c\" data-sfc-cb=\"\" data-processed=\"true\">Rouge (5\/8&Prime;)<\/strong>\u00a0&#8211; 4 m\u00e8tres<\/span><button class=\"rBl3me\" tabindex=\"0\" data-amic=\"true\" data-icl-uuid=\"4597f0da-687d-4e8f-b6c7-9316de7ef585\" aria-label=\"Afficher les liens associ\u00e9s\" data-wiz-attrbind=\"disabled=UftQmd_2on\/C5gNJc;aria-label=UftQmd_2on\/bOjMyf;class=UftQmd_2on\/UpSNec\" data-ved=\"2ahUKEwiNwbuXiveTAxWy-AIHHY5UI9kQye0OegUI7wEQBA\" data-hveid=\"CO8BEAQ\" data-processed=\"true\"><\/button><\/li>\n<\/ul>\n<div class=\"Y3BBE\" data-sfc-cp=\"\" data-sfc-root=\"c\" data-sfc-cb=\"\" data-hveid=\"CPIBEAA\" data-processed=\"true\"><strong class=\"Yjhzub\" data-sfc-root=\"c\" data-sfc-cb=\"\" data-processed=\"true\">Usage :<\/strong>\u00a0Sp\u00e9cialement con\u00e7u pour les installations de climatisation (R32, R410A) et pompes \u00e0 chaleur.<button class=\"rBl3me\" tabindex=\"0\" data-amic=\"true\" data-icl-uuid=\"35776f72-aef8-4b8f-b0da-f4420489aa87\" aria-label=\"Afficher les liens associ\u00e9s\" data-wiz-attrbind=\"disabled=UftQmd_2oy\/C5gNJc;aria-label=UftQmd_2oy\/bOjMyf;class=UftQmd_2oy\/UpSNec\" data-ved=\"2ahUKEwiNwbuXiveTAxWy-AIHHY5UI9kQye0OegUI8gEQAQ\" data-hveid=\"CPIBEAE\" data-processed=\"true\"><\/button><\/div>\n","protected":false},"excerpt":{"rendered":"<p>Kit de Cintrage Int\u00e9rieur Flexible (4m) \u2013 1\/4&Prime; 3\/8&Prime; 1\/2&Prime; 5\/8&Prime; \u2013 Anti-Pliure Clim<\/p>\n<p>kit professionnel de cintrage int\u00e9rieur en polym\u00e8re haute r\u00e9sistance. Indispensable pour r\u00e9aliser des courbes parfaites sur vos liaisons frigorifiques sans jamais \u00ab\u00a0croquer\u00a0\u00bb le tube.<\/p>\n","protected":false},"featured_media":527,"comment_status":"open","ping_status":"closed","template":"","meta":{"advanced_seo_description":"","jetpack_seo_html_title":"","jetpack_seo_noindex":false},"product_brand":[78],"product_cat":[57],"product_tag":[139,138,142,64,140,137,105,62,97,141],"class_list":{"0":"post-560","1":"product","2":"type-product","3":"status-publish","4":"has-post-thumbnail","6":"product_brand-eko","7":"product_cat-outils-professionnel","8":"product_tag-cintrage-cuivre","9":"product_tag-easybend","10":"product_tag-flexible-de-cintrage","11":"product_tag-hvac","12":"product_tag-installation-clim","13":"product_tag-kit-de-cintrage","14":"product_tag-outil-cvc","15":"product_tag-outillage-frigoriste","16":"product_tag-pompe-a-chaleur","17":"product_tag-tube-frigorifique","19":"first","20":"instock","21":"taxable","22":"shipping-taxable","23":"purchasable","24":"product-type-simple"},"jetpack_sharing_enabled":true,"_links":{"self":[{"href":"https:\/\/etstoubal.com\/index.php\/wp-json\/wp\/v2\/product\/560","targetHints":{"allow":["GET"]}}],"collection":[{"href":"https:\/\/etstoubal.com\/index.php\/wp-json\/wp\/v2\/product"}],"about":[{"href":"https:\/\/etstoubal.com\/index.php\/wp-json\/wp\/v2\/types\/product"}],"replies":[{"embeddable":true,"href":"https:\/\/etstoubal.com\/index.php\/wp-json\/wp\/v2\/comments?post=560"}],"wp:featuredmedia":[{"embeddable":true,"href":"https:\/\/etstoubal.com\/index.php\/wp-json\/wp\/v2\/media\/527"}],"wp:attachment":[{"href":"https:\/\/etstoubal.com\/index.php\/wp-json\/wp\/v2\/media?parent=560"}],"wp:term":[{"taxonomy":"product_brand","embeddable":true,"href":"https:\/\/etstoubal.com\/index.php\/wp-json\/wp\/v2\/product_brand?post=560"},{"taxonomy":"product_cat","embeddable":true,"href":"https:\/\/etstoubal.com\/index.php\/wp-json\/wp\/v2\/product_cat?post=560"},{"taxonomy":"product_tag","embeddable":true,"href":"https:\/\/etstoubal.com\/index.php\/wp-json\/wp\/v2\/product_tag?post=560"}],"curies":[{"name":"wp","href":"https:\/\/api.w.org\/{rel}","templated":true}]}}