{"id":567,"date":"2026-04-19T09:29:18","date_gmt":"2026-04-19T07:29:18","guid":{"rendered":"https:\/\/etstoubal.com\/?post_type=product&#038;p=567"},"modified":"2026-04-26T14:26:50","modified_gmt":"2026-04-26T12:26:50","slug":"manifold-frigoriste-2-voies-complet-gaz-r134a-r22-r404a-r410a-3-flexibles","status":"publish","type":"product","link":"https:\/\/etstoubal.com\/index.php\/produit\/manifold-frigoriste-2-voies-complet-gaz-r134a-r22-r404a-r410a-3-flexibles\/","title":{"rendered":"Manifold Frigoriste 2 Voies Complet \u2013 Gaz R134a, R22, R404A, R410A + 3 Flexibles"},"content":{"rendered":"<div class=\"Y3BBE\" data-sfc-cp=\"\" data-sfc-root=\"c\" data-sfc-cb=\"\" data-hveid=\"CLwBEAA\" data-processed=\"true\"><strong class=\"Yjhzub\" data-sfc-root=\"c\" data-sfc-cb=\"\">Caract\u00e9ristiques techniques :<\/strong><button class=\"rBl3me\" tabindex=\"0\" data-amic=\"true\" data-icl-uuid=\"70a8e7de-d4c9-4a63-8083-311121682776\" aria-label=\"Afficher les liens associ\u00e9s\" data-wiz-attrbind=\"disabled=luXrFd_221\/C5gNJc;aria-label=luXrFd_221\/bOjMyf;class=luXrFd_221\/UpSNec\" data-ved=\"2ahUKEwjYu8uxsfmTAxVvfqQEHYWqECQQye0OegUIvAEQAQ\" data-hveid=\"CLwBEAE\"><\/button><\/div>\n<ul class=\"KsbFXc U6u95\" data-sfc-root=\"c\" data-sfc-cb=\"\" data-processed=\"true\">\n<li class=\"dF3vjf\" data-sfc-root=\"c\" data-sfc-cb=\"\" data-hveid=\"CL4BEAA\"><span class=\"T286Pc\" data-sfc-cp=\"\" data-sfc-root=\"c\" data-sfc-cb=\"\"><strong class=\"Yjhzub\" data-sfc-root=\"c\" data-sfc-cb=\"\">Compatibilit\u00e9 multi-gaz :<\/strong>\u00a0\u00c9chelles de lecture pour les fluides\u00a0<strong class=\"Yjhzub\" data-sfc-root=\"c\" data-sfc-cb=\"\">R134a, R22, R404A et R410A<\/strong>.<\/span><\/li>\n<li class=\"dF3vjf\" data-sfc-root=\"c\" data-sfc-cb=\"\" data-hveid=\"CL4BEAE\"><span class=\"T286Pc\" data-sfc-cp=\"\" data-sfc-root=\"c\" data-sfc-cb=\"\"><strong class=\"Yjhzub\" data-sfc-root=\"c\" data-sfc-cb=\"\">Double Manom\u00e8tre :<\/strong><\/span>\n<ul class=\"KsbFXc U6u95\" data-sfc-root=\"c\" data-sfc-cb=\"\">\n<li class=\"dF3vjf\" data-sfc-root=\"c\" data-sfc-cb=\"\" data-hveid=\"CL4BEAI\"><span class=\"T286Pc\" data-sfc-cp=\"\" data-sfc-root=\"c\" data-sfc-cb=\"\">Basse Pression (Bleu) : avec \u00e9chelle de vide int\u00e9gr\u00e9e.<\/span><\/li>\n<li class=\"dF3vjf\" data-sfc-root=\"c\" data-sfc-cb=\"\" data-hveid=\"CL4BEAM\"><span class=\"T286Pc\" data-sfc-cp=\"\" data-sfc-root=\"c\" data-sfc-cb=\"\">Haute Pression (Rouge) : jusqu&rsquo;\u00e0 800 PSI \/ 55 bar.<\/span><\/li>\n<\/ul>\n<\/li>\n<li class=\"dF3vjf\" data-sfc-root=\"c\" data-sfc-cb=\"\" data-hveid=\"CL4BEAQ\"><span class=\"T286Pc\" data-sfc-cp=\"\" data-sfc-root=\"c\" data-sfc-cb=\"\"><strong class=\"Yjhzub\" data-sfc-root=\"c\" data-sfc-cb=\"\">Conception Premium :<\/strong>\u00a0Corps en aluminium robuste avec\u00a0<strong class=\"Yjhzub\" data-sfc-root=\"c\" data-sfc-cb=\"\">voyant de passage liquide<\/strong>\u00a0central pour surveiller le flux de r\u00e9frig\u00e9rant.<\/span><\/li>\n<li class=\"dF3vjf\" data-sfc-root=\"c\" data-sfc-cb=\"\" data-hveid=\"CL4BEAU\"><span class=\"T286Pc\" data-sfc-cp=\"\" data-sfc-root=\"c\" data-sfc-cb=\"\"><strong class=\"Yjhzub\" data-sfc-root=\"c\" data-sfc-cb=\"\">Vannes de pr\u00e9cision :<\/strong>\u00a0Robinets \u00ab\u00a0LO\u00a0\u00bb et \u00ab\u00a0HI\u00a0\u00bb avec code couleur pour une manipulation intuitive.<\/span><span class=\"uJ19be notranslate\" data-sfc-root=\"c\" data-wiz-uids=\"luXrFd_238,luXrFd_239\" data-sfc-cb=\"\"><span class=\"vKEkVd\" data-animation-atomic=\"\" data-wiz-attrbind=\"class=luXrFd_237\/TKHnVd\"><span aria-hidden=\"true\" aria-owns=\"action-menu-parent-container\">\u00a0<\/span><\/span><\/span><\/li>\n<\/ul>\n<div class=\"Y3BBE\" data-sfc-cp=\"\" data-sfc-root=\"c\" data-sfc-cb=\"\" data-hveid=\"CMMBEAA\" data-processed=\"true\"><strong class=\"Yjhzub\" data-sfc-root=\"c\" data-sfc-cb=\"\">Inclus dans le pack :<\/strong><button class=\"rBl3me\" tabindex=\"0\" data-amic=\"true\" data-icl-uuid=\"7fd1cea1-66d5-4105-9e64-0721ac97bba0\" aria-label=\"Afficher les liens associ\u00e9s\" data-wiz-attrbind=\"disabled=luXrFd_243\/C5gNJc;aria-label=luXrFd_243\/bOjMyf;class=luXrFd_243\/UpSNec\" data-ved=\"2ahUKEwjYu8uxsfmTAxVvfqQEHYWqECQQye0OegUIwwEQAQ\" data-hveid=\"CMMBEAE\"><\/button><\/div>\n<ul class=\"KsbFXc U6u95\" data-sfc-root=\"c\" data-sfc-cb=\"\" data-processed=\"true\">\n<li class=\"dF3vjf\" data-sfc-root=\"c\" data-sfc-cb=\"\" data-hveid=\"CMQBEAA\"><span class=\"T286Pc\" data-sfc-cp=\"\" data-sfc-root=\"c\" data-sfc-cb=\"\">Le manifold 2 voies avec crochet de suspension.<\/span><\/li>\n<li class=\"dF3vjf\" data-sfc-root=\"c\" data-sfc-cb=\"\" data-hveid=\"CMQBEAE\"><span class=\"T286Pc\" data-sfc-cp=\"\" data-sfc-root=\"c\" data-sfc-cb=\"\" aria-owns=\"action-menu-parent-container\"><strong class=\"Yjhzub\" data-sfc-root=\"c\" data-sfc-cb=\"\">3 Flexibles de charge<\/strong>\u00a0(Rouge, Bleu, Jaune) avec raccords standards 1\/4&Prime; SAE.<\/span><\/li>\n<\/ul>\n","protected":false},"excerpt":{"rendered":"<p><strong>Manifold Frigoriste 2 Voies Complet \u2013 Gaz R134a, R22, R404A, R410A + 3 Flexibles<\/strong><\/p>\n<p>jeu de manom\u00e8tres (manifold) professionnel \u00e0 2 vannes pour le diagnostic, la charge et le tirage au vide des syst\u00e8mes de r\u00e9frig\u00e9ration et climatisation.<\/p>\n","protected":false},"featured_media":485,"comment_status":"open","ping_status":"closed","template":"","meta":{"advanced_seo_description":"","jetpack_seo_html_title":"","jetpack_seo_noindex":false},"product_brand":[78],"product_cat":[57],"product_tag":[106,122,115,108,114,66,64,140,119,84,121,123,62],"class_list":{"0":"post-567","1":"product","2":"type-product","3":"status-publish","4":"has-post-thumbnail","6":"product_brand-eko","7":"product_cat-outils-professionnel","8":"product_tag-depannage-froid","9":"product_tag-entretien-climatisation","10":"product_tag-frigo","11":"product_tag-frigoriste","12":"product_tag-froid-commercial","13":"product_tag-froid-professionnel","14":"product_tag-hvac","15":"product_tag-installation-clim","16":"product_tag-maintenance-climatisation","17":"product_tag-maintenance-froid","18":"product_tag-manifold-2-voies","19":"product_tag-manometre-froid-professionnel","20":"product_tag-outillage-frigoriste","22":"first","23":"instock","24":"taxable","25":"shipping-taxable","26":"purchasable","27":"product-type-simple"},"jetpack_sharing_enabled":true,"_links":{"self":[{"href":"https:\/\/etstoubal.com\/index.php\/wp-json\/wp\/v2\/product\/567","targetHints":{"allow":["GET"]}}],"collection":[{"href":"https:\/\/etstoubal.com\/index.php\/wp-json\/wp\/v2\/product"}],"about":[{"href":"https:\/\/etstoubal.com\/index.php\/wp-json\/wp\/v2\/types\/product"}],"replies":[{"embeddable":true,"href":"https:\/\/etstoubal.com\/index.php\/wp-json\/wp\/v2\/comments?post=567"}],"wp:featuredmedia":[{"embeddable":true,"href":"https:\/\/etstoubal.com\/index.php\/wp-json\/wp\/v2\/media\/485"}],"wp:attachment":[{"href":"https:\/\/etstoubal.com\/index.php\/wp-json\/wp\/v2\/media?parent=567"}],"wp:term":[{"taxonomy":"product_brand","embeddable":true,"href":"https:\/\/etstoubal.com\/index.php\/wp-json\/wp\/v2\/product_brand?post=567"},{"taxonomy":"product_cat","embeddable":true,"href":"https:\/\/etstoubal.com\/index.php\/wp-json\/wp\/v2\/product_cat?post=567"},{"taxonomy":"product_tag","embeddable":true,"href":"https:\/\/etstoubal.com\/index.php\/wp-json\/wp\/v2\/product_tag?post=567"}],"curies":[{"name":"wp","href":"https:\/\/api.w.org\/{rel}","templated":true}]}}