{"id":568,"date":"2026-04-19T09:39:22","date_gmt":"2026-04-19T07:39:22","guid":{"rendered":"https:\/\/etstoubal.com\/?post_type=product&#038;p=568"},"modified":"2026-04-26T14:26:13","modified_gmt":"2026-04-26T12:26:13","slug":"manifold-digital-value-vrm1-0101i-haute-precision","status":"publish","type":"product","link":"https:\/\/etstoubal.com\/index.php\/produit\/manifold-digital-value-vrm1-0101i-haute-precision\/","title":{"rendered":"Manifold Digital VALUE VRM1-0101i \u2013 Haute Pr\u00e9cision"},"content":{"rendered":"<p>Les points forts de ce mod\u00e8le digital :<\/p>\n<ul>\n<li>Multi-fluides : Compatible avec plus de 20 gaz, dont R32,R22, R410A, R134a, R404A, R1234yf, R290, R407C, R507,<\/li>\n<li>Pr\u00e9cision extr\u00eame : Classe de pr\u00e9cision 0.4 (bien sup\u00e9rieure aux manom\u00e8tres \u00e0 aiguille classiques).<\/li>\n<li>\u00c9cran LCD r\u00e9tro\u00e9clair\u00e9 : Lecture facile de la pression (bar, psi, kPa, MPa, kgf\/cm\u00b2) et de la temp\u00e9rature (\u00b0C\/\u00b0F).<\/li>\n<li>Fonction Vacuom\u00e8tre : Mesure du vide en inHg int\u00e9gr\u00e9e.<\/li>\n<li>Conception Anti-choc : Bo\u00eetier renforc\u00e9 en caoutchouc et structure m\u00e9tallique durable.<\/li>\n<\/ul>\n<p>Contenu de la vente : -1 Manifold num\u00e9rique VRM1-0101i. -2x Flexibles de 150 cm -Mallette de transport rigide -Adaptateur 5\/16 .<\/p>\n","protected":false},"excerpt":{"rendered":"<p><strong>Manifold Digital VALUE VRM1-0101i \u2013 Haute Pr\u00e9cision<\/strong><\/p>\n<p>Marque : VALUE (S\u00e9rie digitale premium) Mod\u00e8le : VRM1-0101i (1 voie) Passez au num\u00e9rique avec ce manifold de pr\u00e9cision, id\u00e9al pour les techniciens frigoristes cherchant une mesure exacte et une polyvalence totale sur tous types de r\u00e9frig\u00e9rants.<\/p>\n[video width=\"1080\" height=\"1920\" mp4=\"https:\/\/etstoubal.com\/wp-content\/uploads\/2026\/04\/VID20260207163503-1.mp4\"][\/video]\n","protected":false},"featured_media":569,"comment_status":"open","ping_status":"closed","template":"","meta":{"advanced_seo_description":"","jetpack_seo_html_title":"","jetpack_seo_noindex":false},"product_brand":[109],"product_cat":[57],"product_tag":[],"class_list":{"0":"post-568","1":"product","2":"type-product","3":"status-publish","4":"has-post-thumbnail","6":"product_brand-value","7":"product_cat-outils-professionnel","9":"first","10":"instock","11":"taxable","12":"shipping-taxable","13":"purchasable","14":"product-type-simple"},"jetpack_sharing_enabled":true,"_links":{"self":[{"href":"https:\/\/etstoubal.com\/index.php\/wp-json\/wp\/v2\/product\/568","targetHints":{"allow":["GET"]}}],"collection":[{"href":"https:\/\/etstoubal.com\/index.php\/wp-json\/wp\/v2\/product"}],"about":[{"href":"https:\/\/etstoubal.com\/index.php\/wp-json\/wp\/v2\/types\/product"}],"replies":[{"embeddable":true,"href":"https:\/\/etstoubal.com\/index.php\/wp-json\/wp\/v2\/comments?post=568"}],"wp:featuredmedia":[{"embeddable":true,"href":"https:\/\/etstoubal.com\/index.php\/wp-json\/wp\/v2\/media\/569"}],"wp:attachment":[{"href":"https:\/\/etstoubal.com\/index.php\/wp-json\/wp\/v2\/media?parent=568"}],"wp:term":[{"taxonomy":"product_brand","embeddable":true,"href":"https:\/\/etstoubal.com\/index.php\/wp-json\/wp\/v2\/product_brand?post=568"},{"taxonomy":"product_cat","embeddable":true,"href":"https:\/\/etstoubal.com\/index.php\/wp-json\/wp\/v2\/product_cat?post=568"},{"taxonomy":"product_tag","embeddable":true,"href":"https:\/\/etstoubal.com\/index.php\/wp-json\/wp\/v2\/product_tag?post=568"}],"curies":[{"name":"wp","href":"https:\/\/api.w.org\/{rel}","templated":true}]}}