{"id":594,"date":"2026-04-19T12:10:35","date_gmt":"2026-04-19T10:10:35","guid":{"rendered":"https:\/\/etstoubal.com\/?post_type=product&#038;p=594"},"modified":"2026-04-26T14:20:09","modified_gmt":"2026-04-26T12:20:09","slug":"by-pass-bp-avec-flexibles","status":"publish","type":"product","link":"https:\/\/etstoubal.com\/index.php\/produit\/by-pass-bp-avec-flexibles\/","title":{"rendered":"by-pass BP avec flexibles"},"content":{"rendered":"<ul class=\"KsbFXc U6u95\" data-sfc-root=\"c\" data-sfc-cb=\"\" data-processed=\"true\">\n<li class=\"dF3vjf\" data-sfc-root=\"c\" data-sfc-cb=\"\" data-hveid=\"CGcQAA\"><span class=\"T286Pc\" data-sfc-cp=\"\" data-sfc-root=\"c\" data-sfc-cb=\"\"><strong class=\"Yjhzub\" data-sfc-root=\"c\" data-sfc-cb=\"\">Complet :<\/strong> Inclut 1 manifold 1 voie (basse pression) + 2 flexibles haute r\u00e9sistance.<\/span><\/li>\n<li class=\"dF3vjf\" data-sfc-root=\"c\" data-sfc-cb=\"\" data-hveid=\"CGcQAQ\"><span class=\"T286Pc\" data-sfc-cp=\"\" data-sfc-root=\"c\" data-sfc-cb=\"\"><strong class=\"Yjhzub\" data-sfc-root=\"c\" data-sfc-cb=\"\">Pr\u00e9cision :<\/strong>\u00a0Manom\u00e8tre avec protection anti-choc pour une lecture stable.<\/span><\/li>\n<li class=\"dF3vjf\" data-sfc-root=\"c\" data-sfc-cb=\"\" data-hveid=\"CGcQAg\"><span class=\"T286Pc\" data-sfc-cp=\"\" data-sfc-root=\"c\" data-sfc-cb=\"\"><strong class=\"Yjhzub\" data-sfc-root=\"c\" data-sfc-cb=\"\">Polyvalence :<\/strong>\u00a0Compatible avec les gaz [Citez les gaz sur le cadran, ex: R32, R410A, R134a].<\/span><\/li>\n<li class=\"dF3vjf\" data-sfc-root=\"c\" data-sfc-cb=\"\" data-hveid=\"CGcQAw\"><span class=\"T286Pc\" data-sfc-cp=\"\" data-sfc-root=\"c\" data-sfc-cb=\"\" aria-owns=\"action-menu-parent-container\"><strong class=\"Yjhzub\" data-sfc-root=\"c\" data-sfc-cb=\"\">Utilisation facile :<\/strong>\u00a0Id\u00e9al pour les charges de gaz, le contr\u00f4le de pression ou les compl\u00e9ments de charge.<\/span><\/li>\n<\/ul>\n<div class=\"Y3BBE\" data-sfc-cp=\"\" data-sfc-root=\"c\" data-sfc-cb=\"\" data-hveid=\"CG8QAA\" data-processed=\"true\"><strong class=\"Yjhzub\" data-sfc-root=\"c\" data-sfc-cb=\"\">Sp\u00e9cifications :<\/strong><button class=\"rBl3me\" tabindex=\"0\" data-amic=\"true\" data-icl-uuid=\"d80c59db-0526-4c54-8765-0b3a0c541c0c\" aria-label=\"Afficher les liens associ\u00e9s\" data-wiz-attrbind=\"disabled=luXrFd_to\/C5gNJc;aria-label=luXrFd_to\/bOjMyf;class=luXrFd_to\/UpSNec\" data-ved=\"2ahUKEwjYu8uxsfmTAxVvfqQEHYWqECQQye0OegQIbxAB\" data-hveid=\"CG8QAQ\"><\/button><\/div>\n<ul class=\"KsbFXc U6u95\" data-sfc-root=\"c\" data-sfc-cb=\"\" data-processed=\"true\">\n<li class=\"dF3vjf\" data-sfc-root=\"c\" data-sfc-cb=\"\" data-hveid=\"CHYQAA\"><span class=\"T286Pc\" data-sfc-cp=\"\" data-sfc-root=\"c\" data-sfc-cb=\"\"><strong class=\"Yjhzub\" data-sfc-root=\"c\" data-sfc-cb=\"\">2x Flexibles :<\/strong> Longueur [ex: 90cm ] avec raccords standards 1\/4&Prime; SAE.<\/span><\/li>\n<li class=\"dF3vjf\" data-sfc-root=\"c\" data-sfc-cb=\"\" data-hveid=\"CHYQAQ\"><span class=\"T286Pc\" data-sfc-cp=\"\" data-sfc-root=\"c\" data-sfc-cb=\"\"><strong class=\"Yjhzub\" data-sfc-root=\"c\" data-sfc-cb=\"\">Vanne :<\/strong>\u00a0Molette robuste pour un contr\u00f4le pr\u00e9cis du d\u00e9bit.<\/span><button class=\"rBl3me\" tabindex=\"0\" data-amic=\"true\" data-icl-uuid=\"e35773e2-c7b4-43f6-8d9d-0534130ad211\" aria-label=\"Afficher les liens associ\u00e9s\" data-wiz-attrbind=\"disabled=luXrFd_vh\/C5gNJc;aria-label=luXrFd_vh\/bOjMyf;class=luXrFd_vh\/UpSNec\" data-ved=\"2ahUKEwjYu8uxsfmTAxVvfqQEHYWqECQQye0OegQIdhAC\" data-hveid=\"CHYQAg\"><\/button><\/li>\n<\/ul>\n","protected":false},"excerpt":{"rendered":"<div class=\"Y3BBE\" data-sfc-cp=\"\" data-sfc-root=\"c\" data-sfc-cb=\"\" data-hveid=\"CEgQAA\" data-processed=\"true\"><strong class=\"Yjhzub\" data-sfc-root=\"c\" data-sfc-cb=\"\">Kit Manifold 1 Voie + 2 Flexibles \u2013 Pack Complet Maintenance Clim\/Froid<\/strong><button class=\"rBl3me\" tabindex=\"0\" data-amic=\"true\" data-icl-uuid=\"08f242ae-cc04-4d0d-b66e-4130b33bfca3\" aria-label=\"Afficher les liens associ\u00e9s\" data-wiz-attrbind=\"disabled=luXrFd_kk\/C5gNJc;aria-label=luXrFd_kk\/bOjMyf;class=luXrFd_kk\/UpSNec\" data-ved=\"2ahUKEwjYu8uxsfmTAxVvfqQEHYWqECQQye0OegQISBAB\" data-hveid=\"CEgQAQ\"><\/button><\/div>\n<div class=\"Fsg96\" data-sfc-cp=\"\" data-sfc-root=\"c\" data-sfc-cb=\"\" data-processed=\"true\"><\/div>\n<hr class=\"j3tEEe\" data-sfc-root=\"c\" data-sfc-pl=\"|[]\" data-sfc-cb=\"\" data-processed=\"true\" \/>\n<div class=\"Fsg96\" data-sfc-cp=\"\" data-sfc-root=\"c\" data-sfc-cb=\"\" data-processed=\"true\">\n<div class=\"Y3BBE\" data-sfc-cp=\"\" data-sfc-root=\"c\" data-sfc-cb=\"\" data-hveid=\"CFoQAA\" data-processed=\"true\">Vends ensemble complet de mesure de pression pour circuits frigorifiques, pr\u00eat \u00e0 l&rsquo;usage imm\u00e9diat.<button class=\"rBl3me\" tabindex=\"0\" data-amic=\"true\" data-icl-uuid=\"23f6be37-cc4c-4ecf-b603-ea5119c09398\" aria-label=\"Afficher les liens associ\u00e9s\" data-wiz-attrbind=\"disabled=luXrFd_pe\/C5gNJc;aria-label=luXrFd_pe\/bOjMyf;class=luXrFd_pe\/UpSNec\" data-ved=\"2ahUKEwjYu8uxsfmTAxVvfqQEHYWqECQQye0OegQIWhAB\" data-hveid=\"CFoQAQ\"><\/button><\/div>\n<\/div>\n","protected":false},"featured_media":595,"comment_status":"open","ping_status":"closed","template":"","meta":{"advanced_seo_description":"","jetpack_seo_html_title":"","jetpack_seo_noindex":false},"product_brand":[78],"product_cat":[57],"product_tag":[82,166,162,93,163,153,164,97,165],"class_list":{"0":"post-594","1":"product","2":"type-product","3":"status-publish","4":"has-post-thumbnail","6":"product_brand-eko","7":"product_cat-outils-professionnel","8":"product_tag-flexible-clim","9":"product_tag-flexibles-sae","10":"product_tag-kit-frigoriste","11":"product_tag-manifold-1-voie","12":"product_tag-manometre-froid","13":"product_tag-outil-frigoriste","14":"product_tag-outillage-hvac","15":"product_tag-pompe-a-chaleur","16":"product_tag-recharge-climatisation","18":"first","19":"instock","20":"taxable","21":"shipping-taxable","22":"purchasable","23":"product-type-simple"},"jetpack_sharing_enabled":true,"_links":{"self":[{"href":"https:\/\/etstoubal.com\/index.php\/wp-json\/wp\/v2\/product\/594","targetHints":{"allow":["GET"]}}],"collection":[{"href":"https:\/\/etstoubal.com\/index.php\/wp-json\/wp\/v2\/product"}],"about":[{"href":"https:\/\/etstoubal.com\/index.php\/wp-json\/wp\/v2\/types\/product"}],"replies":[{"embeddable":true,"href":"https:\/\/etstoubal.com\/index.php\/wp-json\/wp\/v2\/comments?post=594"}],"wp:featuredmedia":[{"embeddable":true,"href":"https:\/\/etstoubal.com\/index.php\/wp-json\/wp\/v2\/media\/595"}],"wp:attachment":[{"href":"https:\/\/etstoubal.com\/index.php\/wp-json\/wp\/v2\/media?parent=594"}],"wp:term":[{"taxonomy":"product_brand","embeddable":true,"href":"https:\/\/etstoubal.com\/index.php\/wp-json\/wp\/v2\/product_brand?post=594"},{"taxonomy":"product_cat","embeddable":true,"href":"https:\/\/etstoubal.com\/index.php\/wp-json\/wp\/v2\/product_cat?post=594"},{"taxonomy":"product_tag","embeddable":true,"href":"https:\/\/etstoubal.com\/index.php\/wp-json\/wp\/v2\/product_tag?post=594"}],"curies":[{"name":"wp","href":"https:\/\/api.w.org\/{rel}","templated":true}]}}