{"id":624,"date":"2026-04-20T10:43:54","date_gmt":"2026-04-20T08:43:54","guid":{"rendered":"https:\/\/etstoubal.com\/?post_type=product&#038;p=624"},"modified":"2026-04-26T14:15:39","modified_gmt":"2026-04-26T12:15:39","slug":"stop-fuite-professionnel-errecom-extreme-ultra-6ml","status":"publish","type":"product","link":"https:\/\/etstoubal.com\/index.php\/produit\/stop-fuite-professionnel-errecom-extreme-ultra-6ml\/","title":{"rendered":"Stop-Fuite Professionnel Errecom EXTREME ULTRA (6ml)"},"content":{"rendered":"<p>Stop fuites AC\/R 6ML Extreme-Ultra est un produit innovant con\u00e7u pour r\u00e9parer rapidement et de mani\u00e8re permanente les petites fuites de r\u00e9frig\u00e9rants dans les syst\u00e8mes d&rsquo;air conditionn\u00e9 et de r\u00e9frig\u00e9ration. Facile \u00e0 utiliser, ce produit est compatible avec tous les gaz CFC, HFC et HCFC. Il ne contient pas de substances qui pourraient endommager l&rsquo;ozone. Conclusion: Pour un entretien simplifi\u00e9 et efficace de votre climatisation ou de votre r\u00e9frig\u00e9ration, optez pour Stop fuites AC\/R 6ML Extrem.<\/p>\n","protected":false},"excerpt":{"rendered":"<p>Marque : Errecom (Made in Italy)<\/p>\n<p>Mod\u00e8le : Extreme Ultra \u2013 Seringue de 6ml<\/p>\n","protected":false},"featured_media":628,"comment_status":"open","ping_status":"closed","template":"","meta":{"advanced_seo_description":"","jetpack_seo_html_title":"","jetpack_seo_noindex":false},"product_brand":[124],"product_cat":[55,57],"product_tag":[112,145,106,143,122,115,108,114,100,66,64,140,162,62],"class_list":{"0":"post-624","1":"product","2":"type-product","3":"status-publish","4":"has-post-thumbnail","6":"product_brand-errecom","7":"product_cat-freon-et-gaz","8":"product_cat-outils-professionnel","9":"product_tag-clim-r32","10":"product_tag-collet-battu","11":"product_tag-depannage-froid","12":"product_tag-dudgeonniere","13":"product_tag-entretien-climatisation","14":"product_tag-frigo","15":"product_tag-frigoriste","16":"product_tag-froid-commercial","17":"product_tag-froid-et-climatisation","18":"product_tag-froid-professionnel","19":"product_tag-hvac","20":"product_tag-installation-clim","21":"product_tag-kit-frigoriste","22":"product_tag-outillage-frigoriste","24":"first","25":"instock","26":"taxable","27":"shipping-taxable","28":"purchasable","29":"product-type-simple"},"jetpack_sharing_enabled":true,"_links":{"self":[{"href":"https:\/\/etstoubal.com\/index.php\/wp-json\/wp\/v2\/product\/624","targetHints":{"allow":["GET"]}}],"collection":[{"href":"https:\/\/etstoubal.com\/index.php\/wp-json\/wp\/v2\/product"}],"about":[{"href":"https:\/\/etstoubal.com\/index.php\/wp-json\/wp\/v2\/types\/product"}],"replies":[{"embeddable":true,"href":"https:\/\/etstoubal.com\/index.php\/wp-json\/wp\/v2\/comments?post=624"}],"wp:featuredmedia":[{"embeddable":true,"href":"https:\/\/etstoubal.com\/index.php\/wp-json\/wp\/v2\/media\/628"}],"wp:attachment":[{"href":"https:\/\/etstoubal.com\/index.php\/wp-json\/wp\/v2\/media?parent=624"}],"wp:term":[{"taxonomy":"product_brand","embeddable":true,"href":"https:\/\/etstoubal.com\/index.php\/wp-json\/wp\/v2\/product_brand?post=624"},{"taxonomy":"product_cat","embeddable":true,"href":"https:\/\/etstoubal.com\/index.php\/wp-json\/wp\/v2\/product_cat?post=624"},{"taxonomy":"product_tag","embeddable":true,"href":"https:\/\/etstoubal.com\/index.php\/wp-json\/wp\/v2\/product_tag?post=624"}],"curies":[{"name":"wp","href":"https:\/\/api.w.org\/{rel}","templated":true}]}}