{"id":639,"date":"2026-04-20T11:36:17","date_gmt":"2026-04-20T09:36:17","guid":{"rendered":"https:\/\/etstoubal.com\/?post_type=product&#038;p=639"},"modified":"2026-04-26T14:15:14","modified_gmt":"2026-04-26T12:15:14","slug":"dudgeonniere-universelle-refco-525-f-3-16-a-5-8-qualite-suisse-pour-frigoristes","status":"publish","type":"product","link":"https:\/\/etstoubal.com\/index.php\/produit\/dudgeonniere-universelle-refco-525-f-3-16-a-5-8-qualite-suisse-pour-frigoristes\/","title":{"rendered":"Dudgeonni\u00e8re Universelle REFCO 525-F (3\/16&Prime; \u00e0 5\/8&Prime;) &#8211; Qualit\u00e9 Suisse pour Frigoristes"},"content":{"rendered":"<ul class=\"KsbFXc U6u95\" data-sfc-root=\"c\" data-sfc-cb=\"\" data-complete=\"true\" data-processed=\"true\">\n<li class=\"dF3vjf\" data-sfc-root=\"c\" data-sfc-cb=\"\" data-hveid=\"CAEICBAA\" data-complete=\"true\" data-sae=\"\"><span class=\"T286Pc\" data-sfc-cp=\"\" data-sfc-root=\"c\" data-sfc-cb=\"\" data-complete=\"true\"><strong class=\"Yjhzub\" data-sfc-root=\"c\" data-sfc-cb=\"\" data-complete=\"true\">Polyvalence Totale<\/strong>\u00a0: Compatible avec les tubes en pouces (3\/16&Prime; \u00e0 5\/8&Prime;) et m\u00e9triques (5 \u00e0 16 mm).<\/span><\/li>\n<li class=\"dF3vjf\" data-sfc-root=\"c\" data-sfc-cb=\"\" data-hveid=\"CAEICBAB\" data-complete=\"true\" data-sae=\"\"><span class=\"T286Pc\" data-sfc-cp=\"\" data-sfc-root=\"c\" data-sfc-cb=\"\" data-complete=\"true\"><strong class=\"Yjhzub\" data-sfc-root=\"c\" data-sfc-cb=\"\" data-complete=\"true\">Mors Auto-Ajustable<\/strong>\u00a0: Le m\u00e9canisme \u00e0 diaphragme unique maintient fermement le tube, \u00e9liminant le besoin de barres de dudgeonnage encombrantes.<\/span><\/li>\n<li class=\"dF3vjf\" data-sfc-root=\"c\" data-sfc-cb=\"\" data-hveid=\"CAEICBAC\" data-complete=\"true\" data-sae=\"\"><span class=\"T286Pc\" data-sfc-cp=\"\" data-sfc-root=\"c\" data-sfc-cb=\"\" data-complete=\"true\"><strong class=\"Yjhzub\" data-sfc-root=\"c\" data-sfc-cb=\"\" data-complete=\"true\">Finition Lisse (Burnishing)<\/strong>\u00a0: Le c\u00f4ne en acier tremp\u00e9 poli et facett\u00e9 roule le m\u00e9tal pour un \u00e9tat de surface impeccable, r\u00e9duisant les risques de fuites.<\/span><\/li>\n<li class=\"dF3vjf\" data-sfc-root=\"c\" data-sfc-cb=\"\" data-hveid=\"CAEICBAD\" data-complete=\"true\" data-sae=\"\"><span class=\"T286Pc\" data-sfc-cp=\"\" data-sfc-root=\"c\" data-sfc-cb=\"\" data-complete=\"true\"><strong class=\"Yjhzub\" data-sfc-root=\"c\" data-sfc-cb=\"\" data-complete=\"true\">Conception Compacte<\/strong>\u00a0: Id\u00e9ale pour travailler dans des espaces restreints o\u00f9 les dudgeonni\u00e8res standards ne passent pas.<\/span><span class=\"uJ19be notranslate\" data-sfc-root=\"c\" data-wiz-uids=\"Y407ne_1x,Y407ne_1y\" data-sfc-cb=\"\" data-complete=\"true\"><span class=\"vKEkVd\" data-animation-atomic=\"\" data-wiz-attrbind=\"class=Y407ne_1w\/TKHnVd\" data-sae=\"\"><span aria-hidden=\"true\" aria-owns=\"action-menu-parent-container\">\u00a0<\/span><\/span><\/span><\/li>\n<\/ul>\n<ul class=\"KsbFXc U6u95\" data-sfc-root=\"c\" data-sfc-cb=\"\" data-complete=\"true\" data-processed=\"true\">\n<li class=\"dF3vjf\" data-sfc-root=\"c\" data-sfc-cb=\"\" data-hveid=\"CAEICxAA\" data-complete=\"true\" data-sae=\"\"><span class=\"T286Pc\" data-sfc-cp=\"\" data-sfc-root=\"c\" data-sfc-cb=\"\" data-complete=\"true\"><strong class=\"Yjhzub\" data-sfc-root=\"c\" data-sfc-cb=\"\" data-complete=\"true\">Capacit\u00e9<\/strong>\u00a0: 3\/16&Prime;, 1\/4&Prime;, 5\/16&Prime;, 3\/8&Prime;, 1\/2&Prime;, 5\/8&Prime; (O.D. Tubing).<\/span><\/li>\n<li class=\"dF3vjf\" data-sfc-root=\"c\" data-sfc-cb=\"\" data-hveid=\"CAEICxAB\" data-complete=\"true\" data-sae=\"\"><span class=\"T286Pc\" data-sfc-cp=\"\" data-sfc-root=\"c\" data-sfc-cb=\"\" data-complete=\"true\"><strong class=\"Yjhzub\" data-sfc-root=\"c\" data-sfc-cb=\"\" data-complete=\"true\">Angle de dudgeonnage<\/strong>\u00a0: 45\u00b0 standard.<\/span><\/li>\n<li class=\"dF3vjf\" data-sfc-root=\"c\" data-sfc-cb=\"\" data-hveid=\"CAEICxAC\" data-complete=\"true\" data-sae=\"\"><span class=\"T286Pc\" data-sfc-cp=\"\" data-sfc-root=\"c\" data-sfc-cb=\"\" data-complete=\"true\"><strong class=\"Yjhzub\" data-sfc-root=\"c\" data-sfc-cb=\"\" data-complete=\"true\">Mat\u00e9riaux compatibles<\/strong>\u00a0: Cuivre doux, aluminium, laiton.<\/span><\/li>\n<li class=\"dF3vjf\" data-sfc-root=\"c\" data-sfc-cb=\"\" data-hveid=\"CAEICxAD\" data-complete=\"true\" data-sae=\"\"><span class=\"T286Pc\" data-sfc-cp=\"\" data-sfc-root=\"c\" data-sfc-cb=\"\" data-complete=\"true\"><strong class=\"Yjhzub\" data-sfc-root=\"c\" data-sfc-cb=\"\" data-complete=\"true\">Poids<\/strong>\u00a0: 0,81 kg (net) \/ 0,88 kg (brut).<\/span><\/li>\n<li class=\"dF3vjf\" data-sfc-root=\"c\" data-sfc-cb=\"\" data-hveid=\"CAEICxAE\" data-complete=\"true\" data-sae=\"\"><span class=\"T286Pc\" data-sfc-cp=\"\" data-sfc-root=\"c\" data-sfc-cb=\"\" data-complete=\"true\" aria-owns=\"action-menu-parent-container\"><strong class=\"Yjhzub\" data-sfc-root=\"c\" data-sfc-cb=\"\" data-complete=\"true\">Num\u00e9ro d&rsquo;article<\/strong>\u00a0: 9881571.<\/span><\/li>\n<\/ul>\n<p>&nbsp;<\/p>\n","protected":false},"excerpt":{"rendered":"<p>Gagnez en rapidit\u00e9 avec la dudgeonni\u00e8re universelle REFCO 525-F. Son syst\u00e8me de mors unique permet de r\u00e9aliser des collets \u00e0 45\u00b0 parfaits sur tubes cuivre et laiton, sans changer de matrice. Un outil robuste, compact et d&rsquo;une pr\u00e9cision professionnelle.<\/p>\n","protected":false},"featured_media":640,"comment_status":"open","ping_status":"closed","template":"","meta":{"advanced_seo_description":"","jetpack_seo_html_title":"","jetpack_seo_noindex":false},"product_brand":[157],"product_cat":[57],"product_tag":[112,145,106,143,159,122,115,108,114,100,66,64,140,147,162],"class_list":{"0":"post-639","1":"product","2":"type-product","3":"status-publish","4":"has-post-thumbnail","6":"product_brand-refco","7":"product_cat-outils-professionnel","8":"product_tag-clim-r32","9":"product_tag-collet-battu","10":"product_tag-depannage-froid","11":"product_tag-dudgeonniere","12":"product_tag-dudgeonniere-pro","13":"product_tag-entretien-climatisation","14":"product_tag-frigo","15":"product_tag-frigoriste","16":"product_tag-froid-commercial","17":"product_tag-froid-et-climatisation","18":"product_tag-froid-professionnel","19":"product_tag-hvac","20":"product_tag-installation-clim","21":"product_tag-kit-dudgeon","22":"product_tag-kit-frigoriste","24":"first","25":"instock","26":"taxable","27":"shipping-taxable","28":"purchasable","29":"product-type-simple"},"jetpack_sharing_enabled":true,"_links":{"self":[{"href":"https:\/\/etstoubal.com\/index.php\/wp-json\/wp\/v2\/product\/639","targetHints":{"allow":["GET"]}}],"collection":[{"href":"https:\/\/etstoubal.com\/index.php\/wp-json\/wp\/v2\/product"}],"about":[{"href":"https:\/\/etstoubal.com\/index.php\/wp-json\/wp\/v2\/types\/product"}],"replies":[{"embeddable":true,"href":"https:\/\/etstoubal.com\/index.php\/wp-json\/wp\/v2\/comments?post=639"}],"wp:featuredmedia":[{"embeddable":true,"href":"https:\/\/etstoubal.com\/index.php\/wp-json\/wp\/v2\/media\/640"}],"wp:attachment":[{"href":"https:\/\/etstoubal.com\/index.php\/wp-json\/wp\/v2\/media?parent=639"}],"wp:term":[{"taxonomy":"product_brand","embeddable":true,"href":"https:\/\/etstoubal.com\/index.php\/wp-json\/wp\/v2\/product_brand?post=639"},{"taxonomy":"product_cat","embeddable":true,"href":"https:\/\/etstoubal.com\/index.php\/wp-json\/wp\/v2\/product_cat?post=639"},{"taxonomy":"product_tag","embeddable":true,"href":"https:\/\/etstoubal.com\/index.php\/wp-json\/wp\/v2\/product_tag?post=639"}],"curies":[{"name":"wp","href":"https:\/\/api.w.org\/{rel}","templated":true}]}}