{"id":717,"date":"2026-04-25T18:01:18","date_gmt":"2026-04-25T16:01:18","guid":{"rendered":"https:\/\/etstoubal.com\/?post_type=product&#038;p=717"},"modified":"2026-04-25T18:01:18","modified_gmt":"2026-04-25T16:01:18","slug":"compresseur-cubigel-gpt18ra-2-3-hp-r134a-220v-haute-moyenne-pression-hmbp","status":"publish","type":"product","link":"https:\/\/etstoubal.com\/index.php\/produit\/compresseur-cubigel-gpt18ra-2-3-hp-r134a-220v-haute-moyenne-pression-hmbp\/","title":{"rendered":"Compresseur Cubigel GPT18RA \u2013 2\/3 HP+ | R134a 220v | Haute\/Moyenne Pression (HMBP)"},"content":{"rendered":"<div class=\"otQkpb\" role=\"heading\" aria-level=\"3\" data-animation-nesting=\"\" data-sfc-cp=\"\" data-sfc-root=\"c\" data-sfc-cb=\"\" data-complete=\"true\" data-processed=\"true\" data-sae=\"\">\u00a0Points Forts (Arguments de Vente)<button class=\"rBl3me\" tabindex=\"0\" data-amic=\"true\" data-icl-uuid=\"fca2cbc8-3054-4702-ad6c-63c4fcfabd3d\" aria-label=\"Afficher les liens associ\u00e9s\" data-wiz-attrbind=\"disabled=NkTKZb_19\/C5gNJc;aria-label=NkTKZb_19\/bOjMyf;class=NkTKZb_19\/UpSNec\" data-ved=\"2ahUKEwiA9daxromUAxWHdqQEHdGpJDYQye0OegYIAQgFEAA\" data-hveid=\"CAEIBRAA\"><\/button><\/div>\n<ul class=\"KsbFXc U6u95\" data-sfc-root=\"c\" data-sfc-cb=\"\" data-complete=\"true\" data-processed=\"true\">\n<li class=\"Z1qcYe\" data-sfc-cp=\"\" data-sfc-root=\"c\" data-sfc-cb=\"\" data-hveid=\"CAEIBhAA\" data-complete=\"true\" data-sae=\"\"><span class=\"T286Pc\" data-sfc-cp=\"\" data-sfc-root=\"c\" data-sfc-cb=\"\" data-complete=\"true\"><strong class=\"Yjhzub\" data-sfc-root=\"c\" data-sfc-cb=\"\" data-complete=\"true\">Performance R134A<\/strong> : Optimis\u00e9 pour le fluide R134A, offrant une descente en temp\u00e9rature rapide et une grande stabilit\u00e9 thermique.<\/span><\/li>\n<li class=\"Z1qcYe\" data-sfc-cp=\"\" data-sfc-root=\"c\" data-sfc-cb=\"\" data-hveid=\"CAEIBhAB\" data-complete=\"true\" data-sae=\"\"><span class=\"T286Pc\" data-sfc-cp=\"\" data-sfc-root=\"c\" data-sfc-cb=\"\" data-complete=\"true\"><strong class=\"Yjhzub\" data-sfc-root=\"c\" data-sfc-cb=\"\" data-complete=\"true\">Cylindr\u00e9e Importante (18 cm\u00b3)<\/strong>\u00a0: Assure un d\u00e9bit suffisant pour les grandes vitrines, les machines \u00e0 gla\u00e7ons de forte capacit\u00e9 ou les refroidisseurs de liquide.<\/span><\/li>\n<li class=\"Z1qcYe\" data-sfc-cp=\"\" data-sfc-root=\"c\" data-sfc-cb=\"\" data-hveid=\"CAEIBhAC\" data-complete=\"true\" data-sae=\"\"><span class=\"T286Pc\" data-sfc-cp=\"\" data-sfc-root=\"c\" data-sfc-cb=\"\" data-complete=\"true\"><strong class=\"Yjhzub\" data-sfc-root=\"c\" data-sfc-cb=\"\" data-complete=\"true\">D\u00e9marrage Haute Pression (HST)<\/strong>\u00a0: \u00c9quip\u00e9 d&rsquo;un syst\u00e8me de d\u00e9marrage robuste, parfait pour les installations avec d\u00e9tendeur thermique.<\/span><\/li>\n<li class=\"Z1qcYe\" data-sfc-cp=\"\" data-sfc-root=\"c\" data-sfc-cb=\"\" data-hveid=\"CAEIBhAD\" data-complete=\"true\" data-sae=\"\"><span class=\"T286Pc\" data-sfc-cp=\"\" data-sfc-root=\"c\" data-sfc-cb=\"\" data-complete=\"true\" aria-owns=\"action-menu-parent-container\"><strong class=\"Yjhzub\" data-sfc-root=\"c\" data-sfc-cb=\"\" data-complete=\"true\">Conception Industrielle<\/strong>\u00a0: R\u00e9siste aux conditions de travail intensives (cuisines pro, laboratoires, supermarch\u00e9s).<\/span><\/li>\n<\/ul>\n","protected":false},"excerpt":{"rendered":"<p><strong>Puissance et fiabilit\u00e9 thermique pour vos chambres froides et meubles r\u00e9frig\u00e9r\u00e9s professionnels.<\/strong><\/p>\n<p>&nbsp;<\/p>\n","protected":false},"featured_media":719,"comment_status":"open","ping_status":"closed","template":"","meta":{"advanced_seo_description":"","jetpack_seo_html_title":"","jetpack_seo_noindex":false},"product_brand":[181],"product_cat":[180],"product_tag":[183,106,115,108,171,114,100,66],"class_list":{"0":"post-717","1":"product","2":"type-product","3":"status-publish","4":"has-post-thumbnail","6":"product_brand-cubigel","7":"product_cat-compresseur","8":"product_tag-compresseur","9":"product_tag-depannage-froid","10":"product_tag-frigo","11":"product_tag-frigoriste","12":"product_tag-froid","13":"product_tag-froid-commercial","14":"product_tag-froid-et-climatisation","15":"product_tag-froid-professionnel","17":"first","18":"instock","19":"taxable","20":"shipping-taxable","21":"purchasable","22":"product-type-simple"},"jetpack_sharing_enabled":true,"_links":{"self":[{"href":"https:\/\/etstoubal.com\/index.php\/wp-json\/wp\/v2\/product\/717","targetHints":{"allow":["GET"]}}],"collection":[{"href":"https:\/\/etstoubal.com\/index.php\/wp-json\/wp\/v2\/product"}],"about":[{"href":"https:\/\/etstoubal.com\/index.php\/wp-json\/wp\/v2\/types\/product"}],"replies":[{"embeddable":true,"href":"https:\/\/etstoubal.com\/index.php\/wp-json\/wp\/v2\/comments?post=717"}],"wp:featuredmedia":[{"embeddable":true,"href":"https:\/\/etstoubal.com\/index.php\/wp-json\/wp\/v2\/media\/719"}],"wp:attachment":[{"href":"https:\/\/etstoubal.com\/index.php\/wp-json\/wp\/v2\/media?parent=717"}],"wp:term":[{"taxonomy":"product_brand","embeddable":true,"href":"https:\/\/etstoubal.com\/index.php\/wp-json\/wp\/v2\/product_brand?post=717"},{"taxonomy":"product_cat","embeddable":true,"href":"https:\/\/etstoubal.com\/index.php\/wp-json\/wp\/v2\/product_cat?post=717"},{"taxonomy":"product_tag","embeddable":true,"href":"https:\/\/etstoubal.com\/index.php\/wp-json\/wp\/v2\/product_tag?post=717"}],"curies":[{"name":"wp","href":"https:\/\/api.w.org\/{rel}","templated":true}]}}