{"id":721,"date":"2026-04-25T18:11:46","date_gmt":"2026-04-25T16:11:46","guid":{"rendered":"https:\/\/etstoubal.com\/?post_type=product&#038;p=721"},"modified":"2026-04-25T18:11:46","modified_gmt":"2026-04-25T16:11:46","slug":"pompe-a-vide-mono-etagee-super-flame-vp115-1-5-cfm-42-l-min","status":"publish","type":"product","link":"https:\/\/etstoubal.com\/index.php\/produit\/pompe-a-vide-mono-etagee-super-flame-vp115-1-5-cfm-42-l-min\/","title":{"rendered":"Pompe \u00e0 Vide Mono-\u00e9tag\u00e9e Super Flame VP115 \u2013 1.5 CFM \/ 42 L\/min"},"content":{"rendered":"<p><strong>\u00a0Points Forts (Pourquoi l&rsquo;acheter ?) :<\/strong><\/p>\n<ul class=\"KsbFXc U6u95\" data-sfc-root=\"c\" data-sfc-cb=\"\" data-complete=\"true\" data-processed=\"true\">\n<li class=\"Z1qcYe\" data-sfc-cp=\"\" data-sfc-root=\"c\" data-sfc-cb=\"\" data-hveid=\"CAEIBhAA\" data-complete=\"true\" data-sae=\"\"><span class=\"T286Pc\" data-sfc-cp=\"\" data-sfc-root=\"c\" data-sfc-cb=\"\" data-complete=\"true\"><strong class=\"Yjhzub\" data-sfc-root=\"c\" data-sfc-cb=\"\" data-complete=\"true\">Performance Stable &amp; Fiable<\/strong>\u00a0: Con\u00e7ue pour offrir un vide pouss\u00e9 constant, garantissant l&rsquo;\u00e9limination totale de l&rsquo;humidit\u00e9 et de l&rsquo;air dans le circuit.<\/span><\/li>\n<li class=\"Z1qcYe\" data-sfc-cp=\"\" data-sfc-root=\"c\" data-sfc-cb=\"\" data-hveid=\"CAEIBhAB\" data-complete=\"true\" data-sae=\"\"><span class=\"T286Pc\" data-sfc-cp=\"\" data-sfc-root=\"c\" data-sfc-cb=\"\" data-complete=\"true\"><strong class=\"Yjhzub\" data-sfc-root=\"c\" data-sfc-cb=\"\" data-complete=\"true\">Conception Haute Pr\u00e9cision<\/strong>\u00a0: Fabriqu\u00e9e avec des mat\u00e9riaux de haute qualit\u00e9 pour une durabilit\u00e9 accrue, m\u00eame lors d&rsquo;utilisations intensives sur chantier.<\/span><\/li>\n<li class=\"Z1qcYe\" data-sfc-cp=\"\" data-sfc-root=\"c\" data-sfc-cb=\"\" data-hveid=\"CAEIBhAC\" data-complete=\"true\" data-sae=\"\"><span class=\"T286Pc\" data-sfc-cp=\"\" data-sfc-root=\"c\" data-sfc-cb=\"\" data-complete=\"true\"><strong class=\"Yjhzub\" data-sfc-root=\"c\" data-sfc-cb=\"\" data-complete=\"true\">Ergonomie &amp; Transport<\/strong>\u00a0: Poign\u00e9e antid\u00e9rapante robuste et format compact pour une manipulation facile, m\u00eame dans les espaces restreints.<\/span><\/li>\n<li class=\"Z1qcYe\" data-sfc-cp=\"\" data-sfc-root=\"c\" data-sfc-cb=\"\" data-hveid=\"CAEIBhAD\" data-complete=\"true\" data-sae=\"\"><span class=\"T286Pc\" data-sfc-cp=\"\" data-sfc-root=\"c\" data-sfc-cb=\"\" data-complete=\"true\"><strong class=\"Yjhzub\" data-sfc-root=\"c\" data-sfc-cb=\"\" data-complete=\"true\">D\u00e9marrage Facile<\/strong> : \u00c9quip\u00e9e d&rsquo;un moteur performant assurant un d\u00e9marrage fluide sous toutes les conditions.<\/span><\/li>\n<\/ul>\n<p><strong>Sp\u00e9cifications Techniques :<\/strong><\/p>\n<ul class=\"KsbFXc U6u95\" data-sfc-root=\"c\" data-sfc-cb=\"\" data-processed=\"true\" data-complete=\"true\">\n<li class=\"Z1qcYe\" data-sfc-cp=\"\" data-sfc-root=\"c\" data-sfc-cb=\"\" data-hveid=\"CAEICBAA\" data-complete=\"true\" data-sae=\"\"><span class=\"T286Pc\" data-sfc-cp=\"\" data-sfc-root=\"c\" data-sfc-cb=\"\" data-complete=\"true\"><strong class=\"Yjhzub\" data-sfc-root=\"c\" data-sfc-cb=\"\" data-complete=\"true\">Mod\u00e8le<\/strong>\u00a0: VP115 (1 Stage Vacuum Pump).<\/span><\/li>\n<li class=\"Z1qcYe\" data-sfc-cp=\"\" data-sfc-root=\"c\" data-sfc-cb=\"\" data-hveid=\"CAEICBAB\" data-sae=\"\" data-complete=\"true\"><span class=\"T286Pc\" data-sfc-cp=\"\" data-sfc-root=\"c\" data-sfc-cb=\"\" data-complete=\"true\"><strong class=\"Yjhzub\" data-sfc-root=\"c\" data-sfc-cb=\"\" data-complete=\"true\">D\u00e9bit d&rsquo;air (Free Air Displacement)<\/strong>\u00a0: 1.5 CFM (environ 42 Litres\/minute).<\/span><\/li>\n<li class=\"Z1qcYe\" data-sfc-cp=\"\" data-sfc-root=\"c\" data-sfc-cb=\"\" data-hveid=\"CAEICBAC\" data-complete=\"true\" data-processed=\"true\" data-sae=\"\"><span class=\"T286Pc\" data-sfc-cp=\"\" data-sfc-root=\"c\" data-sfc-cb=\"\" data-complete=\"true\"><strong class=\"Yjhzub\" data-sfc-root=\"c\" data-sfc-cb=\"\" data-complete=\"true\">Vide Final (Ultimate Vacuum)<\/strong>\u00a0: 5 Pa.<\/span><\/li>\n<li class=\"Z1qcYe\" data-sfc-cp=\"\" data-sfc-root=\"c\" data-sfc-cb=\"\" data-hveid=\"CAEICBAD\" data-complete=\"true\" data-processed=\"true\" data-sae=\"\"><span class=\"T286Pc\" data-sfc-cp=\"\" data-sfc-root=\"c\" data-sfc-cb=\"\" data-complete=\"true\"><strong class=\"Yjhzub\" data-sfc-root=\"c\" data-sfc-cb=\"\" data-complete=\"true\">Puissance moteur<\/strong>\u00a0: 1\/4 HP.<\/span><\/li>\n<li class=\"Z1qcYe\" data-sfc-cp=\"\" data-sfc-root=\"c\" data-sfc-cb=\"\" data-hveid=\"CAEICBAE\" data-complete=\"true\" data-processed=\"true\" data-sae=\"\"><span class=\"T286Pc\" data-sfc-cp=\"\" data-sfc-root=\"c\" data-sfc-cb=\"\" data-complete=\"true\"><strong class=\"Yjhzub\" data-sfc-root=\"c\" data-sfc-cb=\"\" data-complete=\"true\">Alimentation<\/strong>\u00a0: 220V \/ 50Hz.<\/span><\/li>\n<li class=\"Z1qcYe\" data-sfc-cp=\"\" data-sfc-root=\"c\" data-sfc-cb=\"\" data-hveid=\"CAEICBAF\" data-complete=\"true\" data-processed=\"true\" data-sae=\"\"><span class=\"T286Pc\" data-sfc-cp=\"\" data-sfc-root=\"c\" data-sfc-cb=\"\" data-complete=\"true\" aria-owns=\"action-menu-parent-container\"><strong class=\"Yjhzub\" data-sfc-root=\"c\" data-sfc-cb=\"\" data-complete=\"true\">Raccord d&rsquo;entr\u00e9e<\/strong>\u00a0: 1\/4&Prime; Flare.<\/span><\/li>\n<\/ul>\n<p>&nbsp;<\/p>\n<div class=\"Fsg96\" data-sfc-cp=\"\" data-sfc-root=\"c\" data-sfc-cb=\"\" data-complete=\"true\" data-processed=\"true\">\u00a0 \u00a0 \u00a0 \u00a0 \u00a0 \u00a0 \u00a0 \u00a0 <strong class=\"Yjhzub\" data-sfc-root=\"c\" data-sfc-cb=\"\" data-complete=\"true\">\u00ab\u00a0Conseil Pro :<\/strong>\u00a0Pour garantir la long\u00e9vit\u00e9 de votre pompe VP115 et la qualit\u00e9 du vide, pensez \u00e0 v\u00e9rifier le niveau d&rsquo;huile avant chaque utilisation et \u00e0 la remplacer d\u00e8s qu&rsquo;elle devient trouble ou apr\u00e8s 20 heures de fonctionnement.\u00a0\u00bb<\/div>\n","protected":false},"excerpt":{"rendered":"<p><strong>L&rsquo;outil indispensable pour un tirage au vide efficace et stable de vos syst\u00e8mes de climatisation et r\u00e9frig\u00e9ration.<\/strong><\/p>\n","protected":false},"featured_media":722,"comment_status":"open","ping_status":"closed","template":"","meta":{"advanced_seo_description":"","jetpack_seo_html_title":"","jetpack_seo_noindex":false},"product_brand":[78],"product_cat":[57],"product_tag":[90,184,106,122,115,108,114,100,66,64,140,160,107,75],"class_list":{"0":"post-721","1":"product","2":"type-product","3":"status-publish","4":"has-post-thumbnail","6":"product_brand-eko","7":"product_cat-outils-professionnel","8":"product_tag-charge-gaz-clim","9":"product_tag-clim","10":"product_tag-depannage-froid","11":"product_tag-entretien-climatisation","12":"product_tag-frigo","13":"product_tag-frigoriste","14":"product_tag-froid-commercial","15":"product_tag-froid-et-climatisation","16":"product_tag-froid-professionnel","17":"product_tag-hvac","18":"product_tag-installation-clim","19":"product_tag-outillage-frigoriste-suisse","20":"product_tag-pompe-a-vide","21":"product_tag-r410a","23":"first","24":"instock","25":"taxable","26":"shipping-taxable","27":"purchasable","28":"product-type-simple"},"jetpack_sharing_enabled":true,"_links":{"self":[{"href":"https:\/\/etstoubal.com\/index.php\/wp-json\/wp\/v2\/product\/721","targetHints":{"allow":["GET"]}}],"collection":[{"href":"https:\/\/etstoubal.com\/index.php\/wp-json\/wp\/v2\/product"}],"about":[{"href":"https:\/\/etstoubal.com\/index.php\/wp-json\/wp\/v2\/types\/product"}],"replies":[{"embeddable":true,"href":"https:\/\/etstoubal.com\/index.php\/wp-json\/wp\/v2\/comments?post=721"}],"wp:featuredmedia":[{"embeddable":true,"href":"https:\/\/etstoubal.com\/index.php\/wp-json\/wp\/v2\/media\/722"}],"wp:attachment":[{"href":"https:\/\/etstoubal.com\/index.php\/wp-json\/wp\/v2\/media?parent=721"}],"wp:term":[{"taxonomy":"product_brand","embeddable":true,"href":"https:\/\/etstoubal.com\/index.php\/wp-json\/wp\/v2\/product_brand?post=721"},{"taxonomy":"product_cat","embeddable":true,"href":"https:\/\/etstoubal.com\/index.php\/wp-json\/wp\/v2\/product_cat?post=721"},{"taxonomy":"product_tag","embeddable":true,"href":"https:\/\/etstoubal.com\/index.php\/wp-json\/wp\/v2\/product_tag?post=721"}],"curies":[{"name":"wp","href":"https:\/\/api.w.org\/{rel}","templated":true}]}}