{"id":770,"date":"2026-04-26T15:30:42","date_gmt":"2026-04-26T13:30:42","guid":{"rendered":"https:\/\/etstoubal.com\/?post_type=product&#038;p=770"},"modified":"2026-04-26T15:34:26","modified_gmt":"2026-04-26T13:34:26","slug":"bouteille-gaz-r22-1000g-fluide-frigorigene-pour-ancienne-clim-froid","status":"publish","type":"product","link":"https:\/\/etstoubal.com\/index.php\/produit\/bouteille-gaz-r22-1000g-fluide-frigorigene-pour-ancienne-clim-froid\/","title":{"rendered":"Bouteille Gaz R22 (1000g) \u2013 Fluide Frigorig\u00e8ne pour Ancienne Clim \/ Froid"},"content":{"rendered":"<ul class=\"KsbFXc U6u95\" data-sfc-root=\"c\" data-sfc-cb=\"\" data-complete=\"true\" data-processed=\"true\">\n<li class=\"Z1qcYe\" data-sfc-cp=\"\" data-sfc-root=\"c\" data-sfc-cb=\"\" data-hveid=\"CAEIChAA\" data-complete=\"true\" data-sae=\"\"><span class=\"T286Pc\" data-sfc-cp=\"\" data-sfc-root=\"c\" data-sfc-cb=\"\" data-complete=\"true\"><strong class=\"Yjhzub\" data-sfc-root=\"c\" data-sfc-cb=\"\" data-complete=\"true\">Contenance g\u00e9n\u00e9reuse :<\/strong> 1000g, permet d&rsquo;effectuer une recharge compl\u00e8te ou plusieurs appoints.<\/span><\/li>\n<li class=\"Z1qcYe\" data-sfc-cp=\"\" data-sfc-root=\"c\" data-sfc-cb=\"\" data-hveid=\"CAEIChAB\" data-complete=\"true\" data-sae=\"\"><span class=\"T286Pc\" data-sfc-cp=\"\" data-sfc-root=\"c\" data-sfc-cb=\"\" data-complete=\"true\"><strong class=\"Yjhzub\" data-sfc-root=\"c\" data-sfc-cb=\"\" data-complete=\"true\">Qualit\u00e9 pro :<\/strong>\u00a0Gaz stable assurant une performance de froid optimale pour vos anciens appareils.<\/span><\/li>\n<li class=\"Z1qcYe\" data-sfc-cp=\"\" data-sfc-root=\"c\" data-sfc-cb=\"\" data-hveid=\"CAEIChAC\" data-complete=\"true\" data-sae=\"\"><span class=\"T286Pc\" data-sfc-cp=\"\" data-sfc-root=\"c\" data-sfc-cb=\"\" data-complete=\"true\"><strong class=\"Yjhzub\" data-sfc-root=\"c\" data-sfc-cb=\"\" data-complete=\"true\">Pr\u00eat \u00e0 l&#8217;emploi :<\/strong>\u00a0Bouteille compacte et facile \u00e0 transporter pour les interventions sur site.<\/span><\/li>\n<li class=\"Z1qcYe\" data-sfc-cp=\"\" data-sfc-root=\"c\" data-sfc-cb=\"\" data-hveid=\"CAEIChAD\" data-complete=\"true\" data-sae=\"\"><span class=\"T286Pc\" data-sfc-cp=\"\" data-sfc-root=\"c\" data-sfc-cb=\"\" data-complete=\"true\" aria-owns=\"action-menu-parent-container\"><strong class=\"Yjhzub\" data-sfc-root=\"c\" data-sfc-cb=\"\" data-complete=\"true\">S\u00e9curit\u00e9 :<\/strong>\u00a0Conditionnement d&rsquo;origine avec toutes les mentions de s\u00e9curit\u00e9 (UN 1018).<\/span><\/li>\n<\/ul>\n<div class=\"n6owBd awi2gc\" data-sfc-cp=\"\" data-sfc-root=\"c\" data-sfc-cb=\"\" data-hveid=\"CAEICxAA\" data-complete=\"true\" data-processed=\"true\"><strong class=\"Yjhzub\" data-sfc-root=\"c\" data-sfc-cb=\"\" data-complete=\"true\" data-processed=\"true\">Usage :<\/strong> Sp\u00e9cialement pour les installations de climatisation r\u00e9sidentielle ancienne, les climatiseurs de fen\u00eatre (window) et certains syst\u00e8mes de r\u00e9frig\u00e9ration commerciale.<\/div>\n","protected":false},"excerpt":{"rendered":"<p><strong>\u00a0bouteille de gaz r\u00e9frig\u00e9rant\u00a0<strong class=\"Yjhzub\" data-sfc-root=\"c\" data-sfc-cb=\"\" data-complete=\"true\" data-processed=\"true\">R22<\/strong>\u00a0de haute puret\u00e9. Id\u00e9al pour les techniciens ou particuliers ayant besoin de recharger ou de d\u00e9panner des syst\u00e8mes de climatisation ou groupes frigorifiques fonctionnant encore avec ce fluide<\/strong><\/p>\n","protected":false},"featured_media":771,"comment_status":"open","ping_status":"closed","template":"","meta":{"advanced_seo_description":"","jetpack_seo_html_title":"","jetpack_seo_noindex":false},"product_brand":[193],"product_cat":[55],"product_tag":[26,206,106,197,204,203,119,62,207,205],"class_list":{"0":"post-770","1":"product","2":"type-product","3":"status-publish","4":"has-post-thumbnail","6":"product_brand-refrigerant","7":"product_cat-freon-et-gaz","8":"product_tag-automobiles","9":"product_tag-bouteille-r22","10":"product_tag-depannage-froid","11":"product_tag-fluide-frigorigene","12":"product_tag-freon-r22","13":"product_tag-gaz-r22","14":"product_tag-maintenance-climatisation","15":"product_tag-outillage-frigoriste","16":"product_tag-r-22","17":"product_tag-recharge-clim-ancienne","19":"first","20":"instock","21":"taxable","22":"shipping-taxable","23":"purchasable","24":"product-type-simple"},"jetpack_sharing_enabled":true,"_links":{"self":[{"href":"https:\/\/etstoubal.com\/index.php\/wp-json\/wp\/v2\/product\/770","targetHints":{"allow":["GET"]}}],"collection":[{"href":"https:\/\/etstoubal.com\/index.php\/wp-json\/wp\/v2\/product"}],"about":[{"href":"https:\/\/etstoubal.com\/index.php\/wp-json\/wp\/v2\/types\/product"}],"replies":[{"embeddable":true,"href":"https:\/\/etstoubal.com\/index.php\/wp-json\/wp\/v2\/comments?post=770"}],"wp:featuredmedia":[{"embeddable":true,"href":"https:\/\/etstoubal.com\/index.php\/wp-json\/wp\/v2\/media\/771"}],"wp:attachment":[{"href":"https:\/\/etstoubal.com\/index.php\/wp-json\/wp\/v2\/media?parent=770"}],"wp:term":[{"taxonomy":"product_brand","embeddable":true,"href":"https:\/\/etstoubal.com\/index.php\/wp-json\/wp\/v2\/product_brand?post=770"},{"taxonomy":"product_cat","embeddable":true,"href":"https:\/\/etstoubal.com\/index.php\/wp-json\/wp\/v2\/product_cat?post=770"},{"taxonomy":"product_tag","embeddable":true,"href":"https:\/\/etstoubal.com\/index.php\/wp-json\/wp\/v2\/product_tag?post=770"}],"curies":[{"name":"wp","href":"https:\/\/api.w.org\/{rel}","templated":true}]}}