{"id":802,"date":"2026-04-27T12:41:33","date_gmt":"2026-04-27T10:41:33","guid":{"rendered":"https:\/\/etstoubal.com\/?post_type=product&#038;p=802"},"modified":"2026-04-27T12:41:33","modified_gmt":"2026-04-27T10:41:33","slug":"manifold-value-vmg-2-r22-b-02-manometre-2-voies-multi-gaz-r22-r134a-r404a-r407c","status":"publish","type":"product","link":"https:\/\/etstoubal.com\/index.php\/produit\/manifold-value-vmg-2-r22-b-02-manometre-2-voies-multi-gaz-r22-r134a-r404a-r407c\/","title":{"rendered":"Manifold VALUE VMG-2-R22-B-02 \u2013 Manom\u00e8tre 2 Voies Multi-Gaz (R22\/R134a\/R404A\/R407C)"},"content":{"rendered":"<p><strong class=\"Yjhzub\" data-sfc-root=\"c\" data-sfc-cb=\"\" data-complete=\"true\" data-processed=\"true\">Marque :<\/strong>\u00a0VALUE (Qualit\u00e9 Certifi\u00e9e)<br data-sfc-root=\"c\" data-sfc-pl=\"|[]\" data-sfc-cb=\"\" data-complete=\"true\" data-processed=\"true\" \/><strong class=\"Yjhzub\" data-sfc-root=\"c\" data-sfc-cb=\"\" data-complete=\"true\" data-processed=\"true\">Mod\u00e8le :<\/strong>\u00a0VMG-2-R22-B-02<\/p>\n<div class=\"n6owBd awi2gc\" data-sfc-cp=\"\" data-sfc-root=\"c\" data-sfc-cb=\"\" data-hveid=\"CAEICBAA\" data-processed=\"true\" data-complete=\"true\"><strong class=\"Yjhzub\" data-sfc-root=\"c\" data-sfc-cb=\"\" data-complete=\"true\" data-processed=\"true\">Points forts &amp; Caract\u00e9ristiques :<\/strong><\/div>\n<ul class=\"KsbFXc U6u95\" data-sfc-root=\"c\" data-sfc-cb=\"\" data-complete=\"true\" data-processed=\"true\">\n<li class=\"Z1qcYe\" data-sfc-cp=\"\" data-sfc-root=\"c\" data-sfc-cb=\"\" data-hveid=\"CAEICRAA\" data-complete=\"true\" data-sae=\"\"><span class=\"T286Pc\" data-sfc-cp=\"\" data-sfc-root=\"c\" data-sfc-cb=\"\" data-complete=\"true\"><strong class=\"Yjhzub\" data-sfc-root=\"c\" data-sfc-cb=\"\" data-complete=\"true\">Multi-Fluides :<\/strong>\u00a0Compatible avec les gaz\u00a0<strong class=\"Yjhzub\" data-sfc-root=\"c\" data-sfc-cb=\"\" data-complete=\"true\">R22, R134a, R404A et R407C<\/strong>\u00a0(\u00e9chelles de temp\u00e9rature claires sur les cadrans).<\/span><\/li>\n<li class=\"Z1qcYe\" data-sfc-cp=\"\" data-sfc-root=\"c\" data-sfc-cb=\"\" data-hveid=\"CAEICRAB\" data-complete=\"true\" data-sae=\"\"><span class=\"T286Pc\" data-sfc-cp=\"\" data-sfc-root=\"c\" data-sfc-cb=\"\" data-complete=\"true\"><strong class=\"Yjhzub\" data-sfc-root=\"c\" data-sfc-cb=\"\" data-complete=\"true\">Conception Anti-Collision :<\/strong>\u00a0\u00c9quip\u00e9 d&rsquo;une gaine de protection en caoutchouc bleu pour r\u00e9sister aux chocs et chutes sur le terrain.<\/span><\/li>\n<li class=\"Z1qcYe\" data-sfc-cp=\"\" data-sfc-root=\"c\" data-sfc-cb=\"\" data-hveid=\"CAEICRAC\" data-complete=\"true\" data-sae=\"\"><span class=\"T286Pc\" data-sfc-cp=\"\" data-sfc-root=\"c\" data-sfc-cb=\"\" data-complete=\"true\"><strong class=\"Yjhzub\" data-sfc-root=\"c\" data-sfc-cb=\"\" data-complete=\"true\">Haute Pr\u00e9cision :<\/strong>\u00a0Manom\u00e8tres de classe 1.6 avec un large diam\u00e8tre de\u00a0<strong class=\"Yjhzub\" data-sfc-root=\"c\" data-sfc-cb=\"\" data-complete=\"true\">80 mm<\/strong>\u00a0pour une lecture facile et pr\u00e9cise.<\/span><\/li>\n<li class=\"Z1qcYe\" data-sfc-cp=\"\" data-sfc-root=\"c\" data-sfc-cb=\"\" data-hveid=\"CAEICRAD\" data-complete=\"true\" data-sae=\"\"><span class=\"T286Pc\" data-sfc-cp=\"\" data-sfc-root=\"c\" data-sfc-cb=\"\" data-complete=\"true\"><strong class=\"Yjhzub\" data-sfc-root=\"c\" data-sfc-cb=\"\" data-complete=\"true\">Vannes Robustes :<\/strong>\u00a0Robinets en m\u00e9tal avec indicateurs de couleur (Bleu\/Rouge) pour une manipulation fluide et sans fuites.<\/span><\/li>\n<li class=\"Z1qcYe\" data-sfc-cp=\"\" data-sfc-root=\"c\" data-sfc-cb=\"\" data-hveid=\"CAEICRAE\" data-complete=\"true\" data-sae=\"\"><span class=\"T286Pc\" data-sfc-cp=\"\" data-sfc-root=\"c\" data-sfc-cb=\"\" data-complete=\"true\" aria-owns=\"action-menu-parent-container\"><strong class=\"Yjhzub\" data-sfc-root=\"c\" data-sfc-cb=\"\" data-complete=\"true\">Complet :<\/strong>\u00a0Comprend un voyant de passage liquide central pour surveiller le flux de r\u00e9frig\u00e9rant.<\/span><\/li>\n<\/ul>\n<div class=\"n6owBd awi2gc\" data-sfc-cp=\"\" data-sfc-root=\"c\" data-sfc-cb=\"\" data-hveid=\"CAEIChAA\" data-complete=\"true\" data-processed=\"true\"><strong class=\"Yjhzub\" data-sfc-root=\"c\" data-sfc-cb=\"\" data-complete=\"true\" data-processed=\"true\">Inclus dans le pack :<\/strong><\/div>\n<ul class=\"KsbFXc U6u95\" data-sfc-root=\"c\" data-sfc-cb=\"\" data-complete=\"true\" data-processed=\"true\">\n<li class=\"Z1qcYe\" data-sfc-cp=\"\" data-sfc-root=\"c\" data-sfc-cb=\"\" data-hveid=\"CAEICxAA\" data-complete=\"true\" data-sae=\"\"><span class=\"T286Pc\" data-sfc-cp=\"\" data-sfc-root=\"c\" data-sfc-cb=\"\" data-complete=\"true\">Le manifold 2 voies VALUE.<\/span><\/li>\n<li class=\"Z1qcYe\" data-sfc-cp=\"\" data-sfc-root=\"c\" data-sfc-cb=\"\" data-hveid=\"CAEICxAB\" data-complete=\"true\" data-sae=\"\"><span class=\"T286Pc\" data-sfc-cp=\"\" data-sfc-root=\"c\" data-sfc-cb=\"\" data-complete=\"true\">Le crochet de suspension robuste.<\/span><\/li>\n<li class=\"Z1qcYe\" data-sfc-cp=\"\" data-sfc-root=\"c\" data-sfc-cb=\"\" data-hveid=\"CAEICxAC\" data-complete=\"true\" data-sae=\"\"><span class=\"T286Pc\" data-sfc-cp=\"\" data-sfc-root=\"c\" data-sfc-cb=\"\" data-complete=\"true\" aria-owns=\"action-menu-parent-container\">3 x\u00a0 flexibles avec.<\/span><\/li>\n<\/ul>\n","protected":false},"excerpt":{"rendered":"<p><strong>manifold professionnel \u00e0 2 voies, con\u00e7u pour la mesure de pression et la charge des syst\u00e8mes de climatisation et de r\u00e9frig\u00e9ration. C&rsquo;est un outil robuste, pr\u00e9cis et durable.<\/strong><\/p>\n","protected":false},"featured_media":804,"comment_status":"open","ping_status":"closed","template":"","meta":{"advanced_seo_description":"","jetpack_seo_html_title":"","jetpack_seo_noindex":false},"product_brand":[109],"product_cat":[57],"product_tag":[64,84,121,218,105,62,97,219,75,217],"class_list":{"0":"post-802","1":"product","2":"type-product","3":"status-publish","4":"has-post-thumbnail","6":"product_brand-value","7":"product_cat-outils-professionnel","8":"product_tag-hvac","9":"product_tag-maintenance-froid","10":"product_tag-manifold-2-voies","11":"product_tag-manometre-clim","12":"product_tag-outil-cvc","13":"product_tag-outillage-frigoriste","14":"product_tag-pompe-a-chaleur","15":"product_tag-r22","16":"product_tag-r410a","17":"product_tag-value-vmg-2-r22-b-02","19":"first","20":"instock","21":"taxable","22":"shipping-taxable","23":"purchasable","24":"product-type-simple"},"jetpack_sharing_enabled":true,"_links":{"self":[{"href":"https:\/\/etstoubal.com\/index.php\/wp-json\/wp\/v2\/product\/802","targetHints":{"allow":["GET"]}}],"collection":[{"href":"https:\/\/etstoubal.com\/index.php\/wp-json\/wp\/v2\/product"}],"about":[{"href":"https:\/\/etstoubal.com\/index.php\/wp-json\/wp\/v2\/types\/product"}],"replies":[{"embeddable":true,"href":"https:\/\/etstoubal.com\/index.php\/wp-json\/wp\/v2\/comments?post=802"}],"wp:featuredmedia":[{"embeddable":true,"href":"https:\/\/etstoubal.com\/index.php\/wp-json\/wp\/v2\/media\/804"}],"wp:attachment":[{"href":"https:\/\/etstoubal.com\/index.php\/wp-json\/wp\/v2\/media?parent=802"}],"wp:term":[{"taxonomy":"product_brand","embeddable":true,"href":"https:\/\/etstoubal.com\/index.php\/wp-json\/wp\/v2\/product_brand?post=802"},{"taxonomy":"product_cat","embeddable":true,"href":"https:\/\/etstoubal.com\/index.php\/wp-json\/wp\/v2\/product_cat?post=802"},{"taxonomy":"product_tag","embeddable":true,"href":"https:\/\/etstoubal.com\/index.php\/wp-json\/wp\/v2\/product_tag?post=802"}],"curies":[{"name":"wp","href":"https:\/\/api.w.org\/{rel}","templated":true}]}}