{"id":809,"date":"2026-04-28T18:11:04","date_gmt":"2026-04-28T16:11:04","guid":{"rendered":"https:\/\/etstoubal.com\/?post_type=product&#038;p=809"},"modified":"2026-04-28T18:58:59","modified_gmt":"2026-04-28T16:58:59","slug":"chalumeau-mapp-pro-jh-6st-allumage-piezo-brasage-fort-clim-frigo","status":"publish","type":"product","link":"https:\/\/etstoubal.com\/index.php\/produit\/chalumeau-mapp-pro-jh-6st-allumage-piezo-brasage-fort-clim-frigo\/","title":{"rendered":"Chalumeau MAPP PRO JH-6ST \u2013 Allumage Pi\u00e9zo (Brasage Fort Clim\/Frigo)"},"content":{"rendered":"<p><strong class=\"Yjhzub\" data-sfc-root=\"c\" data-sfc-cb=\"\" data-complete=\"true\" data-processed=\"true\">Mod\u00e8le :<\/strong>\u00a0JH-6ST (Qualit\u00e9 Professionnelle)<\/p>\n<div class=\"n6owBd awi2gc\" data-sfc-cp=\"\" data-sfc-root=\"c\" data-sfc-cb=\"\" data-hveid=\"CAEICRAA\" data-complete=\"true\" data-processed=\"true\"><strong class=\"Yjhzub\" data-sfc-root=\"c\" data-sfc-cb=\"\" data-complete=\"true\" data-processed=\"true\">Points forts :<\/strong><\/div>\n<ul class=\"KsbFXc U6u95\" data-sfc-root=\"c\" data-sfc-cb=\"\" data-processed=\"true\" data-complete=\"true\">\n<li class=\"Z1qcYe\" data-sfc-cp=\"\" data-sfc-root=\"c\" data-sfc-cb=\"\" data-hveid=\"CAEIChAA\" data-complete=\"true\" data-sae=\"\"><span class=\"T286Pc\" data-sfc-cp=\"\" data-sfc-root=\"c\" data-sfc-cb=\"\" data-complete=\"true\"><strong class=\"Yjhzub\" data-sfc-root=\"c\" data-sfc-cb=\"\" data-complete=\"true\">Allumage Automatique (Pi\u00e9zo) :<\/strong>\u00a0S&rsquo;allume instantan\u00e9ment d&rsquo;une seule pression, plus besoin de briquet.<\/span><\/li>\n<li class=\"Z1qcYe\" data-sfc-cp=\"\" data-sfc-root=\"c\" data-sfc-cb=\"\" data-hveid=\"CAEIChAB\" data-sae=\"\" data-complete=\"true\"><span class=\"T286Pc\" data-sfc-cp=\"\" data-sfc-root=\"c\" data-sfc-cb=\"\" data-complete=\"true\"><strong class=\"Yjhzub\" data-sfc-root=\"c\" data-sfc-cb=\"\" data-complete=\"true\">Flamme Turbo :<\/strong>\u00a0Design de buse optimis\u00e9 pour une temp\u00e9rature de flamme tr\u00e8s \u00e9lev\u00e9e (id\u00e9al pour le brasage \u00e0 l&rsquo;argent).<\/span><\/li>\n<li class=\"Z1qcYe\" data-sfc-cp=\"\" data-sfc-root=\"c\" data-sfc-cb=\"\" data-hveid=\"CAEIChAC\" data-complete=\"true\" data-processed=\"true\" data-sae=\"\"><span class=\"T286Pc\" data-sfc-cp=\"\" data-sfc-root=\"c\" data-sfc-cb=\"\" data-complete=\"true\"><strong class=\"Yjhzub\" data-sfc-root=\"c\" data-sfc-cb=\"\" data-complete=\"true\">Rotation 360\u00b0 :<\/strong>\u00a0Le tube du br\u00fbleur est orientable, permettant de souder facilement dans les endroits exigus ou sous les unit\u00e9s.<\/span><\/li>\n<li class=\"Z1qcYe\" data-sfc-cp=\"\" data-sfc-root=\"c\" data-sfc-cb=\"\" data-hveid=\"CAEIChAD\" data-complete=\"true\" data-processed=\"true\" data-sae=\"\"><span class=\"T286Pc\" data-sfc-cp=\"\" data-sfc-root=\"c\" data-sfc-cb=\"\" data-complete=\"true\"><strong class=\"Yjhzub\" data-sfc-root=\"c\" data-sfc-cb=\"\" data-complete=\"true\">Contr\u00f4le Pr\u00e9cis :<\/strong>\u00a0Molette de r\u00e9glage de flamme en laiton pour ajuster la puissance selon le diam\u00e8tre du tube.<\/span><\/li>\n<li class=\"Z1qcYe\" data-sfc-cp=\"\" data-sfc-root=\"c\" data-sfc-cb=\"\" data-hveid=\"CAEIChAE\" data-complete=\"true\" data-processed=\"true\" data-sae=\"\"><span class=\"T286Pc\" data-sfc-cp=\"\" data-sfc-root=\"c\" data-sfc-cb=\"\" data-complete=\"true\"><strong class=\"Yjhzub\" data-sfc-root=\"c\" data-sfc-cb=\"\" data-complete=\"true\">S\u00e9curit\u00e9 :<\/strong>\u00a0G\u00e2chette avec verrouillage de s\u00e9curit\u00e9 pour \u00e9viter les allumages accidentels.<\/span><\/li>\n<li class=\"Z1qcYe\" data-sfc-cp=\"\" data-sfc-root=\"c\" data-sfc-cb=\"\" data-hveid=\"CAEIChAF\" data-complete=\"true\" data-processed=\"true\" data-sae=\"\"><span class=\"T286Pc\" data-sfc-cp=\"\" data-sfc-root=\"c\" data-sfc-cb=\"\" data-complete=\"true\"><strong class=\"Yjhzub\" data-sfc-root=\"c\" data-sfc-cb=\"\" data-complete=\"true\">Robuste :<\/strong> Corps en aluminium inject\u00e9 et buse en acier inoxydable\/laiton pour une longue dur\u00e9e de vie.<\/span><\/li>\n<\/ul>\n<div class=\"n6owBd awi2gc\" data-sfc-cp=\"\" data-sfc-root=\"c\" data-sfc-cb=\"\" data-hveid=\"CAEICxAA\" data-complete=\"true\" data-processed=\"true\" aria-owns=\"action-menu-parent-container\"><strong class=\"Yjhzub\" data-sfc-root=\"c\" data-sfc-cb=\"\" data-complete=\"true\" data-processed=\"true\">Usage :<\/strong>\u00a0Brasage cuivre, soudure, d\u00e9givrage de tuyaux, brasage de climatisation et plomberie.<\/div>\n","protected":false},"excerpt":{"rendered":"<p>chalumeau haute performance pour gaz\u00a0<strong class=\"Yjhzub\" data-sfc-root=\"c\" data-sfc-cb=\"\" data-complete=\"true\" data-processed=\"true\">MAPP<\/strong>\u00a0ou\u00a0<strong class=\"Yjhzub\" data-sfc-root=\"c\" data-sfc-cb=\"\" data-complete=\"true\" data-processed=\"true\">Propane<\/strong>. C\u2019est l\u2019outil id\u00e9al pour les frigoristes et plombiers cherchant une chauffe rapide et puissante pour le brasage des tubes en cuivre.<\/p>\n","protected":false},"featured_media":815,"comment_status":"open","ping_status":"closed","template":"","meta":{"advanced_seo_description":"","jetpack_seo_html_title":"","jetpack_seo_noindex":false},"product_brand":[78],"product_cat":[57],"product_tag":[222,220,223,64,221,225,62,155,151,224],"class_list":{"0":"post-809","1":"product","2":"type-product","3":"status-publish","4":"has-post-thumbnail","6":"product_brand-eko","7":"product_cat-outils-professionnel","8":"product_tag-brasage-fort","9":"product_tag-chalumeau-mapp","10":"product_tag-gaz-mapp-pro","11":"product_tag-hvac","12":"product_tag-jh-6st","13":"product_tag-maintenance-clim","14":"product_tag-outillage-frigoriste","15":"product_tag-plomberie","16":"product_tag-soudure-cuivre","17":"product_tag-turbo-torch","19":"first","20":"instock","21":"taxable","22":"shipping-taxable","23":"purchasable","24":"product-type-simple"},"jetpack_sharing_enabled":true,"_links":{"self":[{"href":"https:\/\/etstoubal.com\/index.php\/wp-json\/wp\/v2\/product\/809","targetHints":{"allow":["GET"]}}],"collection":[{"href":"https:\/\/etstoubal.com\/index.php\/wp-json\/wp\/v2\/product"}],"about":[{"href":"https:\/\/etstoubal.com\/index.php\/wp-json\/wp\/v2\/types\/product"}],"replies":[{"embeddable":true,"href":"https:\/\/etstoubal.com\/index.php\/wp-json\/wp\/v2\/comments?post=809"}],"wp:featuredmedia":[{"embeddable":true,"href":"https:\/\/etstoubal.com\/index.php\/wp-json\/wp\/v2\/media\/815"}],"wp:attachment":[{"href":"https:\/\/etstoubal.com\/index.php\/wp-json\/wp\/v2\/media?parent=809"}],"wp:term":[{"taxonomy":"product_brand","embeddable":true,"href":"https:\/\/etstoubal.com\/index.php\/wp-json\/wp\/v2\/product_brand?post=809"},{"taxonomy":"product_cat","embeddable":true,"href":"https:\/\/etstoubal.com\/index.php\/wp-json\/wp\/v2\/product_cat?post=809"},{"taxonomy":"product_tag","embeddable":true,"href":"https:\/\/etstoubal.com\/index.php\/wp-json\/wp\/v2\/product_tag?post=809"}],"curies":[{"name":"wp","href":"https:\/\/api.w.org\/{rel}","templated":true}]}}