{"id":858,"date":"2026-05-02T13:19:12","date_gmt":"2026-05-02T11:19:12","guid":{"rendered":"https:\/\/etstoubal.com\/?post_type=product&#038;p=858"},"modified":"2026-05-02T13:19:12","modified_gmt":"2026-05-02T11:19:12","slug":"coffret-de-regulation-dixell-xlr170-controleur-avance-pour-chambres-froides","status":"publish","type":"product","link":"https:\/\/etstoubal.com\/index.php\/produit\/coffret-de-regulation-dixell-xlr170-controleur-avance-pour-chambres-froides\/","title":{"rendered":"Coffret de R\u00e9gulation Dixell XLR170 \u2013 Contr\u00f4leur Avanc\u00e9 pour Chambres Froides"},"content":{"rendered":"<div class=\"otQkpb\" role=\"heading\" aria-level=\"3\" data-animation-nesting=\"\" data-sfc-cp=\"\" data-sfc-root=\"c\" data-sfc-cb=\"\" data-complete=\"true\" data-processed=\"true\" data-sae=\"\" data-copy-service-computed-style=\"font-family: &quot;Google Sans&quot;, Arial, sans-serif; font-size: 20px; font-weight: 600; margin: 24px 0px 12px; text-decoration: none; border-bottom: 0px rgb(10, 10, 10);\"><strong>Points Forts (Pourquoi choisir le XLR170 ?) :<\/strong><!--TgQPHd|[]--><\/div>\n<ul class=\"KsbFXc U6u95\" data-sfc-root=\"c\" data-sfc-cb=\"\" data-complete=\"true\" data-processed=\"true\" data-copy-service-computed-style=\"font-family: &quot;Google Sans&quot;, Arial, sans-serif; font-size: 16px; font-weight: 400; margin: 12px 0px 16px; text-decoration: none; border-bottom: 0px rgb(10, 10, 10);\">\n<li class=\"Z1qcYe\" data-sfc-cp=\"\" data-sfc-root=\"c\" data-sfc-cb=\"\" data-hveid=\"CAEIBxAA\" data-complete=\"true\" data-sae=\"\" data-copy-service-computed-style=\"font-family: &quot;Google Sans&quot;, Arial, sans-serif; font-size: 16px; font-weight: 400; margin: 0px 0px 12px; text-decoration: none; border-bottom: 0px rgb(10, 10, 10);\"><span class=\"T286Pc\" data-sfc-cp=\"\" data-sfc-root=\"c\" data-sfc-cb=\"\" data-complete=\"true\" data-copy-service-computed-style=\"font-family: &quot;Google Sans&quot;, Arial, sans-serif; font-size: 16px; font-weight: 400; margin: 0px; text-decoration: none; border-bottom: 0px rgb(10, 10, 10);\"><strong class=\"Yjhzub\" data-sfc-root=\"c\" data-sfc-cb=\"\" data-complete=\"true\" data-copy-service-computed-style=\"font-family: &quot;Google Sans&quot;, Arial, sans-serif; font-size: 16px; font-weight: 600; margin: 0px; text-decoration: none; border-bottom: 0px rgb(10, 10, 10);\">Gestion Totale des Charges<!--TgQPHd|[]--><\/strong> : \u00c9quip\u00e9 de <strong class=\"Yjhzub\" data-sfc-root=\"c\" data-sfc-cb=\"\" data-complete=\"true\" data-copy-service-computed-style=\"font-family: &quot;Google Sans&quot;, Arial, sans-serif; font-size: 16px; font-weight: 600; margin: 0px; text-decoration: none; border-bottom: 0px rgb(10, 10, 10);\">6 sorties relais<!--TgQPHd|[]--><\/strong> pour piloter directement le compresseur, le d\u00e9givrage, les ventilateurs d&rsquo;\u00e9vaporateur, l&rsquo;alarme, la lumi\u00e8re et un auxiliaire.<!--TgQPHd|[]--><\/span><!--TgQPHd|[]--><\/li>\n<li class=\"Z1qcYe\" data-sfc-cp=\"\" data-sfc-root=\"c\" data-sfc-cb=\"\" data-hveid=\"CAEIBxAB\" data-complete=\"true\" data-sae=\"\" data-copy-service-computed-style=\"font-family: &quot;Google Sans&quot;, Arial, sans-serif; font-size: 16px; font-weight: 400; margin: 0px 0px 12px; text-decoration: none; border-bottom: 0px rgb(10, 10, 10);\"><span class=\"T286Pc\" data-sfc-cp=\"\" data-sfc-root=\"c\" data-sfc-cb=\"\" data-complete=\"true\" data-copy-service-computed-style=\"font-family: &quot;Google Sans&quot;, Arial, sans-serif; font-size: 16px; font-weight: 400; margin: 0px; text-decoration: none; border-bottom: 0px rgb(10, 10, 10);\"><strong class=\"Yjhzub\" data-sfc-root=\"c\" data-sfc-cb=\"\" data-complete=\"true\" data-copy-service-computed-style=\"font-family: &quot;Google Sans&quot;, Arial, sans-serif; font-size: 16px; font-weight: 600; margin: 0px; text-decoration: none; border-bottom: 0px rgb(10, 10, 10);\">D\u00e9givrage Haute Pr\u00e9cision<!--TgQPHd|[]--><\/strong> : G\u00e8re les d\u00e9givrages \u00e9lectriques ou par gaz chaud. L&rsquo;horloge en temps r\u00e9el (<strong class=\"Yjhzub\" data-sfc-root=\"c\" data-sfc-cb=\"\" data-complete=\"true\" data-copy-service-computed-style=\"font-family: &quot;Google Sans&quot;, Arial, sans-serif; font-size: 16px; font-weight: 600; margin: 0px; text-decoration: none; border-bottom: 0px rgb(10, 10, 10);\">RTC<!--TgQPHd|[]--><\/strong>) optionnelle permet de programmer jusqu&rsquo;\u00e0 8 cycles de d\u00e9givrage quotidiens.<!--TgQPHd|[]--><\/span><!--TgQPHd|[]--><\/li>\n<li class=\"Z1qcYe\" data-sfc-cp=\"\" data-sfc-root=\"c\" data-sfc-cb=\"\" data-hveid=\"CAEIBxAC\" data-complete=\"true\" data-sae=\"\" data-copy-service-computed-style=\"font-family: &quot;Google Sans&quot;, Arial, sans-serif; font-size: 16px; font-weight: 400; margin: 0px 0px 12px; text-decoration: none; border-bottom: 0px rgb(10, 10, 10);\"><span class=\"T286Pc\" data-sfc-cp=\"\" data-sfc-root=\"c\" data-sfc-cb=\"\" data-complete=\"true\" data-copy-service-computed-style=\"font-family: &quot;Google Sans&quot;, Arial, sans-serif; font-size: 16px; font-weight: 400; margin: 0px; text-decoration: none; border-bottom: 0px rgb(10, 10, 10);\"><strong class=\"Yjhzub\" data-sfc-root=\"c\" data-sfc-cb=\"\" data-complete=\"true\" data-copy-service-computed-style=\"font-family: &quot;Google Sans&quot;, Arial, sans-serif; font-size: 16px; font-weight: 600; margin: 0px; text-decoration: none; border-bottom: 0px rgb(10, 10, 10);\">Fonctions de S\u00e9curit\u00e9 Avanc\u00e9es<!--TgQPHd|[]--><\/strong> : Enregistrement des temp\u00e9ratures min\/max (<strong class=\"Yjhzub\" data-sfc-root=\"c\" data-sfc-cb=\"\" data-complete=\"true\" data-copy-service-computed-style=\"font-family: &quot;Google Sans&quot;, Arial, sans-serif; font-size: 16px; font-weight: 600; margin: 0px; text-decoration: none; border-bottom: 0px rgb(10, 10, 10);\">HACCP<!--TgQPHd|[]--><\/strong>) et alarme sonore int\u00e9gr\u00e9e (Buzzer) pour une protection optimale des marchandises.<!--TgQPHd|[]--><\/span><!--TgQPHd|[]--><\/li>\n<li class=\"Z1qcYe\" data-sfc-cp=\"\" data-sfc-root=\"c\" data-sfc-cb=\"\" data-hveid=\"CAEIBxAD\" data-complete=\"true\" data-sae=\"\" data-copy-service-computed-style=\"font-family: &quot;Google Sans&quot;, Arial, sans-serif; font-size: 16px; font-weight: 400; margin: 0px 0px 12px; text-decoration: none; border-bottom: 0px rgb(10, 10, 10);\"><span class=\"T286Pc\" data-sfc-cp=\"\" data-sfc-root=\"c\" data-sfc-cb=\"\" data-complete=\"true\" aria-owns=\"action-menu-parent-container\" data-copy-service-computed-style=\"font-family: &quot;Google Sans&quot;, Arial, sans-serif; font-size: 16px; font-weight: 400; margin: 0px; text-decoration: none; border-bottom: 0px rgb(10, 10, 10);\"><strong class=\"Yjhzub\" data-sfc-root=\"c\" data-sfc-cb=\"\" data-complete=\"true\" data-copy-service-computed-style=\"font-family: &quot;Google Sans&quot;, Arial, sans-serif; font-size: 16px; font-weight: 600; margin: 0px; text-decoration: none; border-bottom: 0px rgb(10, 10, 10);\">Installation Simplifi\u00e9e<!--TgQPHd|[]--><\/strong> : Grand \u00e9cran LED rouge haute lisibilit\u00e9 et format compact (230&#215;210 mm) facilitant le montage mural ou en fa\u00e7ade<\/span><\/li>\n<\/ul>\n<ul>\n<li class=\"Z1qcYe\" data-sfc-cp=\"\" data-sfc-root=\"c\" data-sfc-cb=\"\" data-hveid=\"CAEICRAA\" data-complete=\"true\" data-sae=\"\" data-copy-service-computed-style=\"font-family: &quot;Google Sans&quot;, Arial, sans-serif; font-size: 16px; font-weight: 400; margin: 0px 0px 12px; text-decoration: none; border-bottom: 0px rgb(10, 10, 10);\"><span class=\"T286Pc\" data-sfc-cp=\"\" data-sfc-root=\"c\" data-sfc-cb=\"\" data-complete=\"true\" data-copy-service-computed-style=\"font-family: &quot;Google Sans&quot;, Arial, sans-serif; font-size: 16px; font-weight: 400; margin: 0px; text-decoration: none; border-bottom: 0px rgb(10, 10, 10);\"><strong class=\"Yjhzub\" data-sfc-root=\"c\" data-sfc-cb=\"\" data-complete=\"true\" data-copy-service-computed-style=\"font-family: &quot;Google Sans&quot;, Arial, sans-serif; font-size: 16px; font-weight: 600; margin: 0px; text-decoration: none; border-bottom: 0px rgb(10, 10, 10);\">Relais Compresseur<!--TgQPHd|[]--><\/strong> : Puissant (jusqu&rsquo;\u00e0 20A) pour un d\u00e9marrage direct des compresseurs jusqu&rsquo;\u00e0 2 HP.<!--TgQPHd|[]--><\/span><!--TgQPHd|[]--><\/li>\n<li class=\"Z1qcYe\" data-sfc-cp=\"\" data-sfc-root=\"c\" data-sfc-cb=\"\" data-hveid=\"CAEICRAB\" data-complete=\"true\" data-sae=\"\" data-copy-service-computed-style=\"font-family: &quot;Google Sans&quot;, Arial, sans-serif; font-size: 16px; font-weight: 400; margin: 0px 0px 12px; text-decoration: none; border-bottom: 0px rgb(10, 10, 10);\"><span class=\"T286Pc\" data-sfc-cp=\"\" data-sfc-root=\"c\" data-sfc-cb=\"\" data-complete=\"true\" data-copy-service-computed-style=\"font-family: &quot;Google Sans&quot;, Arial, sans-serif; font-size: 16px; font-weight: 400; margin: 0px; text-decoration: none; border-bottom: 0px rgb(10, 10, 10);\"><strong class=\"Yjhzub\" data-sfc-root=\"c\" data-sfc-cb=\"\" data-complete=\"true\" data-copy-service-computed-style=\"font-family: &quot;Google Sans&quot;, Arial, sans-serif; font-size: 16px; font-weight: 600; margin: 0px; text-decoration: none; border-bottom: 0px rgb(10, 10, 10);\">Entr\u00e9es Sondes<!--TgQPHd|[]--><\/strong> : 3 entr\u00e9es configurables (NTC ou PTC) pour la temp\u00e9rature ambiante, la fin de d\u00e9givrage et l&rsquo;affichage.<!--TgQPHd|[]--><\/span><!--TgQPHd|[]--><\/li>\n<li class=\"Z1qcYe\" data-sfc-cp=\"\" data-sfc-root=\"c\" data-sfc-cb=\"\" data-hveid=\"CAEICRAC\" data-complete=\"true\" data-sae=\"\" data-copy-service-computed-style=\"font-family: &quot;Google Sans&quot;, Arial, sans-serif; font-size: 16px; font-weight: 400; margin: 0px 0px 12px; text-decoration: none; border-bottom: 0px rgb(10, 10, 10);\"><span class=\"T286Pc\" data-sfc-cp=\"\" data-sfc-root=\"c\" data-sfc-cb=\"\" data-complete=\"true\" data-copy-service-computed-style=\"font-family: &quot;Google Sans&quot;, Arial, sans-serif; font-size: 16px; font-weight: 400; margin: 0px; text-decoration: none; border-bottom: 0px rgb(10, 10, 10);\"><strong class=\"Yjhzub\" data-sfc-root=\"c\" data-sfc-cb=\"\" data-complete=\"true\" data-copy-service-computed-style=\"font-family: &quot;Google Sans&quot;, Arial, sans-serif; font-size: 16px; font-weight: 600; margin: 0px; text-decoration: none; border-bottom: 0px rgb(10, 10, 10);\">Entr\u00e9es Num\u00e9riques<!--TgQPHd|[]--><\/strong> : 2 entr\u00e9es (dont une pour le contact de porte).<!--TgQPHd|[]--><\/span><!--TgQPHd|[]--><\/li>\n<li class=\"Z1qcYe\" data-sfc-cp=\"\" data-sfc-root=\"c\" data-sfc-cb=\"\" data-hveid=\"CAEICRAD\" data-complete=\"true\" data-sae=\"\" data-copy-service-computed-style=\"font-family: &quot;Google Sans&quot;, Arial, sans-serif; font-size: 16px; font-weight: 400; margin: 0px 0px 12px; text-decoration: none; border-bottom: 0px rgb(10, 10, 10);\"><span class=\"T286Pc\" data-sfc-cp=\"\" data-sfc-root=\"c\" data-sfc-cb=\"\" data-complete=\"true\" data-copy-service-computed-style=\"font-family: &quot;Google Sans&quot;, Arial, sans-serif; font-size: 16px; font-weight: 400; margin: 0px; text-decoration: none; border-bottom: 0px rgb(10, 10, 10);\"><strong class=\"Yjhzub\" data-sfc-root=\"c\" data-sfc-cb=\"\" data-complete=\"true\" data-copy-service-computed-style=\"font-family: &quot;Google Sans&quot;, Arial, sans-serif; font-size: 16px; font-weight: 600; margin: 0px; text-decoration: none; border-bottom: 0px rgb(10, 10, 10);\">Connectivit\u00e9<!--TgQPHd|[]--><\/strong> : Compatible avec les syst\u00e8mes de supervision via sortie TTL\/RS485 (protocole ModBUS-RTU).<!--TgQPHd|[]--><\/span><!--TgQPHd|[]--><\/li>\n<li class=\"Z1qcYe\" data-sfc-cp=\"\" data-sfc-root=\"c\" data-sfc-cb=\"\" data-hveid=\"CAEICRAE\" data-complete=\"true\" data-sae=\"\" data-copy-service-computed-style=\"font-family: &quot;Google Sans&quot;, Arial, sans-serif; font-size: 16px; font-weight: 400; margin: 0px 0px 12px; text-decoration: none; border-bottom: 0px rgb(10, 10, 10);\"><span class=\"T286Pc\" data-sfc-cp=\"\" data-sfc-root=\"c\" data-sfc-cb=\"\" data-complete=\"true\" aria-owns=\"action-menu-parent-container\" data-copy-service-computed-style=\"font-family: &quot;Google Sans&quot;, Arial, sans-serif; font-size: 16px; font-weight: 400; margin: 0px; text-decoration: none; border-bottom: 0px rgb(10, 10, 10);\"><strong class=\"Yjhzub\" data-sfc-root=\"c\" data-sfc-cb=\"\" data-complete=\"true\" data-copy-service-computed-style=\"font-family: &quot;Google Sans&quot;, Arial, sans-serif; font-size: 16px; font-weight: 600; margin: 0px; text-decoration: none; border-bottom: 0px rgb(10, 10, 10);\">Alimentation<!--TgQPHd|[]--><\/strong> : 230V AC standard.<\/span><\/li>\n<\/ul>\n<p>&nbsp;<\/p>\n","protected":false},"excerpt":{"rendered":"<ul class=\"KsbFXc U6u95\" data-sfc-root=\"c\" data-sfc-cb=\"\" data-complete=\"true\" data-processed=\"true\" data-copy-service-computed-style=\"font-family: &quot;Google Sans&quot;, Arial, sans-serif; font-size: 16px; font-weight: 400; margin: 12px 0px 16px; text-decoration: none; border-bottom: 0px rgb(10, 10, 10);\">\n<li class=\"Z1qcYe\" data-sfc-cp=\"\" data-sfc-root=\"c\" data-sfc-cb=\"\" data-hveid=\"CAEIBRAB\" data-complete=\"true\" data-sae=\"\" data-copy-service-computed-style=\"font-family: &quot;Google Sans&quot;, Arial, sans-serif; font-size: 16px; font-weight: 400; margin: 0px 0px 12px; text-decoration: none; border-bottom: 0px rgb(10, 10, 10);\"><span class=\"T286Pc\" data-sfc-cp=\"\" data-sfc-root=\"c\" data-sfc-cb=\"\" data-complete=\"true\" data-copy-service-computed-style=\"font-family: &quot;Google Sans&quot;, Arial, sans-serif; font-size: 16px; font-weight: 400; margin: 0px; text-decoration: none; border-bottom: 0px rgb(10, 10, 10);\"><strong> Le \u00ab\u00a0cerveau\u00a0\u00bb tout-en-un pour la gestion compl\u00e8te de vos cellules frigorifiques positives ou n\u00e9gatives.<\/strong><!--TgQPHd|[]--><\/span><!--TgQPHd|[]--><\/li>\n<p><!--TgQPHd|[]--><\/ul>\n<div class=\"Fsg96\" data-sfc-cp=\"\" data-sfc-root=\"c\" data-sfc-cb=\"\" data-complete=\"true\" data-processed=\"true\" data-copy-service-computed-style=\"font-family: &quot;Google Sans&quot;, Arial, sans-serif; font-size: 14px; font-weight: 400; margin: 0px; text-decoration: none; border-bottom: 0px rgb(10, 10, 10);\"><!--TgQPHd|[]--><\/div>\n<div class=\"otQkpb\" role=\"heading\" aria-level=\"3\" data-animation-nesting=\"\" data-sfc-cp=\"\" data-sfc-root=\"c\" data-sfc-cb=\"\" data-complete=\"true\" data-processed=\"true\" data-sae=\"\" aria-owns=\"action-menu-parent-container\" data-copy-service-computed-style=\"font-family: &quot;Google Sans&quot;, Arial, sans-serif; font-size: 20px; font-weight: 600; margin: 24px 0px 12px; text-decoration: none; border-bottom: 0px rgb(10, 10, 10);\"><\/div>\n","protected":false},"featured_media":862,"comment_status":"open","ping_status":"closed","template":"","meta":{"advanced_seo_description":"","jetpack_seo_html_title":"","jetpack_seo_noindex":false},"product_brand":[173],"product_cat":[56],"product_tag":[248,106,170,247,115,108,114,100,84,98],"class_list":{"0":"post-858","1":"product","2":"type-product","3":"status-publish","4":"has-post-thumbnail","6":"product_brand-dixell","7":"product_cat-thermoregulateur-et-thermostat","8":"product_tag-chambre-froide","9":"product_tag-depannage-froid","10":"product_tag-dixell","11":"product_tag-dixell-xlr-170","12":"product_tag-frigo","13":"product_tag-frigoriste","14":"product_tag-froid-commercial","15":"product_tag-froid-et-climatisation","16":"product_tag-maintenance-froid","17":"product_tag-maintenance-hvac","19":"first","20":"instock","21":"taxable","22":"shipping-taxable","23":"purchasable","24":"product-type-simple"},"jetpack_sharing_enabled":true,"_links":{"self":[{"href":"https:\/\/etstoubal.com\/index.php\/wp-json\/wp\/v2\/product\/858","targetHints":{"allow":["GET"]}}],"collection":[{"href":"https:\/\/etstoubal.com\/index.php\/wp-json\/wp\/v2\/product"}],"about":[{"href":"https:\/\/etstoubal.com\/index.php\/wp-json\/wp\/v2\/types\/product"}],"replies":[{"embeddable":true,"href":"https:\/\/etstoubal.com\/index.php\/wp-json\/wp\/v2\/comments?post=858"}],"wp:featuredmedia":[{"embeddable":true,"href":"https:\/\/etstoubal.com\/index.php\/wp-json\/wp\/v2\/media\/862"}],"wp:attachment":[{"href":"https:\/\/etstoubal.com\/index.php\/wp-json\/wp\/v2\/media?parent=858"}],"wp:term":[{"taxonomy":"product_brand","embeddable":true,"href":"https:\/\/etstoubal.com\/index.php\/wp-json\/wp\/v2\/product_brand?post=858"},{"taxonomy":"product_cat","embeddable":true,"href":"https:\/\/etstoubal.com\/index.php\/wp-json\/wp\/v2\/product_cat?post=858"},{"taxonomy":"product_tag","embeddable":true,"href":"https:\/\/etstoubal.com\/index.php\/wp-json\/wp\/v2\/product_tag?post=858"}],"curies":[{"name":"wp","href":"https:\/\/api.w.org\/{rel}","templated":true}]}}