{"id":900,"date":"2026-05-03T14:24:32","date_gmt":"2026-05-03T12:24:32","guid":{"rendered":"https:\/\/etstoubal.com\/?post_type=product&#038;p=900"},"modified":"2026-05-03T14:24:32","modified_gmt":"2026-05-03T12:24:32","slug":"carte-electronique-arcelik-beko-penta-g15_b03-module-de-puissance","status":"publish","type":"product","link":"https:\/\/etstoubal.com\/index.php\/produit\/carte-electronique-arcelik-beko-penta-g15_b03-module-de-puissance\/","title":{"rendered":"Carte \u00c9lectronique Arcelik \/ Beko PENTA G15_B03 \u2013 Module de Puissance"},"content":{"rendered":"","protected":false},"excerpt":{"rendered":"<p><em><strong>Pi\u00e8ce de rechange d&rsquo;origine pour r\u00e9tablir l&rsquo;alimentation et le cycle de refroidissement de votre r\u00e9frig\u00e9rateur.<\/strong><\/em><\/p>\n","protected":false},"featured_media":901,"comment_status":"open","ping_status":"closed","template":"","meta":{"advanced_seo_description":"","jetpack_seo_html_title":"","jetpack_seo_noindex":false},"product_brand":[254],"product_cat":[175],"product_tag":[255,256],"class_list":{"0":"post-900","1":"product","2":"type-product","3":"status-publish","4":"has-post-thumbnail","6":"product_brand-beko","7":"product_cat-refrigerateur","8":"product_tag-beko","9":"product_tag-carte-mere-beko","11":"first","12":"instock","13":"taxable","14":"shipping-taxable","15":"purchasable","16":"product-type-simple"},"jetpack_sharing_enabled":true,"_links":{"self":[{"href":"https:\/\/etstoubal.com\/index.php\/wp-json\/wp\/v2\/product\/900","targetHints":{"allow":["GET"]}}],"collection":[{"href":"https:\/\/etstoubal.com\/index.php\/wp-json\/wp\/v2\/product"}],"about":[{"href":"https:\/\/etstoubal.com\/index.php\/wp-json\/wp\/v2\/types\/product"}],"replies":[{"embeddable":true,"href":"https:\/\/etstoubal.com\/index.php\/wp-json\/wp\/v2\/comments?post=900"}],"wp:featuredmedia":[{"embeddable":true,"href":"https:\/\/etstoubal.com\/index.php\/wp-json\/wp\/v2\/media\/901"}],"wp:attachment":[{"href":"https:\/\/etstoubal.com\/index.php\/wp-json\/wp\/v2\/media?parent=900"}],"wp:term":[{"taxonomy":"product_brand","embeddable":true,"href":"https:\/\/etstoubal.com\/index.php\/wp-json\/wp\/v2\/product_brand?post=900"},{"taxonomy":"product_cat","embeddable":true,"href":"https:\/\/etstoubal.com\/index.php\/wp-json\/wp\/v2\/product_cat?post=900"},{"taxonomy":"product_tag","embeddable":true,"href":"https:\/\/etstoubal.com\/index.php\/wp-json\/wp\/v2\/product_tag?post=900"}],"curies":[{"name":"wp","href":"https:\/\/api.w.org\/{rel}","templated":true}]}}