{"id":907,"date":"2026-05-03T14:46:27","date_gmt":"2026-05-03T12:46:27","guid":{"rendered":"https:\/\/etstoubal.com\/?post_type=product&#038;p=907"},"modified":"2026-05-03T14:46:27","modified_gmt":"2026-05-03T12:46:27","slug":"carte-electronique-de-commande-cristor-modele-922-0160716","status":"publish","type":"product","link":"https:\/\/etstoubal.com\/index.php\/produit\/carte-electronique-de-commande-cristor-modele-922-0160716\/","title":{"rendered":"Carte \u00c9lectronique de Commande CRISTOR \u2013 Mod\u00e8le 922 0160716"},"content":{"rendered":"","protected":false},"excerpt":{"rendered":"<p><em><strong>Module de gestion robuste pour compresseur, con\u00e7u pour une r\u00e9gulation thermique pr\u00e9cise de votre r\u00e9frig\u00e9rateur.<\/strong><\/em><\/p>\n","protected":false},"featured_media":908,"comment_status":"open","ping_status":"closed","template":"","meta":{"advanced_seo_description":"","jetpack_seo_html_title":"","jetpack_seo_noindex":false},"product_brand":[257],"product_cat":[175],"product_tag":[],"class_list":{"0":"post-907","1":"product","2":"type-product","3":"status-publish","4":"has-post-thumbnail","6":"product_brand-cristor","7":"product_cat-refrigerateur","9":"first","10":"instock","11":"taxable","12":"shipping-taxable","13":"purchasable","14":"product-type-simple"},"jetpack_sharing_enabled":true,"_links":{"self":[{"href":"https:\/\/etstoubal.com\/index.php\/wp-json\/wp\/v2\/product\/907","targetHints":{"allow":["GET"]}}],"collection":[{"href":"https:\/\/etstoubal.com\/index.php\/wp-json\/wp\/v2\/product"}],"about":[{"href":"https:\/\/etstoubal.com\/index.php\/wp-json\/wp\/v2\/types\/product"}],"replies":[{"embeddable":true,"href":"https:\/\/etstoubal.com\/index.php\/wp-json\/wp\/v2\/comments?post=907"}],"wp:featuredmedia":[{"embeddable":true,"href":"https:\/\/etstoubal.com\/index.php\/wp-json\/wp\/v2\/media\/908"}],"wp:attachment":[{"href":"https:\/\/etstoubal.com\/index.php\/wp-json\/wp\/v2\/media?parent=907"}],"wp:term":[{"taxonomy":"product_brand","embeddable":true,"href":"https:\/\/etstoubal.com\/index.php\/wp-json\/wp\/v2\/product_brand?post=907"},{"taxonomy":"product_cat","embeddable":true,"href":"https:\/\/etstoubal.com\/index.php\/wp-json\/wp\/v2\/product_cat?post=907"},{"taxonomy":"product_tag","embeddable":true,"href":"https:\/\/etstoubal.com\/index.php\/wp-json\/wp\/v2\/product_tag?post=907"}],"curies":[{"name":"wp","href":"https:\/\/api.w.org\/{rel}","templated":true}]}}